{"id":1330,"date":"2014-06-17T11:19:36","date_gmt":"2014-06-17T09:19:36","guid":{"rendered":"http:\/\/www.teucher-marcel.de\/?page_id=1330"},"modified":"2014-07-09T08:19:48","modified_gmt":"2014-07-09T08:19:48","slug":"extrem-enduro-em-pietra-neamt-19-22-06-2014","status":"publish","type":"page","link":"https:\/\/teucher-marcel.de\/?page_id=1330","title":{"rendered":"Extrem Enduro EM Pietra Neamt 19.-22.06.2014"},"content":{"rendered":"<div id=\"dslc-main\">\n\t\t<div  class=\"dslc-modules-section \" style=\"background-color:rgb(0, 0, 0);background-image:url(https:\/\/teucher-marcel.de\/wp-content\/uploads\/2016\/07\/IMG_7930.jpg);background-repeat:no-repeat;background-position:center center;background-attachment:fixed;background-size:cover;\" data-section-id=\"\">\n\t\t\t\t<div class=\"dslc-bg-video dslc-force-show\"><div class=\"dslc-bg-video-overlay\" style=\"background-color:#000000; opacity:0.7; \"><\/div><\/div>\n\t\t\t\t\n\t\t\t\t<div class=\"dslc-modules-section-wrapper dslc-clearfix\"> <div class=\"dslc-modules-area dslc-col dslc-12-col dslc-last-col\" data-size=\"12\" data-valign=\"\">\n\t\t<div id=\"dslc-module-355\" class=\"dslc-module-front dslc-module-DSLC_TP_Title dslc-in-viewport-check dslc-in-viewport-anim-none  dslc-col dslc-12-col  dslc-module-handle-like-regular \" data-module-id=\"355\" data-module=\"DSLC_TP_Title\" data-dslc-module-size=\"12\" data-dslc-anim=\"none\" data-dslc-anim-delay=\"0\" data-dslc-anim-duration=\"650\"  data-dslc-anim-easing=\"ease\" data-dslc-preset=\"none\" >\n\n\t\t\t\n\t\t\t\n\t\t\r\n\t\t\t\t<div class=\"dslc-tp-title\"><h1>Extrem Enduro EM Pietra Neamt 19.-22.06.2014<\/h1><\/div>\r\n\r\n\t\t\t\n\t\t\t\t<\/div><!-- .dslc-module -->\n\t\t<\/div> <div class=\"dslc-modules-area dslc-col dslc-12-col dslc-last-col\" data-size=\"12\" data-valign=\"\">\n\t\t<div id=\"dslc-module-356\" class=\"dslc-module-front dslc-module-DSLC_Text_Simple dslc-in-viewport-check dslc-in-viewport-anim-dslcFadeIn  dslc-col dslc-12-col  dslc-module-handle-like-regular \" data-module-id=\"356\" data-module=\"DSLC_Text_Simple\" data-dslc-module-size=\"12\" data-dslc-anim=\"dslcFadeIn\" data-dslc-anim-delay=\"1000\" data-dslc-anim-duration=\"3000\"  data-dslc-anim-easing=\"linear\" data-dslc-preset=\"none\" >\n\n\t\t\t\n\t\t\t\n\t\t\r\n\t\t<div class=\"dslc-text-module-content\">\r\n\t\t\t<p style=\"text-align: justify;\"><span style=\"color: #ffffff;\"><a href=\"http:\/\/teucher-marcel.de\/wp-content\/uploads\/2014\/06\/LivePietraNeamt.jpg\"><span style=\"color: #ffffff;\"><img width=\"700\" height=\"320\" class=\"aligncenter size-full wp-image-1331\" alt=\"LivePietraNeamt\" src=\"http:\/\/teucher-marcel.de\/wp-content\/uploads\/2014\/06\/LivePietraNeamt.jpg\"><\/span><\/a><\/span><\/p><p style=\"text-align: justify;\"><span style=\"color: #ffffff;\"><strong>04.07.2014 - 9.45 Uhr ( Video Day 2 )<\/strong><\/span><\/p><p style=\"text-align: justify;\"><span style=\"color: #ffffff;\"><iframe width=\"700\" height=\"360\" src=\"\/\/player.vimeo.com\/video\/99856812\" frameborder=\"0\" allowfullscreen=\"allowfullscreen\"><\/iframe><\/span><\/p><p style=\"text-align: justify;\"><span style=\"color: #ffffff;\"><a href=\"http:\/\/vimeo.com\/99856812\"><span style=\"color: #ffffff;\">Hard Enduro Piatra Neamt - 2nd Round Extreme Enduro EM - Day 2<\/span><\/a> from <a href=\"http:\/\/vimeo.com\/user22616532\"><span style=\"color: #ffffff;\">Enduro.de<\/span><\/a> on <a href=\"https:\/\/vimeo.com\"><span style=\"color: #ffffff;\">Vimeo<\/span><\/a>.<\/span><\/p><p style=\"text-align: justify;\"><span style=\"color: #ffffff;\"><strong>27.06.2014 - 9.30 Uhr ( Video Day 1 )<\/strong><\/span><\/p><p style=\"text-align: justify;\"><span style=\"color: #ffffff;\"><iframe width=\"700\" height=\"360\" src=\"\/\/player.vimeo.com\/video\/99228433\" frameborder=\"0\" allowfullscreen=\"allowfullscreen\"><\/iframe><\/span><\/p><p style=\"text-align: justify;\"><span style=\"color: #ffffff;\"><a href=\"http:\/\/vimeo.com\/99228433\"><span style=\"color: #ffffff;\">Hard Enduro Piatra Neamt - 2nd Round Extreme Enduro EM - Day 1<\/span><\/a> from <a href=\"http:\/\/vimeo.com\/user22616532\"><span style=\"color: #ffffff;\">Enduro.de<\/span><\/a> on <a href=\"https:\/\/vimeo.com\"><span style=\"color: #ffffff;\">Vimeo<\/span><\/a>.<\/span><\/p><p style=\"text-align: justify;\"><span style=\"color: #ffffff;\"><strong>25.06.2014 - 9.15 Uhr ( Video Prolog )<\/strong><\/span><\/p><p style=\"text-align: justify;\"><span style=\"color: #ffffff;\"><iframe width=\"700\" height=\"360\" src=\"\/\/player.vimeo.com\/video\/99065094\" frameborder=\"0\" allowfullscreen=\"allowfullscreen\"><\/iframe><\/span><\/p><p style=\"text-align: justify;\"><span style=\"color: #ffffff;\"><a href=\"http:\/\/vimeo.com\/99065094\"><span style=\"color: #ffffff;\">Hard Enduro Piatra Neamt - 2nd Round Extreme Enduro EM - Prolog<\/span><\/a> from <a href=\"http:\/\/vimeo.com\/user22616532\"><span style=\"color: #ffffff;\">Enduro.de<\/span><\/a> on <a href=\"https:\/\/vimeo.com\"><span style=\"color: #ffffff;\">Vimeo<\/span><\/a>.<\/span><\/p><p style=\"text-align: justify;\"><span style=\"color: #ffffff;\"><strong>24.06.2014 - 17.30 Uhr ( Fotogalerie )<\/strong><\/span><\/p><p style=\"text-align: justify;\"><span style=\"color: #ffffff;\">ngg_shortcode_1_placeholder<\/span><\/p><p style=\"text-align: justify;\"><span style=\"color: #ffffff;\"><strong>24.06.2014 - 13.45 Uhr<\/strong><\/span><\/p><p style=\"text-align: justify;\"><span style=\"color: #ffffff;\">happy about my 15th place in the pro class, thanks to all my sponsors and friends who supported me so well this weekend, loved it. it was a great trip see you all at the @redbull romaniacs<\/span><\/p><p style=\"text-align: justify;\"><span style=\"color: #ffffff;\"><img width=\"700\" height=\"418\" class=\"alignnone\" alt=\"\" src=\"http:\/\/enduroteam7.de\/wp-content\/uploads\/2014\/06\/AbschlussHEPN.jpg\"><\/span><\/p><p style=\"text-align: justify;\"><span style=\"color: #ffffff;\"><strong>22.06.2014 - 22.30 Uhr<\/strong><\/span><\/p><p style=\"text-align: justify;\"><span style=\"color: #ffffff;\">Heute durfte ich von Position 20 aus direkt hinter Eddie ins Rennen gehen. Kein Regen, Sonne und warm. Beste Endurobedingungen. Bestens motiviert und hei\u00df auf die rum\u00e4nischen W\u00e4lder pushte ich von Beginn an und sah kurz nach CP1 Eddie und wollte gern vorbei. Doch im Bachbettausgang erwischten wir beide eine schlechte Spur. Eddie schaffte es eher raus und konnte sich wieder absetzen. Am ersten knackigen Berg sah ich Ihn wieder. Ich musste im Zick Zack den Berg raufklettern. Ab CP3 hatte ich Eddie im Visir. Im Motocrosstempo feilten wir durch die W\u00e4lder. Ich hatte endlich richtig Spa\u00df am fahren. Wir wechselten st\u00e4ndig die Positionen und pushten uns gegenseitig richtig am Kabel zu ziehen. Richtig geil. Doch im letzten wahnsinns Bachbett bergauf patze er und ich konnte ein paar Meter gutmachen und mich jetzt absetzen. Doch ich \u00fcberheizte mein K\u00fchlwasser und mein Mopped klang von Kilometer zu Kilometer schlechter. Kurz vor dem Ziel zog ich die Notbremse und machte eine lange Zwangspause. Ich hielt einige Expert Fahrer an um nach Wasser zu fragen. Zum Gl\u00fcck hatte einer noch Wasser im Trinkrucksack. Nach der Erfrischung f\u00fcr mein Moppo konnte ich die restlichen Kilometer ins Ziel fahren. Ich bin heute mit meiner Leistung zufrieden und wei\u00df woran ich arbeiten muss. Danke auch an Holger f\u00fcr seine motivierenden Worte Ergebnisse gibt es bis jetzt noch keine. Wir sind auf dem Heimweg und haben noch 1100km zu fahren. In diesem Sinne Ride On<\/span><\/p><p style=\"text-align: justify;\"><span style=\"color: #ffffff;\"><strong>21.06.2014 - 23.00 Uhr<\/strong><\/span><\/p><p style=\"text-align: justify;\"><span style=\"color: #ffffff;\">In den Offroad Day 1 starteten wir mit Dauerregen. Die ersten Kilometer war der Track eher einfach. Trotzdem patzte ich an einer kleinen Auffahrt und musste die letzten Meter Schieben und verlor enorm viel Kraft. Danach lief es etwas besser und ich konnte auf die Fahrer die mich \u00fcberholten wieder aufschlie\u00dfen. Der Regen machte die langen Downhills f\u00fcr mich sehr anstrengend. Ich fand die ganze Zeit keinen Rythmus und machte viele dumme Fahrfehler. Einer kostete mich richtig Zeit. Ein Stein riss mir drei Speichen aus und diese verkeilten sich im Bremssattel. Folge war ein nicht mehr drehendes Rad. Ich kniffelte mit der Zange eine raus. Dann fuhr ich endlich weiter das lange Bachbett rauf. Doch die Kr\u00e4fte schwanden und damit meine Motivation. Ich schloss gegen Ende erneut auf Eddi und Dirk Grocholski auf. Und konnte wieder vorbeigehen. Unterm Strich war ich einfach zu langsam und zu unsicher. Morgen muss es besser werden. In diesem Sinne. Gute Nacht<i><\/i><\/span><\/p><p style=\"text-align: justify;\"><span style=\"color: #ffffff;\"><img width=\"700\" height=\"467\" class=\"aligncenter\" alt=\"\" src=\"http:\/\/enduroteam7.de\/wp-content\/uploads\/2014\/06\/IMG_8421.jpg\"><\/span><\/p><p style=\"text-align: justify;\"><span style=\"color: #ffffff;\"><strong>20.06.2014 - 23.30 Uhr<\/strong><\/span><\/p><p style=\"text-align: justify;\"><span style=\"color: #ffffff;\"><img width=\"700\" height=\"467\" class=\"aligncenter\" alt=\"\" src=\"http:\/\/enduroteam7.de\/wp-content\/uploads\/2014\/06\/IMG_8071.jpg\"><\/span><\/p><p style=\"text-align: justify;\"><span style=\"color: #ffffff;\">Der Prolog zum zweiten Extrem-EM-Lauf in Piatra Neamt lief super f\u00fcr mich. Um nichts zu riskieren und Pl\u00e4tze zu verschenken fuhr ich mit \"kontrolliertem\" Risiko und machte kaum Fehler.<\/span><\/p><p style=\"text-align: justify;\"><span style=\"color: #ffffff;\"><img width=\"700\" height=\"467\" class=\"aligncenter\" alt=\"\" src=\"http:\/\/enduroteam7.de\/wp-content\/uploads\/2014\/06\/IMG_8076.jpg\"><\/span><\/p><p style=\"text-align: justify;\"><span style=\"color: #ffffff;\">Der Speed reichte f\u00fcr Platz 12 im 28 Fahrer starken Profifahrerfeld. Gewonnen hat Jonny vor Graham und Bolts. Felix machte ein paar Patzer und landete auf Platz 22.<\/span><\/p><p style=\"text-align: justify;\"><span style=\"color: #ffffff;\">Der abendliche Regen hat sicher die ohnehin schon als heftig angek\u00fcndigte Strecke noch einen zacken sch\u00e4rfer gemacht. Morgen ab um Neun geht es in edelstes Endurogel\u00e4nde in den Rum\u00e4nischen Bergen. Dr\u00fcckt den anderen deutschen und mir die Daumen. Wir geben alles Peace and out<\/span><\/p><p style=\"text-align: justify;\"><span style=\"color: #ffffff;\"><img width=\"700\" height=\"467\" class=\"aligncenter\" alt=\"\" src=\"http:\/\/enduroteam7.de\/wp-content\/uploads\/2014\/06\/IMG_7998.jpg\"><\/span><\/p><p style=\"text-align: justify;\"><span style=\"color: #ffffff;\"><strong>17.06.2014 - 16.30 Uhr<\/strong><\/span><\/p><p style=\"text-align: justify;\"><span style=\"color: #ffffff;\">Drei Wochen nach dem Erzbergrodeo folgen heute die letzten Vorbereitungen f\u00fcr den 2. Lauf zur Extrem Enduro EM in Pietra Neamt in Rum\u00e4nien. Diesmal geht es weit in den Osten des Landes. Ich kenne die Region aus der Saison 2011. Unweit von Pietra Neamt fand damals ein Lauf zur klassischen Enduro Europameisterschaft statt. Mein Ziel ist es in die Top10 zu fahren und Punkte zu sammeln. Ich m\u00f6chte meinen achten Platz in der Tabelle verteidigen. Diesmal wird es noch schwerer wie in England. Mit David Knight, Graham Jarvis, Paul Bolton und den Erzbergrodeo Sieger Jonny Walker sind die ganz gro\u00dfen Namen am Start. Der Modus sollte mir aber etwas mehr entgegen kommen wie in England. Im Style der gro\u00dfen anderen Extremenduros folgen nach dem Prolog am Freitag zwei Fahrtage in Bergen von Pietra Neamt. Der erste ist mit 70km angegeben und der zweite mit 50km. Das klingt nach einigen heftigen Abschnitten :) aber ich freue mich rie\u00dfig auf den Trip nach Rum\u00e4nien.<\/span><\/p><p style=\"text-align: justify;\"><span style=\"color: #ffffff;\">Die Anfahrt haben wir am Mittwoch Abend geplant. Im \u201eRedBull Romaniacs Sprinter\u201c geht es zusammen mit Felix Br\u00e4uer, Eddie Findling, Kevin Helbig und unseren Foto und Mediamann Denis G\u00fcnther auf die 1400km lange Reise.<\/span><\/p><p style=\"text-align: justify;\"><span style=\"color: #ffffff;\">Ich werde euch hier auf der Seite in den kommenden Tagen mit Updates versorgen. Dies war auch schon am Erzberg geplant, dort hat uns aber die schlechte Internetverbindung einen Streich gespielt.<\/span><\/p><p style=\"text-align: justify;\"><span style=\"color: #ffffff;\">Also Jungs und M\u00e4dels, stay tuned ;)<\/span><\/p>\t\t<\/div>\r\n\r\n\t\t\n\t\t\t\t<\/div><!-- .dslc-module -->\n\t\t<\/div> <\/div><\/div> \n\t\t<div  class=\"dslc-modules-section \" style=\"padding-bottom:21px;padding-top:21px;\" data-section-id=\"\">\n\t\t\t\t\n\t\t\t\t\n\t\t\t\t<div class=\"dslc-modules-section-wrapper dslc-clearfix\"> <div class=\"dslc-modules-area dslc-col dslc-12-col dslc-last-col\" data-size=\"12\" data-valign=\"\">\n\t\t<div id=\"dslc-module-357\" class=\"dslc-module-front dslc-module-DSLC_Navigation dslc-in-viewport-check dslc-in-viewport-anim-none  dslc-col dslc-12-col  dslc-module-handle-like-regular \" data-module-id=\"357\" data-module=\"DSLC_Navigation\" data-dslc-module-size=\"12\" data-dslc-anim=\"none\" data-dslc-anim-delay=\"0\" data-dslc-anim-duration=\"650\"  data-dslc-anim-easing=\"default\" data-dslc-preset=\"none\" >\n\n\t\t\t\n\t\t\t\n\t\t\t\t\t<div class=\"dslc-navigation dslc-navigation-sub-position-default dslc-navigation-res-t-disabled dslc-navigation-res-p-disabled dslc-navigation-orientation-horizontal\">\r\n\t\t\t\t<div class=\"dslc-navigation-inner\">\r\n\t\t\t\t\t<div class=\"menu-2-container\"><ul id=\"menu-3\" class=\"menu\"><li class=\"menu-item menu-item-type-custom menu-item-object-custom menu-item-home menu-item-5379\"><a href=\"http:\/\/teucher-marcel.de\">Home<\/a><\/li>\n<li class=\"menu-item menu-item-type-post_type menu-item-object-page menu-item-has-children menu-item-5380\"><a href=\"https:\/\/teucher-marcel.de\/?page_id=183\">News<\/a>\n<ul class=\"sub-menu\">\n\t<li class=\"menu-item menu-item-type-post_type menu-item-object-page menu-item-7382\"><a href=\"https:\/\/teucher-marcel.de\/?page_id=7378\">News 2026<\/a><\/li>\n\t<li class=\"menu-item menu-item-type-post_type menu-item-object-page menu-item-7321\"><a href=\"https:\/\/teucher-marcel.de\/?page_id=7319\">News 2025<\/a><\/li>\n\t<li class=\"menu-item menu-item-type-post_type menu-item-object-page menu-item-7228\"><a href=\"https:\/\/teucher-marcel.de\/?page_id=7225\">News 2024<\/a><\/li>\n\t<li class=\"menu-item menu-item-type-post_type menu-item-object-page menu-item-7189\"><a href=\"https:\/\/teucher-marcel.de\/?page_id=7175\">News 2022<\/a><\/li>\n\t<li class=\"menu-item menu-item-type-post_type menu-item-object-page menu-item-7155\"><a href=\"https:\/\/teucher-marcel.de\/?page_id=7153\">News 2021<\/a><\/li>\n\t<li class=\"menu-item menu-item-type-post_type menu-item-object-page menu-item-7047\"><a href=\"https:\/\/teucher-marcel.de\/?page_id=7044\">News 2020<\/a><\/li>\n\t<li class=\"menu-item menu-item-type-post_type menu-item-object-page menu-item-6826\"><a href=\"https:\/\/teucher-marcel.de\/?page_id=6824\">News 2019<\/a><\/li>\n\t<li class=\"menu-item menu-item-type-post_type menu-item-object-page menu-item-6388\"><a href=\"https:\/\/teucher-marcel.de\/?page_id=6363\">News  2018<\/a><\/li>\n\t<li class=\"menu-item menu-item-type-post_type menu-item-object-page menu-item-5909\"><a href=\"https:\/\/teucher-marcel.de\/?page_id=5907\">News 2017<\/a><\/li>\n\t<li class=\"menu-item menu-item-type-post_type menu-item-object-page menu-item-5381\"><a href=\"https:\/\/teucher-marcel.de\/?page_id=4880\">News 2016<\/a><\/li>\n\t<li class=\"menu-item menu-item-type-post_type menu-item-object-page menu-item-5382\"><a href=\"https:\/\/teucher-marcel.de\/?page_id=3865\">News 2015<\/a><\/li>\n\t<li class=\"menu-item menu-item-type-post_type menu-item-object-page menu-item-5383\"><a href=\"https:\/\/teucher-marcel.de\/?page_id=1066\">News 2014<\/a><\/li>\n\t<li class=\"menu-item menu-item-type-post_type menu-item-object-page menu-item-5385\"><a href=\"https:\/\/teucher-marcel.de\/?page_id=185\">News 2013<\/a><\/li>\n\t<li class=\"menu-item menu-item-type-post_type menu-item-object-page menu-item-5384\"><a href=\"https:\/\/teucher-marcel.de\/?page_id=315\">News 2012<\/a><\/li>\n<\/ul>\n<\/li>\n<li class=\"menu-item menu-item-type-post_type menu-item-object-page menu-item-5386\"><a href=\"https:\/\/teucher-marcel.de\/?page_id=5282\">Sportliche Laufbahn<\/a><\/li>\n<li class=\"menu-item menu-item-type-post_type menu-item-object-page menu-item-5387\"><a href=\"https:\/\/teucher-marcel.de\/?page_id=78\">Sponsoren<\/a><\/li>\n<li class=\"menu-item menu-item-type-post_type menu-item-object-page menu-item-has-children menu-item-5388\"><a href=\"https:\/\/teucher-marcel.de\/?page_id=4051\">Media<\/a>\n<ul class=\"sub-menu\">\n\t<li class=\"menu-item menu-item-type-custom menu-item-object-custom menu-item-7229\"><a href=\"https:\/\/www.instagram.com\/marcelteucher25\/\">Instagram<\/a><\/li>\n\t<li class=\"menu-item menu-item-type-custom menu-item-object-custom menu-item-5390\"><a href=\"http:\/\/teucher-marcel.de\/?page_id=710\">Fotogalerie<\/a><\/li>\n\t<li class=\"menu-item menu-item-type-post_type menu-item-object-page menu-item-5391\"><a href=\"https:\/\/teucher-marcel.de\/?page_id=4048\">Video<\/a><\/li>\n\t<li class=\"menu-item menu-item-type-post_type menu-item-object-page menu-item-5392\"><a href=\"https:\/\/teucher-marcel.de\/?page_id=537\">Presseberichte<\/a><\/li>\n\t<li class=\"menu-item menu-item-type-post_type menu-item-object-page menu-item-5393\"><a href=\"https:\/\/teucher-marcel.de\/?page_id=1165\">Mediaservice<\/a><\/li>\n<\/ul>\n<\/li>\n<li class=\"menu-item menu-item-type-post_type menu-item-object-page menu-item-5395\"><a href=\"https:\/\/teucher-marcel.de\/?page_id=749\">EnduroPro<\/a><\/li>\n<li class=\"menu-item menu-item-type-post_type menu-item-object-page menu-item-5397\"><a href=\"https:\/\/teucher-marcel.de\/?page_id=3948\">Impressum\/Kontakt<\/a><\/li>\n<\/ul><\/div>\r\n\t\t\t\t\t\t\t\t\t<\/div>\r\n\t\t\t<\/div>\r\n\t\t\t<div class=\"dslc-mobile-navigation dslc-navigation-res-t-disabled  dslc-navigation-res-p-disabled\">\r\n\t\t\t\t<select><option>- Select -<\/option><option value=\"http:\/\/teucher-marcel.de\" >Home<\/option><option value=\"https:\/\/teucher-marcel.de\/?page_id=183\" >News<\/option><option value=\"https:\/\/teucher-marcel.de\/?page_id=7378\" >News 2026<\/option><option value=\"https:\/\/teucher-marcel.de\/?page_id=7319\" >News 2025<\/option><option value=\"https:\/\/teucher-marcel.de\/?page_id=7225\" >News 2024<\/option><option value=\"https:\/\/teucher-marcel.de\/?page_id=7175\" >News 2022<\/option><option value=\"https:\/\/teucher-marcel.de\/?page_id=7153\" >News 2021<\/option><option value=\"https:\/\/teucher-marcel.de\/?page_id=7044\" >News 2020<\/option><option value=\"https:\/\/teucher-marcel.de\/?page_id=6824\" >News 2019<\/option><option value=\"https:\/\/teucher-marcel.de\/?page_id=6363\" >News  2018<\/option><option value=\"https:\/\/teucher-marcel.de\/?page_id=5907\" >News 2017<\/option><option value=\"https:\/\/teucher-marcel.de\/?page_id=4880\" >News 2016<\/option><option value=\"https:\/\/teucher-marcel.de\/?page_id=3865\" >News 2015<\/option><option value=\"https:\/\/teucher-marcel.de\/?page_id=1066\" > - News 2014<\/option><option value=\"https:\/\/teucher-marcel.de\/?page_id=185\" > - News 2013<\/option><option value=\"https:\/\/teucher-marcel.de\/?page_id=315\" > - News 2012<\/option><option value=\"https:\/\/teucher-marcel.de\/?page_id=5282\" >Sportliche Laufbahn<\/option><option value=\"https:\/\/teucher-marcel.de\/?page_id=78\" >Sponsoren<\/option><option value=\"https:\/\/teucher-marcel.de\/?page_id=4051\" >Media<\/option><option value=\"https:\/\/www.instagram.com\/marcelteucher25\/\" >Instagram<\/option><option value=\"http:\/\/teucher-marcel.de\/?page_id=710\" >Fotogalerie<\/option><option value=\"https:\/\/teucher-marcel.de\/?page_id=4048\" >Video<\/option><option value=\"https:\/\/teucher-marcel.de\/?page_id=537\" >Presseberichte<\/option><option value=\"https:\/\/teucher-marcel.de\/?page_id=1165\" >Mediaservice<\/option><option value=\"https:\/\/teucher-marcel.de\/?page_id=749\" >EnduroPro<\/option><option value=\"https:\/\/teucher-marcel.de\/?page_id=3948\" >Impressum\/Kontakt<\/option><\/select>\r\n\t\t\t\t<div class=\"dslc-mobile-navigation-hook\"><span class=\"dslc-icon dslc-icon-reorder\"><\/span><\/div>\r\n\t\t\t<\/div><!-- .dslc-mobile-navigation -->\r\n\r\n\t\t\t\r\n\t\t\t<script type=\"text\/javascript\">\r\n\t\t\t\tvar menuItems = document.querySelectorAll( '.dslc-navigation .menu > li.menu-item-has-children:not(.menu-with-arrow) > a' );\r\n\r\n\t\t\t\tfor (var i = 0, len = menuItems.length; i < len; i++) {\r\n\t\t\t\t  menuItems[i].insertAdjacentHTML('afterend', '<span class=\"dslc-navigation-arrow dslc-icon dslc-icon-chevron-down\"><\/span>');\r\n\t\t\t\t  menuItems[i].parentElement.className += \" menu-with-arrow\";\r\n\t\t\t\t}\r\n\t\t\t<\/script>\r\n\t\t\t\n\t\t\t\t<\/div><!-- .dslc-module -->\n\t\t<\/div> <\/div><\/div> <\/div><input type=\"hidden\" id=\"dslca-post-data-thumb\" value=\"\" \/>","protected":false},"excerpt":{"rendered":"<p>Extrem Enduro EM Pietra Neamt 19.-22.06.2014 04.07.2014 &#8211; 9.45 Uhr ( Video Day 2 )Hard Enduro Piatra Neamt &#8211; 2nd Round Extreme Enduro EM &#8211; Day 2 from Enduro.de on Vimeo.27.06.2014 &#8211; 9.30 Uhr ( Video Day 1 )Hard Enduro Piatra Neamt &#8211; 2nd Round Extreme Enduro EM &#8211; Day 1 from Enduro.de on Vimeo.25.06.2014 [&hellip;]<\/p>\n","protected":false},"author":1,"featured_media":1331,"parent":0,"menu_order":0,"comment_status":"closed","ping_status":"closed","template":"fullpage.php","meta":{"ngg_post_thumbnail":0,"footnotes":"","_links_to":"","_links_to_target":""},"class_list":["post-1330","page","type-page","status-publish","has-post-thumbnail","hentry"],"_links":{"self":[{"href":"https:\/\/teucher-marcel.de\/index.php?rest_route=\/wp\/v2\/pages\/1330","targetHints":{"allow":["GET"]}}],"collection":[{"href":"https:\/\/teucher-marcel.de\/index.php?rest_route=\/wp\/v2\/pages"}],"about":[{"href":"https:\/\/teucher-marcel.de\/index.php?rest_route=\/wp\/v2\/types\/page"}],"author":[{"embeddable":true,"href":"https:\/\/teucher-marcel.de\/index.php?rest_route=\/wp\/v2\/users\/1"}],"replies":[{"embeddable":true,"href":"https:\/\/teucher-marcel.de\/index.php?rest_route=%2Fwp%2Fv2%2Fcomments&post=1330"}],"version-history":[{"count":1,"href":"https:\/\/teucher-marcel.de\/index.php?rest_route=\/wp\/v2\/pages\/1330\/revisions"}],"predecessor-version":[{"id":1408,"href":"https:\/\/teucher-marcel.de\/index.php?rest_route=\/wp\/v2\/pages\/1330\/revisions\/1408"}],"wp:featuredmedia":[{"embeddable":true,"href":"https:\/\/teucher-marcel.de\/index.php?rest_route=\/"}],"wp:attachment":[{"href":"https:\/\/teucher-marcel.de\/index.php?rest_route=%2Fwp%2Fv2%2Fmedia&parent=1330"}],"curies":[{"name":"wp","href":"https:\/\/api.w.org\/{rel}","templated":true}]}}