{"id":232,"date":"2013-04-19T11:10:18","date_gmt":"2013-04-19T09:10:18","guid":{"rendered":"http:\/\/www.42810.de\/marcel-teucher\/?page_id=232"},"modified":"2014-07-09T09:48:21","modified_gmt":"2014-07-09T09:48:21","slug":"king-of-the-hill-kurztrip-mit-folgen","status":"publish","type":"page","link":"https:\/\/teucher-marcel.de\/?page_id=232","title":{"rendered":"King of the Hill \u2013 Kurztrip mit folgen\u2026"},"content":{"rendered":"<div id=\"dslc-main\">\n\t\t<div  class=\"dslc-modules-section \" style=\"background-color:rgb(0, 0, 0);background-image:url(https:\/\/teucher-marcel.de\/wp-content\/uploads\/2016\/07\/IMG_0298.jpg);background-repeat:no-repeat;background-position:center center;background-attachment:fixed;background-size:cover;\" data-section-id=\"\">\n\t\t\t\t<div class=\"dslc-bg-video dslc-force-show\"><div class=\"dslc-bg-video-overlay\" style=\"background-color:#000000; opacity:0.7; \"><\/div><\/div>\n\t\t\t\t\n\t\t\t\t<div class=\"dslc-modules-section-wrapper dslc-clearfix\"> <div class=\"dslc-modules-area dslc-col dslc-12-col dslc-last-col\" data-size=\"12\" data-valign=\"\">\n\t\t<div id=\"dslc-module-406\" class=\"dslc-module-front dslc-module-DSLC_TP_Title dslc-in-viewport-check dslc-in-viewport-anim-none  dslc-col dslc-12-col  dslc-module-handle-like-regular \" data-module-id=\"406\" data-module=\"DSLC_TP_Title\" data-dslc-module-size=\"12\" data-dslc-anim=\"none\" data-dslc-anim-delay=\"0\" data-dslc-anim-duration=\"650\"  data-dslc-anim-easing=\"ease\" data-dslc-preset=\"none\" >\n\n\t\t\t\n\t\t\t\n\t\t\r\n\t\t\t\t<div class=\"dslc-tp-title\"><h1>King of the Hill \u2013 Kurztrip mit folgen\u2026<\/h1><\/div>\r\n\r\n\t\t\t\n\t\t\t\t<\/div><!-- .dslc-module -->\n\t\t<\/div> <div class=\"dslc-modules-area dslc-col dslc-12-col dslc-last-col\" data-size=\"12\" data-valign=\"\">\n\t\t<div id=\"dslc-module-407\" class=\"dslc-module-front dslc-module-DSLC_Text_Simple dslc-in-viewport-check dslc-in-viewport-anim-dslcFadeIn  dslc-col dslc-12-col  dslc-module-handle-like-regular \" data-module-id=\"407\" data-module=\"DSLC_Text_Simple\" data-dslc-module-size=\"12\" data-dslc-anim=\"dslcFadeIn\" data-dslc-anim-delay=\"1000\" data-dslc-anim-duration=\"3000\"  data-dslc-anim-easing=\"ease\" data-dslc-preset=\"none\" >\n\n\t\t\t\n\t\t\t\n\t\t\r\n\t\t<div class=\"dslc-text-module-content\">\r\n\t\t\t<p style=\"text-align: justify;\"><span style=\"color: #ffffff;\">Das Wochenende im rum\u00e4nischen Arad werde ich wohl in vielerei Hinsicht stark im Ged\u00e4chtnis behalten. Im Dezember 2012 kamen die ersten Informationen,dass im April ein neues Extrem Rennen stattfinden soll. Mit dem klanghaften Namen \u201eKing oft he Hill Tournament\u201c. Dass es eines der spektakul\u00e4rsten und vor allem schwersten Extreme Enduro Rennen werden sollte, konnte man nur erahnen. Doch Mitte Januar wurden die absoluten TopStars wie Chris Birch, Graham Jarvis, Wade Young und Paul Bolton verpflichtet. Uns war sofort klar, dass es ein Rennen der ganz harten Sorte werden sollte. Zwei Tage Offroad in den Ausl\u00e4ufern der Karpaten und zur Einstimmung ein Prolog auf WM-Niveau bei dem Petrus auch noch ein W\u00f6rtchen mit reden wollte.<\/span><\/p><p style=\"text-align: justify;\"><span style=\"color: #ffffff;\"><a href=\"http:\/\/teucher-marcel.de\/wp-content\/uploads\/2013\/06\/Koh1.jpg\"><span style=\"color: #ffffff;\"><img width=\"499\" height=\"373\" class=\"aligncenter size-full wp-image-233\" alt=\"Koh1\" src=\"http:\/\/teucher-marcel.de\/wp-content\/uploads\/2013\/06\/Koh1.jpg\"><\/span><\/a><\/span><\/p><p style=\"text-align: justify;\"><span style=\"color: #ffffff;\"><a href=\"http:\/\/teucher-marcel.de\/wp-content\/uploads\/2013\/06\/Koh2.jpg\"><span style=\"color: #ffffff;\"><img width=\"500\" height=\"378\" class=\"aligncenter size-full wp-image-234\" alt=\"Koh2\" src=\"http:\/\/teucher-marcel.de\/wp-content\/uploads\/2013\/06\/Koh2.jpg\"><\/span><\/a><\/span><\/p><p style=\"text-align: justify;\"><span style=\"color: #ffffff;\"><a href=\"http:\/\/teucher-marcel.de\/wp-content\/uploads\/2013\/06\/Koh3.jpg\"><span style=\"color: #ffffff;\"><img width=\"499\" height=\"373\" class=\"aligncenter size-full wp-image-235\" alt=\"Koh3\" src=\"http:\/\/teucher-marcel.de\/wp-content\/uploads\/2013\/06\/Koh3.jpg\"><\/span><\/a><\/span><\/p><p style=\"text-align: justify;\"><span style=\"color: #ffffff;\">Ich reiste mit meinem Teamkollegen und Kumpels nach Arad. Eddi Findling, Sascha Kumant und Denis G\u00fcnther sorgten daf\u00fcr, das es uns auf der 1000km langen Fahrt nicht langweilig wurde. Vor Ort, schon etwas fr\u00fcher angereist, warteten Maik Thumser und Chris Irmscher. Die beiden nutzten die M\u00f6glichkeit mit einem Guide einige Streckenteile anzuschauen. Auch in Rum\u00e4nien ist das Wetter f\u00fcr die Jahreszeit sehr ungew\u00f6hnlich gewesen. Statt 20 Grad und Sonnebegegneten uns Schnee, Dauerregen, Spr\u00fchregen, Regen von der Seite usw. Die Strecke war wahnsinnig tief und dadurch anspruchsvoll. Ich wollte den Romanics erfahrenen Jungs der Knightlinercrew bez\u00fcglich ihrer Reifenwahl erst nicht glauben, aber Daniel best\u00e4tigte mir den Einsatz vom Mitas XT 754. Und ich war mehr als froh dar\u00fcber.<\/span><\/p><p style=\"text-align: justify;\"><span style=\"color: #ffffff;\"><a href=\"http:\/\/teucher-marcel.de\/wp-content\/uploads\/2013\/06\/Koh4.jpg\"><span style=\"color: #ffffff;\"><img width=\"500\" height=\"333\" class=\"aligncenter size-full wp-image-236\" alt=\"Koh4\" src=\"http:\/\/teucher-marcel.de\/wp-content\/uploads\/2013\/06\/Koh4.jpg\"><\/span><\/a><\/span><\/p><p style=\"text-align: justify;\"><span style=\"color: #ffffff;\">Am Freitagnachmittag im Prolog konnte ich mich in meiner Prologgruppe durchsetzen. Die Hindernisse waren bis auf eine Baumstammsektion gut aufgebaut. Doch der Regen machte die Hindernisse sau glatt. In einer dieser viel ich um, leider. Ohne diesen Strauchler w\u00e4re eine Top5 Zeit drin gewesen. Egal mit Platz 8 in einem Zug mit den Spezis im Ergebnis seinen Namen zu lesen ist ne coole Sache.<\/span><\/p><p style=\"text-align: justify;\"><span style=\"color: #ffffff;\"><a href=\"http:\/\/teucher-marcel.de\/wp-content\/uploads\/2013\/06\/Koh5.jpg\"><span style=\"color: #ffffff;\"><img width=\"499\" height=\"373\" class=\"aligncenter size-full wp-image-237\" alt=\"Koh5\" src=\"http:\/\/teucher-marcel.de\/wp-content\/uploads\/2013\/06\/Koh5.jpg\"><\/span><\/a><\/span><\/p><p style=\"text-align: justify;\"><span style=\"color: #ffffff;\">Der Vorteil, am Samstag mit ganz vorn an den Start zu rollen, war gewaltig. Schon am ersten Hang wurde klar, was auf uns zukam. Endlos lange Auffahrten und Abfahrten, glatt wie Eis. Beim Runterfahren war an Bremsen teilweise kaum zu denken. Eine Abfahrt war so wahnsinnig steil, dass ich nicht mehr langsamer wurde und mir als Ausweg einen Dornenbusch suchte! Und ich war nicht der Einzige, der diese \u201eTechnik\u201c nutzte um zu bremsen ;D \u2026<\/span><\/p><p style=\"text-align: justify;\"><span style=\"color: #ffffff;\">Nach unz\u00e4hligen Auf- und Abfahrten, Bachbetten und anderen brutalen Streckenabschnitten, landete der Profi-Track wieder in einem Downhill, der fast unfahrbar war. Dort untersch\u00e4tze ich die Schwierigkeit und bekam ganz leicht eine in den D\u00e4mpfer und rollte nach vorn \u00fcber den Lenker in den Hang. Und mein Mopped hinterher und direkt in die Beine, so ung\u00fcnstig, dass sich der Tankverschluss \u00f6ffnete und das Benzingemisch in meinem Stiefel und ans Bein lief. Ein Hobbyfahrer warf sein Mopped in den Schmand und kam von der Hobbyspur auf der anderen Seite zur Hilfe und hob mein Mopped auf. Vielen Dank an der Stelle an den unbekannten Retter in der Not. Danke! Es hat etwas gebrannt, was aber auszuhalten war, doch schon wenig sp\u00e4ter schmerzte es immer mehr. Mittlerweile war ich auf der Reserve unters\u2026 weil ich zu viel Sprit verloren hatte. In den Downhills Mopped ausmachen und wenns an war, ganz behutsam am Gas, blo\u00df nicht mitten in der Pampa stehen bleiben, dachte ich mir. Ich \u201ezottelte\u201c Step by Step zum n\u00e4chsten Checkpoint. Dort sah ich unseren \u00d6sterreicher und geb\u00fcrtigen Rum\u00e4nen Lucian. Man war ich froh, den zu sehen! Er redete mit ein paar Leuten und sagte, dass wir auf direktem Weg zum Tankstopp fahren. Doch schon wenige 100m sp\u00e4ter war Ende im Gel\u00e4nde. Er organisierte in einer gef\u00fchlten Ewigkeit ca. 2l Sprit. Beim Warten wurde es immer schlimmer und so entscheid ich, mich ins Paddock bringen zu lassen. Lucian f\u00fchrte mich zur\u00fcck. Vielen Dank.<\/span><\/p><p style=\"text-align: justify;\"><span style=\"color: #ffffff;\"><a href=\"http:\/\/teucher-marcel.de\/wp-content\/uploads\/2013\/06\/Koh6.jpg\"><span style=\"color: #ffffff;\"><img width=\"499\" height=\"373\" class=\"aligncenter size-full wp-image-238\" alt=\"Koh6\" src=\"http:\/\/teucher-marcel.de\/wp-content\/uploads\/2013\/06\/Koh6.jpg\"><\/span><\/a><\/span><\/p><p style=\"text-align: justify;\"><span style=\"color: #ffffff;\">Ich wollte gern Sonntag einen Restart machen und k\u00e4rcherte noch fix das Mopped. Zog meine Klamotten aus und sah schon das Unheil, machte aber noch fix das Mopped Ready to Race. Doch an einen Restart war nicht zu denken. \u00dcber Nacht wurde aus der R\u00f6tung eine kr\u00e4ftige Ver\u00e4tzung, was Frau Dr. Hermann aus Schlettau dann zu Hause diagnostizierte. Gl\u00fcck im Ungl\u00fcck gehabt, dass ich keine Infektion bekommen habe. So kann es relativ schnell verheilen, wahrscheinlich ohne gro\u00dfe Hautsch\u00e4den. Anfangs sah es nicht gut aus, mittlerweile bin ich zufrieden. So kann man sich wieder raus trauen.<\/span><\/p><p style=\"text-align: justify;\"><span style=\"color: #ffffff;\"><a href=\"http:\/\/teucher-marcel.de\/wp-content\/uploads\/2013\/06\/Koh7.jpg\"><span style=\"color: #ffffff;\"><img width=\"500\" height=\"375\" class=\"aligncenter size-full wp-image-239\" alt=\"Koh7\" src=\"http:\/\/teucher-marcel.de\/wp-content\/uploads\/2013\/06\/Koh7.jpg\"><\/span><\/a><\/span><\/p><p style=\"text-align: justify;\"><span style=\"color: #ffffff;\">Alles in Allem bin ich sehr traurig \u00fcber den Ausfall. Ich war bis zum Aufgeben in einer sehr guten Verfassung. Die Platzierung im Rennen war im internationalen Vergleich mit den Spitzen-Fahrern echt gut. Holger sagte zu mir \u201csometimes you win, sometimes you learn\u201d. Und das habe ich, keine Frage, doch zu finischen mit einem Top 10 Platz, das w\u00e4rs gewesen.<\/span><\/p><p style=\"text-align: justify;\"><span style=\"color: #ffffff;\">Zum Schluss noch ein dickes Dankesch\u00f6n an alle meine Sponsoren, die mir diesen Trip mitfinanziert haben! Ihr seid Klasse, ich bin froh, solche \u201eG\u00f6nner\u201c zu haben und hoffe, dass es beim n\u00e4chsten Mal besser l\u00e4uft.<\/span><\/p><p style=\"text-align: justify;\"><span style=\"color: #ffffff;\">Link Bildergalerie:<\/span><\/p><p style=\"text-align: justify;\"><span style=\"color: #ffffff;\">&nbsp;<\/span><\/p><p style=\"text-align: justify;\"><span style=\"color: #ffffff;\">Youtube Videolinks:<\/span><\/p><p style=\"text-align: justify;\"><span style=\"color: #ffffff;\">ab 4.13 min <img alt=\";)\" src=\"http:\/\/teucher-marcel.de\/wp-includes\/images\/smilies\/icon_wink.gif\"><\/span><\/p><p style=\"text-align: justify;\"><span style=\"color: #ffffff;\"><a href=\"http:\/\/www.youtube.com\/watch?v=DLx8zhfz4ps\" target=\"_blank\"><span style=\"color: #ffffff;\">http:\/\/www.youtube.com\/watch?v=DLx8zhfz4ps<\/span><\/a><\/span><\/p><p style=\"text-align: justify;\"><span style=\"color: #ffffff;\">ab 0:13 sec \u2013 Teucherbau-Service Fahrzeug, ab 6min super Heli Luftaufnahmen!<\/span><\/p><p style=\"text-align: justify;\"><span style=\"color: #ffffff;\"><a href=\"http:\/\/www.youtube.com\/watch?feature=player_embedded&amp;v=nfYbl141px4#!\" target=\"_blank\"><span style=\"color: #ffffff;\">http:\/\/www.youtube.com\/watch?feature=player_embedded&amp;v=nfYbl141px4#!<\/span><\/a><\/span><\/p><p style=\"text-align: justify;\"><span style=\"color: #ffffff;\">Helmcam auf meinem Kopf:<\/span><\/p><p style=\"text-align: justify;\"><span style=\"color: #ffffff;\"><a href=\"http:\/\/www.youtube.com\/watch?feature=player_embedded&amp;v=OFE8NrPobxI\" target=\"_blank\"><span style=\"color: #ffffff;\">http:\/\/www.youtube.com\/watch?feature=player_embedded&amp;v=OFE8NrPobxI<\/span><\/a><\/span><\/p><p style=\"text-align: justify;\"><span style=\"color: #ffffff;\"><a href=\"http:\/\/teucher-marcel.de\/wp-content\/uploads\/2013\/06\/Arad2.jpg\"><span style=\"color: #ffffff;\"><img width=\"500\" height=\"333\" class=\"size-full wp-image-240\" alt=\"Arad2\" src=\"http:\/\/teucher-marcel.de\/wp-content\/uploads\/2013\/06\/Arad2.jpg\"><\/span><\/a><\/span><\/p>\t\t<\/div>\r\n\r\n\t\t\n\t\t\t\t<\/div><!-- .dslc-module -->\n\t\t<\/div> <\/div><\/div> \n\t\t<div  class=\"dslc-modules-section \" style=\"padding-bottom:21px;padding-top:21px;\" data-section-id=\"\">\n\t\t\t\t\n\t\t\t\t\n\t\t\t\t<div class=\"dslc-modules-section-wrapper dslc-clearfix\"> <div class=\"dslc-modules-area dslc-col dslc-12-col dslc-last-col\" data-size=\"12\" data-valign=\"\">\n\t\t<div id=\"dslc-module-408\" class=\"dslc-module-front dslc-module-DSLC_Navigation dslc-in-viewport-check dslc-in-viewport-anim-none  dslc-col dslc-12-col  dslc-module-handle-like-regular \" data-module-id=\"408\" data-module=\"DSLC_Navigation\" data-dslc-module-size=\"12\" data-dslc-anim=\"none\" data-dslc-anim-delay=\"0\" data-dslc-anim-duration=\"650\"  data-dslc-anim-easing=\"default\" data-dslc-preset=\"none\" >\n\n\t\t\t\n\t\t\t\n\t\t\t\t\t<div class=\"dslc-navigation dslc-navigation-sub-position-default dslc-navigation-res-t-disabled dslc-navigation-res-p-disabled dslc-navigation-orientation-horizontal\">\r\n\t\t\t\t<div class=\"dslc-navigation-inner\">\r\n\t\t\t\t\t<div class=\"menu-2-container\"><ul id=\"menu-3\" class=\"menu\"><li class=\"menu-item menu-item-type-custom menu-item-object-custom menu-item-home menu-item-5379\"><a href=\"http:\/\/teucher-marcel.de\">Home<\/a><\/li>\n<li class=\"menu-item menu-item-type-post_type menu-item-object-page menu-item-has-children menu-item-5380\"><a href=\"https:\/\/teucher-marcel.de\/?page_id=183\">News<\/a>\n<ul class=\"sub-menu\">\n\t<li class=\"menu-item menu-item-type-post_type menu-item-object-page menu-item-7382\"><a href=\"https:\/\/teucher-marcel.de\/?page_id=7378\">News 2026<\/a><\/li>\n\t<li class=\"menu-item menu-item-type-post_type menu-item-object-page menu-item-7321\"><a href=\"https:\/\/teucher-marcel.de\/?page_id=7319\">News 2025<\/a><\/li>\n\t<li class=\"menu-item menu-item-type-post_type menu-item-object-page menu-item-7228\"><a href=\"https:\/\/teucher-marcel.de\/?page_id=7225\">News 2024<\/a><\/li>\n\t<li class=\"menu-item menu-item-type-post_type menu-item-object-page menu-item-7189\"><a href=\"https:\/\/teucher-marcel.de\/?page_id=7175\">News 2022<\/a><\/li>\n\t<li class=\"menu-item menu-item-type-post_type menu-item-object-page menu-item-7155\"><a href=\"https:\/\/teucher-marcel.de\/?page_id=7153\">News 2021<\/a><\/li>\n\t<li class=\"menu-item menu-item-type-post_type menu-item-object-page menu-item-7047\"><a href=\"https:\/\/teucher-marcel.de\/?page_id=7044\">News 2020<\/a><\/li>\n\t<li class=\"menu-item menu-item-type-post_type menu-item-object-page menu-item-6826\"><a href=\"https:\/\/teucher-marcel.de\/?page_id=6824\">News 2019<\/a><\/li>\n\t<li class=\"menu-item menu-item-type-post_type menu-item-object-page menu-item-6388\"><a href=\"https:\/\/teucher-marcel.de\/?page_id=6363\">News  2018<\/a><\/li>\n\t<li class=\"menu-item menu-item-type-post_type menu-item-object-page menu-item-5909\"><a href=\"https:\/\/teucher-marcel.de\/?page_id=5907\">News 2017<\/a><\/li>\n\t<li class=\"menu-item menu-item-type-post_type menu-item-object-page menu-item-5381\"><a href=\"https:\/\/teucher-marcel.de\/?page_id=4880\">News 2016<\/a><\/li>\n\t<li class=\"menu-item menu-item-type-post_type menu-item-object-page menu-item-5382\"><a href=\"https:\/\/teucher-marcel.de\/?page_id=3865\">News 2015<\/a><\/li>\n\t<li class=\"menu-item menu-item-type-post_type menu-item-object-page menu-item-5383\"><a href=\"https:\/\/teucher-marcel.de\/?page_id=1066\">News 2014<\/a><\/li>\n\t<li class=\"menu-item menu-item-type-post_type menu-item-object-page menu-item-5385\"><a href=\"https:\/\/teucher-marcel.de\/?page_id=185\">News 2013<\/a><\/li>\n\t<li class=\"menu-item menu-item-type-post_type menu-item-object-page menu-item-5384\"><a href=\"https:\/\/teucher-marcel.de\/?page_id=315\">News 2012<\/a><\/li>\n<\/ul>\n<\/li>\n<li class=\"menu-item menu-item-type-post_type menu-item-object-page menu-item-5386\"><a href=\"https:\/\/teucher-marcel.de\/?page_id=5282\">Sportliche Laufbahn<\/a><\/li>\n<li class=\"menu-item menu-item-type-post_type menu-item-object-page menu-item-5387\"><a href=\"https:\/\/teucher-marcel.de\/?page_id=78\">Sponsoren<\/a><\/li>\n<li class=\"menu-item menu-item-type-post_type menu-item-object-page menu-item-has-children menu-item-5388\"><a href=\"https:\/\/teucher-marcel.de\/?page_id=4051\">Media<\/a>\n<ul class=\"sub-menu\">\n\t<li class=\"menu-item menu-item-type-custom menu-item-object-custom menu-item-7229\"><a href=\"https:\/\/www.instagram.com\/marcelteucher25\/\">Instagram<\/a><\/li>\n\t<li class=\"menu-item menu-item-type-custom menu-item-object-custom menu-item-5390\"><a href=\"http:\/\/teucher-marcel.de\/?page_id=710\">Fotogalerie<\/a><\/li>\n\t<li class=\"menu-item menu-item-type-post_type menu-item-object-page menu-item-5391\"><a href=\"https:\/\/teucher-marcel.de\/?page_id=4048\">Video<\/a><\/li>\n\t<li class=\"menu-item menu-item-type-post_type menu-item-object-page menu-item-5392\"><a href=\"https:\/\/teucher-marcel.de\/?page_id=537\">Presseberichte<\/a><\/li>\n\t<li class=\"menu-item menu-item-type-post_type menu-item-object-page menu-item-5393\"><a href=\"https:\/\/teucher-marcel.de\/?page_id=1165\">Mediaservice<\/a><\/li>\n<\/ul>\n<\/li>\n<li class=\"menu-item menu-item-type-post_type menu-item-object-page menu-item-5395\"><a href=\"https:\/\/teucher-marcel.de\/?page_id=749\">EnduroPro<\/a><\/li>\n<li class=\"menu-item menu-item-type-post_type menu-item-object-page menu-item-5397\"><a href=\"https:\/\/teucher-marcel.de\/?page_id=3948\">Impressum\/Kontakt<\/a><\/li>\n<\/ul><\/div>\r\n\t\t\t\t\t\t\t\t\t<\/div>\r\n\t\t\t<\/div>\r\n\t\t\t<div class=\"dslc-mobile-navigation dslc-navigation-res-t-disabled  dslc-navigation-res-p-disabled\">\r\n\t\t\t\t<select><option>- Select -<\/option><option value=\"http:\/\/teucher-marcel.de\" >Home<\/option><option value=\"https:\/\/teucher-marcel.de\/?page_id=183\" >News<\/option><option value=\"https:\/\/teucher-marcel.de\/?page_id=7378\" >News 2026<\/option><option value=\"https:\/\/teucher-marcel.de\/?page_id=7319\" >News 2025<\/option><option value=\"https:\/\/teucher-marcel.de\/?page_id=7225\" >News 2024<\/option><option value=\"https:\/\/teucher-marcel.de\/?page_id=7175\" >News 2022<\/option><option value=\"https:\/\/teucher-marcel.de\/?page_id=7153\" >News 2021<\/option><option value=\"https:\/\/teucher-marcel.de\/?page_id=7044\" >News 2020<\/option><option value=\"https:\/\/teucher-marcel.de\/?page_id=6824\" >News 2019<\/option><option value=\"https:\/\/teucher-marcel.de\/?page_id=6363\" >News  2018<\/option><option value=\"https:\/\/teucher-marcel.de\/?page_id=5907\" >News 2017<\/option><option value=\"https:\/\/teucher-marcel.de\/?page_id=4880\" >News 2016<\/option><option value=\"https:\/\/teucher-marcel.de\/?page_id=3865\" >News 2015<\/option><option value=\"https:\/\/teucher-marcel.de\/?page_id=1066\" > - News 2014<\/option><option value=\"https:\/\/teucher-marcel.de\/?page_id=185\" > - News 2013<\/option><option value=\"https:\/\/teucher-marcel.de\/?page_id=315\" > - News 2012<\/option><option value=\"https:\/\/teucher-marcel.de\/?page_id=5282\" >Sportliche Laufbahn<\/option><option value=\"https:\/\/teucher-marcel.de\/?page_id=78\" >Sponsoren<\/option><option value=\"https:\/\/teucher-marcel.de\/?page_id=4051\" >Media<\/option><option value=\"https:\/\/www.instagram.com\/marcelteucher25\/\" >Instagram<\/option><option value=\"http:\/\/teucher-marcel.de\/?page_id=710\" >Fotogalerie<\/option><option value=\"https:\/\/teucher-marcel.de\/?page_id=4048\" >Video<\/option><option value=\"https:\/\/teucher-marcel.de\/?page_id=537\" >Presseberichte<\/option><option value=\"https:\/\/teucher-marcel.de\/?page_id=1165\" >Mediaservice<\/option><option value=\"https:\/\/teucher-marcel.de\/?page_id=749\" >EnduroPro<\/option><option value=\"https:\/\/teucher-marcel.de\/?page_id=3948\" >Impressum\/Kontakt<\/option><\/select>\r\n\t\t\t\t<div class=\"dslc-mobile-navigation-hook\"><span class=\"dslc-icon dslc-icon-reorder\"><\/span><\/div>\r\n\t\t\t<\/div><!-- .dslc-mobile-navigation -->\r\n\r\n\t\t\t\r\n\t\t\t<script type=\"text\/javascript\">\r\n\t\t\t\tvar menuItems = document.querySelectorAll( '.dslc-navigation .menu > li.menu-item-has-children:not(.menu-with-arrow) > a' );\r\n\r\n\t\t\t\tfor (var i = 0, len = menuItems.length; i < len; i++) {\r\n\t\t\t\t  menuItems[i].insertAdjacentHTML('afterend', '<span class=\"dslc-navigation-arrow dslc-icon dslc-icon-chevron-down\"><\/span>');\r\n\t\t\t\t  menuItems[i].parentElement.className += \" menu-with-arrow\";\r\n\t\t\t\t}\r\n\t\t\t<\/script>\r\n\t\t\t\n\t\t\t\t<\/div><!-- .dslc-module -->\n\t\t<\/div> <\/div><\/div> <\/div>","protected":false},"excerpt":{"rendered":"<p>King of the Hill \u2013 Kurztrip mit folgen\u2026 Das Wochenende im rum\u00e4nischen Arad werde ich wohl in vielerei Hinsicht stark im Ged\u00e4chtnis behalten. Im Dezember 2012 kamen die ersten Informationen,dass im April ein neues Extrem Rennen stattfinden soll. Mit dem klanghaften Namen \u201eKing oft he Hill Tournament\u201c. Dass es eines der spektakul\u00e4rsten und vor allem [&hellip;]<\/p>\n","protected":false},"author":1,"featured_media":0,"parent":0,"menu_order":0,"comment_status":"closed","ping_status":"closed","template":"fullpage.php","meta":{"ngg_post_thumbnail":0,"footnotes":"","_links_to":"","_links_to_target":""},"class_list":["post-232","page","type-page","status-publish","hentry"],"_links":{"self":[{"href":"https:\/\/teucher-marcel.de\/index.php?rest_route=\/wp\/v2\/pages\/232","targetHints":{"allow":["GET"]}}],"collection":[{"href":"https:\/\/teucher-marcel.de\/index.php?rest_route=\/wp\/v2\/pages"}],"about":[{"href":"https:\/\/teucher-marcel.de\/index.php?rest_route=\/wp\/v2\/types\/page"}],"author":[{"embeddable":true,"href":"https:\/\/teucher-marcel.de\/index.php?rest_route=\/wp\/v2\/users\/1"}],"replies":[{"embeddable":true,"href":"https:\/\/teucher-marcel.de\/index.php?rest_route=%2Fwp%2Fv2%2Fcomments&post=232"}],"version-history":[{"count":2,"href":"https:\/\/teucher-marcel.de\/index.php?rest_route=\/wp\/v2\/pages\/232\/revisions"}],"predecessor-version":[{"id":1472,"href":"https:\/\/teucher-marcel.de\/index.php?rest_route=\/wp\/v2\/pages\/232\/revisions\/1472"}],"wp:attachment":[{"href":"https:\/\/teucher-marcel.de\/index.php?rest_route=%2Fwp%2Fv2%2Fmedia&parent=232"}],"curies":[{"name":"wp","href":"https:\/\/api.w.org\/{rel}","templated":true}]}}