{"id":2551,"date":"2014-07-14T05:19:03","date_gmt":"2014-07-14T05:19:03","guid":{"rendered":"http:\/\/teucher-marcel.de\/?page_id=2551"},"modified":"2014-07-22T15:44:58","modified_gmt":"2014-07-22T15:44:58","slug":"redbull-romaniacs-2014-mein-liveticker-zum-rennen","status":"publish","type":"page","link":"https:\/\/teucher-marcel.de\/?page_id=2551","title":{"rendered":"RedBull Romaniacs 2014"},"content":{"rendered":"<div id=\"dslc-main\">\n\t\t<div  class=\"dslc-modules-section \" style=\"background-color:rgb(0, 0, 0);background-image:url(https:\/\/teucher-marcel.de\/wp-content\/uploads\/2016\/07\/IMG_21711.jpg);background-repeat:no-repeat;background-position:center center;background-attachment:fixed;background-size:cover;\" data-section-id=\"\">\n\t\t\t\t<div class=\"dslc-bg-video dslc-force-show\"><div class=\"dslc-bg-video-overlay\" style=\"background-color:#000000; opacity:0.7; \"><\/div><\/div>\n\t\t\t\t\n\t\t\t\t<div class=\"dslc-modules-section-wrapper dslc-clearfix\"> <div class=\"dslc-modules-area dslc-col dslc-12-col dslc-last-col\" data-size=\"12\" data-valign=\"\">\n\t\t<div id=\"dslc-module-352\" class=\"dslc-module-front dslc-module-DSLC_TP_Title dslc-in-viewport-check dslc-in-viewport-anim-none  dslc-col dslc-12-col  dslc-module-handle-like-regular \" data-module-id=\"352\" data-module=\"DSLC_TP_Title\" data-dslc-module-size=\"12\" data-dslc-anim=\"none\" data-dslc-anim-delay=\"0\" data-dslc-anim-duration=\"650\"  data-dslc-anim-easing=\"ease\" data-dslc-preset=\"none\" >\n\n\t\t\t\n\t\t\t\n\t\t\r\n\t\t\t\t<div class=\"dslc-tp-title\"><h1>RedBull Romaniacs 2014<\/h1><\/div>\r\n\r\n\t\t\t\n\t\t\t\t<\/div><!-- .dslc-module -->\n\t\t<\/div> <div class=\"dslc-modules-area dslc-col dslc-12-col dslc-last-col\" data-size=\"12\" data-valign=\"\">\n\t\t<div id=\"dslc-module-353\" class=\"dslc-module-front dslc-module-DSLC_Text_Simple dslc-in-viewport-check dslc-in-viewport-anim-dslcFadeIn  dslc-col dslc-12-col  dslc-module-handle-like-regular \" data-module-id=\"353\" data-module=\"DSLC_Text_Simple\" data-dslc-module-size=\"12\" data-dslc-anim=\"dslcFadeIn\" data-dslc-anim-delay=\"1000\" data-dslc-anim-duration=\"3000\"  data-dslc-anim-easing=\"linear\" data-dslc-preset=\"none\" >\n\n\t\t\t\n\t\t\t\n\t\t\r\n\t\t<div class=\"dslc-text-module-content\">\r\n\t\t\t<p><span style=\"color: #ffffff;\"><strong>22.07.2014 17.45 Uhr Racebericht<\/strong><\/span><\/p><p><span style=\"color: #ffffff;\">Hallo Leute,<\/span><\/p><p><span style=\"color: #ffffff;\">das wohl bis jetzt h\u00e4rteste Rennen, was ich je gefahren bin, liegt erfolgreich hinter mir. Ich kann von mir behaupten, so gut wie noch nie vorbereitet gewesen zu sein (im Rahmen der mir gegebenen M\u00f6glichkeiten). Material und Fitness haben zu 100% gepasst. Doch gleich der erste Offroadtag hat mir neue Limits aufgezeigt und ich \u00fcberschritt definitiv \u00fcber mein Limit. Dazu sp\u00e4ter mehr.<\/span><\/p><p><span style=\"color: #ffffff;\">Samstagabend vor der Abreise haben wir mein Trainingsbike noch f\u00fcr Felix vorbereitet. KTM konnte seine neue 300er nicht liefern. Und f\u00fcr meine besten Buddys mach ich das gern m\u00f6glich. Also alles umbauen, was man tauschen konnte\u2026 R\u00e4der, Fahrwerk , Plastiks \u2026 Ready to Race.<\/span><\/p><p><span style=\"color: #ffffff;\"><a href=\"http:\/\/teucher-marcel.de\/wp-content\/uploads\/2014\/07\/Romaniacs14_1.jpg\"><span style=\"color: #ffffff;\"><img width=\"700\" height=\"467\" class=\"size-full wp-image-2787 aligncenter\" alt=\"Romaniacs14_1\" src=\"http:\/\/teucher-marcel.de\/wp-content\/uploads\/2014\/07\/Romaniacs14_1.jpg\"><\/span><\/a><\/span><\/p><p><span style=\"color: #ffffff;\">Nach einer langen aber entspannten Fahrt sind wir Sonntagabend in Sibiu angekommen. Als Unterst\u00fctzung hatten wir Marcus Liebchen als Mechaniker und Denis G\u00fcnther als Mediabeauftragten mit. Beide haben Ihre Jobs jeden Tag super erledigt. Tausend Dank an dieser Stelle f\u00fcr Eure unglaubliche Hilfe!<\/span><\/p><p><span style=\"color: #ffffff;\">Die Registrierung war gut organisiert. Warten mussten wir so gut wie nie. Wir kamen uns nur etwas wie bei Asterix und Obelix vor, auf der Suche nach dem Passsierschein A38. Die Laufwege zwischen den einzelnen Stationen waren weltklasse :D Nach dem alles problemlos erledigt war, schauten wir uns den Prolog an. Dieser war wieder ein Meisterst\u00fcck bester Zimmermannskunst. Die Jungs haben wieder einen sensationellen Track auf die Beine gestellt.<\/span><\/p><p><span style=\"color: #ffffff;\"><a href=\"http:\/\/teucher-marcel.de\/wp-content\/uploads\/2014\/07\/Romaniacs14_2.jpg\"><span style=\"color: #ffffff;\"><img width=\"700\" height=\"467\" class=\"aligncenter wp-image-2788 size-full\" alt=\"Romaniacs14_2\" src=\"http:\/\/teucher-marcel.de\/wp-content\/uploads\/2014\/07\/Romaniacs14_2.jpg\"><\/span><\/a><\/span><\/p><p><span style=\"color: #ffffff;\">Am folgenden Tag ging es im Prologzeitfahren um die Startposition zum Finalrace vor Tausenden von Zuschauern im Stadtzentrum von Sibiu. Doch ich machte zu viele Fehler und fand mich in der zweiten Startreihe wieder. Nicht optimal, ich wei\u00df, dass ich gerade die Art von Hindernissen besser fahren kann. Das Rennen lief an sich gut. Es war ein st\u00e4ndiges auf und ab und ich habe schnell den \u00dcberblick \u00fcber meine Platzierung verloren. Die Hitze machte mir arg zu schaffen. Ich biss mich aber durch und konnte das Rennen auf Platz 10 beenden, was auch meine Ausgangsposition f\u00fcr den ersten Offroad-Tag war.<\/span><\/p><p><span style=\"color: #ffffff;\">Der erste Tag hatte es dann gleich in sich. Nach einigen Kilometern mit vielen fl\u00fcssigen Streckenabschnitten ging es dann so langsam richtig los. Ich ahnte schlimmes als ich in den Streckenabschnitt \"Doomed\" - auf Deutsch \"Verurteilt\" einbog. Denn da kam ich in den ersten Stau.<\/span><\/p><p><span style=\"color: #ffffff;\"><a href=\"http:\/\/teucher-marcel.de\/wp-content\/uploads\/2014\/07\/Romaniacs14_3.jpg\"><span style=\"color: #ffffff;\"><img width=\"700\" height=\"467\" class=\"aligncenter size-full wp-image-2789\" alt=\"Romaniacs14_3\" src=\"http:\/\/teucher-marcel.de\/wp-content\/uploads\/2014\/07\/Romaniacs14_3.jpg\"><\/span><\/a><\/span><\/p><p><span style=\"color: #ffffff;\">Die letzen Profis und das fast komplett vor mir gestartete Expert Feld zerlegte sich an einer Felsplatte. Warten war angesagt und ich nutze die Zeit um ein Gel zu essen und auf \u201eToilette\u201c zu gehen. Ich schaffte die Felsplatte ebenfalls nicht im ersten Versuch und ein anderer Fahrer fand eine gute aber wesentlich l\u00e4ngere Alternativspur. Danach ging es ans Eingemachte. Ein nicht enden wollender Anstieg musste bezwungen werden, total ausgefahren, steinig, Wurzeln und mega rutschig, teils im Wald, teils auf einer Wiese. Mein L\u00fcfter am Mopped war im Dauerbetrieb. Als meine Batterie schwach wurde, war auch mein USWE Trinksystem leer :( Ich kam immer schneller an mein k\u00f6rperliches Limit, bis mir schwarz vor Augen wurde. Ich wei\u00df nicht genau warum, aber ich war DURCH! \u00dcberlastet- kein Plan. Ich legte mich an den Streckenrand und versuchte meinen Puls runterzubekommen, das dauerte\u2026 nach ca. 20 Minuten konnte ich endlich weiterfahren, bis ich wieder an einer Wurzel h\u00e4ngen blieb. Verflucht habe ich den Hang mehrfach.<\/span><\/p><p><span style=\"color: #ffffff;\">Endlich oben angekommen mussten wir ja auch wieder runter. Der Downhill war h\u00f6chstens etwas f\u00fcr erfahrene Wanderer und Bergsteiger aber nicht f\u00fcr Moppeds. Mit zwei weiteren Fahrern bildeten wir ein Dreier-Team und man\u00f6vrierten ein Bike nach dem Anderen hinunter - was f\u00fcr eine Aktion. Der Zusammenhalt unter den Fahrern ist echt genial. Unten angekommen, sehnte ich den Servicepunkt herbei. Wasser, Wasser, Wasser war der einzige klare Gedanke, den ich noch realisieren konnte. Ich dachte zum ersten Mal in meiner Laufbahn als Endurofahrer an Aufgeben. Ich wusste aber, dass es keine Option f\u00fcr mich ist, aber ich habe dar\u00fcber nachgedacht. Der restliche Track war ok und gut fahrbar f\u00fcr mich. Doch den R\u00fcckstand konnte ich nicht kompensieren und beendete den Tag als 14.<\/span><\/p><p><span style=\"color: #ffffff;\">Die darauf folgenden Offroadtage waren auch schwer aber gut fahrbar mit vielen schnellen Abschnitten und technischen Passagen. Ein echt guter Mix aus Extremenduro und klassischem Enduro. Ich hatte wieder Spa\u00df am Fahren und kam immer besser in Schwung und erholte mich so langsam vom ersten Fahrtag.<\/span><\/p><p><span style=\"color: #ffffff;\"><a href=\"http:\/\/teucher-marcel.de\/wp-content\/uploads\/2014\/07\/Romaniacs14_4.jpg\"><span style=\"color: #ffffff;\"><img width=\"700\" height=\"467\" class=\"aligncenter size-full wp-image-2790\" alt=\"Romaniacs14_4\" src=\"http:\/\/teucher-marcel.de\/wp-content\/uploads\/2014\/07\/Romaniacs14_4.jpg\"><\/span><\/a><\/span><\/p><p><span style=\"color: #ffffff;\">Der letzte Offroad-Tag lief richtig gut. Ich f\u00fchlte mich von Anfang an fit und konnte endlich pushen. Von Platz 14 gestartet kam ich im Servicepunkt laut meinem Mechaniker schon auf Platz 4. Das baute nat\u00fcrlich auf und ich legte noch eine Schippe drauf. Konnte das f\u00fchrende Team der Expert-Team-Klasse einholen und den Tag zusammen mit den Cyprians fahren. Kurz vor dem letzten CP liefen wir auf den f\u00fchrenden meiner Klasse auf. Ich konnte an alle drei vorbeigehen, setzte mich ab und zog so schnell ich konnte \u00fcber das Ackerland vor Sibiu, totally flat out! Ich erreichte den CP in der Stadt am Fluss mit deutlichem Vorsprung. Dann machte ich am Uferrand einen ungl\u00fccklichen Fehler beim \u00dcberspringen eines Grabens und st\u00fcrzte in den Fluss von Sibiu. Das Motorrad habe ich nur mit Hilfe der Cyprians und einem Zuschauer aus dem Fluss bekommen. Vielen Dank Jungs! Ich versuchte so schnell ich konnte das Motorrad zu entw\u00e4ssern. Per Whats App gab ich meinen Standort durch. Ich hatte Gl\u00fcck, meine Servicecrew war schon 5 Minuten sp\u00e4ter da. Das Wasser hatte ich bis dahin schon soweit raus. Vergaser noch schnell entleeren, neuen Filter rein, neue Z\u00fcndkerze rein und das Bike lief wieder. Maximal 2-3 Expert-Fahrer m\u00fcssen mich wieder \u00fcberholt haben. Einen trockenen Helm drauf, neue Brille und ich zog noch einmal richtig am Kabel bis ins Ziel.<\/span><\/p><p><span style=\"color: #ffffff;\">Ich war etwas entt\u00e4uscht, den Tagessieg wegen so einer Nummer vergeigt zu haben. Dennoch war ich \u00fcbergl\u00fccklich, das wohl h\u00e4rteste Rennen \u00fcberhaupt \u00fcberstanden zu haben. In den rum\u00e4nischen Bergen lernt man sehr viel \u00fcber seine Fahrtechnik und vor allem aber seine k\u00f6rperliche Leistungsgrenze.<\/span><\/p><p><span style=\"color: #ffffff;\">Am Ende reichte es zu einem guten 11. Platz. Dieser ist auch gerechtfertigt. Denn das ist ganz einfach das Resultat aus meinen unz\u00e4hligen Fahrfehlern, die ich \u00fcber der gesamten Rally gemacht habe. Angefangen bei dem f\u00fcr mich pers\u00f6nlich zu schweren ersten Tag, \u00fcber einige Navigationsfehler und unn\u00f6tigen \u201eH\u00e4ngern\u201c in irgendwelchen Auffahrten und zu guter letzt mein Tauchgang. Ich hatte eben etwas zu wenig Gl\u00fcck. Thats Racing!<\/span><\/p><p><span style=\"color: #ffffff;\"><a href=\"http:\/\/teucher-marcel.de\/wp-content\/uploads\/2014\/07\/Romaniacs14_5.jpg\"><span style=\"color: #ffffff;\"><img width=\"700\" height=\"467\" class=\"aligncenter size-full wp-image-2791\" alt=\"Romaniacs14_5\" src=\"http:\/\/teucher-marcel.de\/wp-content\/uploads\/2014\/07\/Romaniacs14_5.jpg\"><\/span><\/a><\/span><\/p><p><span style=\"color: #ffffff;\">Ich blicke jetzt nach vorn, denn aus jedem Rennen geht man gest\u00e4rkt hervor. Das gute Gef\u00fchl zu Wissen, man kann mit den schnellen Jungs gut mithalten baut enorm auf. Ich freue mich jetzt auf den n\u00e4chsten EM Lauf in Schweden, The Battle of Vikings!!!<\/span><\/p><p><span style=\"color: #ffffff;\"><strong>22.07.2014 16.30 Uhr Fotogalerie<\/strong><\/span><\/p><p><span style=\"color: #ffffff;\">ngg_shortcode_1_placeholder<\/span><\/p><p><span style=\"color: #ffffff;\"><strong>21.07.2014 13.30 Uhr<\/strong><\/span><\/p><p><span style=\"color: #ffffff;\">Bei der diesj\u00e4hrigen Romaniacs Ausgabe stellte RedBull erstmals f\u00fcr alle Fahrer Videos zur Verf\u00fcgung.<\/span><\/p><p><span style=\"color: #ffffff;\">Hier findet ihr die Links zu den T\u00e4glichen Videos:<\/span><\/p><p><span style=\"color: #ffffff;\"><a href=\"http:\/\/login.irewind.com\/video\/RBR101DAY0\/58a4821bbb511e30d0453e6cc6313ed419d436b5bae1aec1f991cd921af8b92d\" target=\"self\"><span style=\"color: #ffffff;\">Prolog<\/span><\/a><\/span><br><span style=\"color: #ffffff;\"> <a href=\"http:\/\/login.irewind.com\/video\/RBR101DAY1\/89b937540fffba8e06b0e38fd9f831d8260c916006efb0bc4638d98aad6f7a47\/1\" target=\"self\"><span style=\"color: #ffffff;\">Offraodday 1<\/span><\/a><\/span><br><span style=\"color: #ffffff;\"> <a href=\"http:\/\/login.irewind.com\/video\/RBR101DAY2\/4c3f40d28d29866672804261b170156aff08a829a31319680c49e692608975ab\/1\" target=\"self\"><span style=\"color: #ffffff;\">Offroadday 2<\/span><\/a><\/span><br><span style=\"color: #ffffff;\"> <a href=\"http:\/\/login.irewind.com\/video\/RBR101DAY3\/cd918365245f6c2f0d44af179e3adb27fe6ef6a41b3777cfba14518940d34615\/1\" target=\"self\"><span style=\"color: #ffffff;\">Offroadday 3<\/span><\/a><\/span><br><span style=\"color: #ffffff;\"> <a href=\"http:\/\/login.irewind.com\/video\/RBR101DAY4\/1b7db028fdf50926b6ca000f4054169837191d7ab7f51cc5bc41640b45414e14\/1\" target=\"self\"><span style=\"color: #ffffff;\">Offroadday4<\/span><\/a><\/span><\/p>\t\t<\/div>\r\n\r\n\t\t\n\t\t\t\t<\/div><!-- .dslc-module -->\n\t\t<\/div> <\/div><\/div> \n\t\t<div  class=\"dslc-modules-section \" style=\"padding-bottom:21px;padding-top:21px;\" data-section-id=\"\">\n\t\t\t\t\n\t\t\t\t\n\t\t\t\t<div class=\"dslc-modules-section-wrapper dslc-clearfix\"> <div class=\"dslc-modules-area dslc-col dslc-12-col dslc-last-col\" data-size=\"12\" data-valign=\"\">\n\t\t<div id=\"dslc-module-354\" class=\"dslc-module-front dslc-module-DSLC_Navigation dslc-in-viewport-check dslc-in-viewport-anim-none  dslc-col dslc-12-col  dslc-module-handle-like-regular \" data-module-id=\"354\" data-module=\"DSLC_Navigation\" data-dslc-module-size=\"12\" data-dslc-anim=\"none\" data-dslc-anim-delay=\"0\" data-dslc-anim-duration=\"650\"  data-dslc-anim-easing=\"default\" data-dslc-preset=\"none\" >\n\n\t\t\t\n\t\t\t\n\t\t\t\t\t<div class=\"dslc-navigation dslc-navigation-sub-position-default dslc-navigation-res-t-disabled dslc-navigation-res-p-disabled dslc-navigation-orientation-horizontal\">\r\n\t\t\t\t<div class=\"dslc-navigation-inner\">\r\n\t\t\t\t\t<div class=\"menu-2-container\"><ul id=\"menu-3\" class=\"menu\"><li class=\"menu-item menu-item-type-custom menu-item-object-custom menu-item-home menu-item-5379\"><a href=\"http:\/\/teucher-marcel.de\">Home<\/a><\/li>\n<li class=\"menu-item menu-item-type-post_type menu-item-object-page menu-item-has-children menu-item-5380\"><a href=\"https:\/\/teucher-marcel.de\/?page_id=183\">News<\/a>\n<ul class=\"sub-menu\">\n\t<li class=\"menu-item menu-item-type-post_type menu-item-object-page menu-item-7382\"><a href=\"https:\/\/teucher-marcel.de\/?page_id=7378\">News 2026<\/a><\/li>\n\t<li class=\"menu-item menu-item-type-post_type menu-item-object-page menu-item-7321\"><a href=\"https:\/\/teucher-marcel.de\/?page_id=7319\">News 2025<\/a><\/li>\n\t<li class=\"menu-item menu-item-type-post_type menu-item-object-page menu-item-7228\"><a href=\"https:\/\/teucher-marcel.de\/?page_id=7225\">News 2024<\/a><\/li>\n\t<li class=\"menu-item menu-item-type-post_type menu-item-object-page menu-item-7189\"><a href=\"https:\/\/teucher-marcel.de\/?page_id=7175\">News 2022<\/a><\/li>\n\t<li class=\"menu-item menu-item-type-post_type menu-item-object-page menu-item-7155\"><a href=\"https:\/\/teucher-marcel.de\/?page_id=7153\">News 2021<\/a><\/li>\n\t<li class=\"menu-item menu-item-type-post_type menu-item-object-page menu-item-7047\"><a href=\"https:\/\/teucher-marcel.de\/?page_id=7044\">News 2020<\/a><\/li>\n\t<li class=\"menu-item menu-item-type-post_type menu-item-object-page menu-item-6826\"><a href=\"https:\/\/teucher-marcel.de\/?page_id=6824\">News 2019<\/a><\/li>\n\t<li class=\"menu-item menu-item-type-post_type menu-item-object-page menu-item-6388\"><a href=\"https:\/\/teucher-marcel.de\/?page_id=6363\">News  2018<\/a><\/li>\n\t<li class=\"menu-item menu-item-type-post_type menu-item-object-page menu-item-5909\"><a href=\"https:\/\/teucher-marcel.de\/?page_id=5907\">News 2017<\/a><\/li>\n\t<li class=\"menu-item menu-item-type-post_type menu-item-object-page menu-item-5381\"><a href=\"https:\/\/teucher-marcel.de\/?page_id=4880\">News 2016<\/a><\/li>\n\t<li class=\"menu-item menu-item-type-post_type menu-item-object-page menu-item-5382\"><a href=\"https:\/\/teucher-marcel.de\/?page_id=3865\">News 2015<\/a><\/li>\n\t<li class=\"menu-item menu-item-type-post_type menu-item-object-page menu-item-5383\"><a href=\"https:\/\/teucher-marcel.de\/?page_id=1066\">News 2014<\/a><\/li>\n\t<li class=\"menu-item menu-item-type-post_type menu-item-object-page menu-item-5385\"><a href=\"https:\/\/teucher-marcel.de\/?page_id=185\">News 2013<\/a><\/li>\n\t<li class=\"menu-item menu-item-type-post_type menu-item-object-page menu-item-5384\"><a href=\"https:\/\/teucher-marcel.de\/?page_id=315\">News 2012<\/a><\/li>\n<\/ul>\n<\/li>\n<li class=\"menu-item menu-item-type-post_type menu-item-object-page menu-item-5386\"><a href=\"https:\/\/teucher-marcel.de\/?page_id=5282\">Sportliche Laufbahn<\/a><\/li>\n<li class=\"menu-item menu-item-type-post_type menu-item-object-page menu-item-5387\"><a href=\"https:\/\/teucher-marcel.de\/?page_id=78\">Sponsoren<\/a><\/li>\n<li class=\"menu-item menu-item-type-post_type menu-item-object-page menu-item-has-children menu-item-5388\"><a href=\"https:\/\/teucher-marcel.de\/?page_id=4051\">Media<\/a>\n<ul class=\"sub-menu\">\n\t<li class=\"menu-item menu-item-type-custom menu-item-object-custom menu-item-7229\"><a href=\"https:\/\/www.instagram.com\/marcelteucher25\/\">Instagram<\/a><\/li>\n\t<li class=\"menu-item menu-item-type-custom menu-item-object-custom menu-item-5390\"><a href=\"http:\/\/teucher-marcel.de\/?page_id=710\">Fotogalerie<\/a><\/li>\n\t<li class=\"menu-item menu-item-type-post_type menu-item-object-page menu-item-5391\"><a href=\"https:\/\/teucher-marcel.de\/?page_id=4048\">Video<\/a><\/li>\n\t<li class=\"menu-item menu-item-type-post_type menu-item-object-page menu-item-5392\"><a href=\"https:\/\/teucher-marcel.de\/?page_id=537\">Presseberichte<\/a><\/li>\n\t<li class=\"menu-item menu-item-type-post_type menu-item-object-page menu-item-5393\"><a href=\"https:\/\/teucher-marcel.de\/?page_id=1165\">Mediaservice<\/a><\/li>\n<\/ul>\n<\/li>\n<li class=\"menu-item menu-item-type-post_type menu-item-object-page menu-item-5395\"><a href=\"https:\/\/teucher-marcel.de\/?page_id=749\">EnduroPro<\/a><\/li>\n<li class=\"menu-item menu-item-type-post_type menu-item-object-page menu-item-5397\"><a href=\"https:\/\/teucher-marcel.de\/?page_id=3948\">Impressum\/Kontakt<\/a><\/li>\n<\/ul><\/div>\r\n\t\t\t\t\t\t\t\t\t<\/div>\r\n\t\t\t<\/div>\r\n\t\t\t<div class=\"dslc-mobile-navigation dslc-navigation-res-t-disabled  dslc-navigation-res-p-disabled\">\r\n\t\t\t\t<select><option>- Select -<\/option><option value=\"http:\/\/teucher-marcel.de\" >Home<\/option><option value=\"https:\/\/teucher-marcel.de\/?page_id=183\" >News<\/option><option value=\"https:\/\/teucher-marcel.de\/?page_id=7378\" >News 2026<\/option><option value=\"https:\/\/teucher-marcel.de\/?page_id=7319\" >News 2025<\/option><option value=\"https:\/\/teucher-marcel.de\/?page_id=7225\" >News 2024<\/option><option value=\"https:\/\/teucher-marcel.de\/?page_id=7175\" >News 2022<\/option><option value=\"https:\/\/teucher-marcel.de\/?page_id=7153\" >News 2021<\/option><option value=\"https:\/\/teucher-marcel.de\/?page_id=7044\" >News 2020<\/option><option value=\"https:\/\/teucher-marcel.de\/?page_id=6824\" >News 2019<\/option><option value=\"https:\/\/teucher-marcel.de\/?page_id=6363\" >News  2018<\/option><option value=\"https:\/\/teucher-marcel.de\/?page_id=5907\" >News 2017<\/option><option value=\"https:\/\/teucher-marcel.de\/?page_id=4880\" >News 2016<\/option><option value=\"https:\/\/teucher-marcel.de\/?page_id=3865\" >News 2015<\/option><option value=\"https:\/\/teucher-marcel.de\/?page_id=1066\" > - News 2014<\/option><option value=\"https:\/\/teucher-marcel.de\/?page_id=185\" > - News 2013<\/option><option value=\"https:\/\/teucher-marcel.de\/?page_id=315\" > - News 2012<\/option><option value=\"https:\/\/teucher-marcel.de\/?page_id=5282\" >Sportliche Laufbahn<\/option><option value=\"https:\/\/teucher-marcel.de\/?page_id=78\" >Sponsoren<\/option><option value=\"https:\/\/teucher-marcel.de\/?page_id=4051\" >Media<\/option><option value=\"https:\/\/www.instagram.com\/marcelteucher25\/\" >Instagram<\/option><option value=\"http:\/\/teucher-marcel.de\/?page_id=710\" >Fotogalerie<\/option><option value=\"https:\/\/teucher-marcel.de\/?page_id=4048\" >Video<\/option><option value=\"https:\/\/teucher-marcel.de\/?page_id=537\" >Presseberichte<\/option><option value=\"https:\/\/teucher-marcel.de\/?page_id=1165\" >Mediaservice<\/option><option value=\"https:\/\/teucher-marcel.de\/?page_id=749\" >EnduroPro<\/option><option value=\"https:\/\/teucher-marcel.de\/?page_id=3948\" >Impressum\/Kontakt<\/option><\/select>\r\n\t\t\t\t<div class=\"dslc-mobile-navigation-hook\"><span class=\"dslc-icon dslc-icon-reorder\"><\/span><\/div>\r\n\t\t\t<\/div><!-- .dslc-mobile-navigation -->\r\n\r\n\t\t\t\r\n\t\t\t<script type=\"text\/javascript\">\r\n\t\t\t\tvar menuItems = document.querySelectorAll( '.dslc-navigation .menu > li.menu-item-has-children:not(.menu-with-arrow) > a' );\r\n\r\n\t\t\t\tfor (var i = 0, len = menuItems.length; i < len; i++) {\r\n\t\t\t\t  menuItems[i].insertAdjacentHTML('afterend', '<span class=\"dslc-navigation-arrow dslc-icon dslc-icon-chevron-down\"><\/span>');\r\n\t\t\t\t  menuItems[i].parentElement.className += \" menu-with-arrow\";\r\n\t\t\t\t}\r\n\t\t\t<\/script>\r\n\t\t\t\n\t\t\t\t<\/div><!-- .dslc-module -->\n\t\t<\/div> <\/div><\/div> <\/div>","protected":false},"excerpt":{"rendered":"<p>RedBull Romaniacs 2014 22.07.2014 17.45 Uhr RaceberichtHallo Leute,das wohl bis jetzt h\u00e4rteste Rennen, was ich je gefahren bin, liegt erfolgreich hinter mir. Ich kann von mir behaupten, so gut wie noch nie vorbereitet gewesen zu sein (im Rahmen der mir gegebenen M\u00f6glichkeiten). Material und Fitness haben zu 100% gepasst. Doch gleich der erste Offroadtag hat [&hellip;]<\/p>\n","protected":false},"author":1,"featured_media":0,"parent":0,"menu_order":0,"comment_status":"open","ping_status":"open","template":"fullpage.php","meta":{"ngg_post_thumbnail":0,"footnotes":"","_links_to":"","_links_to_target":""},"class_list":["post-2551","page","type-page","status-publish","hentry"],"_links":{"self":[{"href":"https:\/\/teucher-marcel.de\/index.php?rest_route=\/wp\/v2\/pages\/2551","targetHints":{"allow":["GET"]}}],"collection":[{"href":"https:\/\/teucher-marcel.de\/index.php?rest_route=\/wp\/v2\/pages"}],"about":[{"href":"https:\/\/teucher-marcel.de\/index.php?rest_route=\/wp\/v2\/types\/page"}],"author":[{"embeddable":true,"href":"https:\/\/teucher-marcel.de\/index.php?rest_route=\/wp\/v2\/users\/1"}],"replies":[{"embeddable":true,"href":"https:\/\/teucher-marcel.de\/index.php?rest_route=%2Fwp%2Fv2%2Fcomments&post=2551"}],"version-history":[{"count":11,"href":"https:\/\/teucher-marcel.de\/index.php?rest_route=\/wp\/v2\/pages\/2551\/revisions"}],"predecessor-version":[{"id":2793,"href":"https:\/\/teucher-marcel.de\/index.php?rest_route=\/wp\/v2\/pages\/2551\/revisions\/2793"}],"wp:attachment":[{"href":"https:\/\/teucher-marcel.de\/index.php?rest_route=%2Fwp%2Fv2%2Fmedia&parent=2551"}],"curies":[{"name":"wp","href":"https:\/\/api.w.org\/{rel}","templated":true}]}}