{"id":266,"date":"2013-01-26T12:02:14","date_gmt":"2013-01-26T10:02:14","guid":{"rendered":"http:\/\/www.42810.de\/marcel-teucher\/?page_id=266"},"modified":"2014-07-09T09:53:08","modified_gmt":"2014-07-09T09:53:08","slug":"kings-of-xtreme-leipzig-update-08-02-2013-abschlusbericht","status":"publish","type":"page","link":"https:\/\/teucher-marcel.de\/?page_id=266","title":{"rendered":"Kings of Xtreme Leipzig ( Update 08.02.2013 Abschlu\u00dfbericht )"},"content":{"rendered":"<div id=\"dslc-main\">\n\t\t<div  class=\"dslc-modules-section \" style=\"background-color:rgb(0, 0, 0);background-image:url(https:\/\/teucher-marcel.de\/wp-content\/uploads\/2016\/07\/IMG_4206.jpg);background-repeat:no-repeat;background-position:center center;background-attachment:fixed;background-size:cover;\" data-section-id=\"\">\n\t\t\t\t<div class=\"dslc-bg-video dslc-force-show\"><div class=\"dslc-bg-video-overlay\" style=\"background-color:#000000; opacity:0.7; \"><\/div><\/div>\n\t\t\t\t\n\t\t\t\t<div class=\"dslc-modules-section-wrapper dslc-clearfix\"> <div class=\"dslc-modules-area dslc-col dslc-12-col dslc-last-col\" data-size=\"12\" data-valign=\"\">\n\t\t<div id=\"dslc-module-415\" class=\"dslc-module-front dslc-module-DSLC_TP_Title dslc-in-viewport-check dslc-in-viewport-anim-none  dslc-col dslc-12-col  dslc-module-handle-like-regular \" data-module-id=\"415\" data-module=\"DSLC_TP_Title\" data-dslc-module-size=\"12\" data-dslc-anim=\"none\" data-dslc-anim-delay=\"0\" data-dslc-anim-duration=\"650\"  data-dslc-anim-easing=\"ease\" data-dslc-preset=\"none\" >\n\n\t\t\t\n\t\t\t\n\t\t\r\n\t\t\t\t<div class=\"dslc-tp-title\"><h1>Kings of Xtreme Leipzig ( Update 08.02.2013 Abschlu\u00dfbericht )<\/h1><\/div>\r\n\r\n\t\t\t\n\t\t\t\t<\/div><!-- .dslc-module -->\n\t\t<\/div> <div class=\"dslc-modules-area dslc-col dslc-12-col dslc-last-col\" data-size=\"12\" data-valign=\"\">\n\t\t<div id=\"dslc-module-416\" class=\"dslc-module-front dslc-module-DSLC_Text_Simple dslc-in-viewport-check dslc-in-viewport-anim-dslcFadeIn  dslc-col dslc-12-col  dslc-module-handle-like-regular \" data-module-id=\"416\" data-module=\"DSLC_Text_Simple\" data-dslc-module-size=\"12\" data-dslc-anim=\"dslcFadeIn\" data-dslc-anim-delay=\"1000\" data-dslc-anim-duration=\"3000\"  data-dslc-anim-easing=\"ease\" data-dslc-preset=\"none\" >\n\n\t\t\t\n\t\t\t\n\t\t\r\n\t\t<div class=\"dslc-text-module-content\">\r\n\t\t\t<p style=\"text-align: justify;\"><span style=\"color: #ffffff;\"><strong>08.02.2013 12.30 Uhr Abschlussbericht<\/strong><\/span><\/p><p style=\"text-align: justify;\"><span style=\"color: #ffffff;\">Am letzten Januar Wochenende bekam ich erneut die Chance beim bisher gr\u00f6\u00dften Indoor Freestyle Event Deutschlands teilzunehmen. Wie im Vorjahr fand in der Leipziger Messehalle 1 das \u201eKings of Xtreme\u201c statt. Im Rahmenprogramm gab es 2 Showrennen der Endurofahrer, wo ich mit Derrick G\u00f6rner, Eddi H\u00fcbner, Eddi Findling, Denis Schr\u00f6ter und anderen schnellen Jungs am Start stand. F\u00fcr uns Sportler eine ideale M\u00f6glichkeit den Endurosport vor einer gro\u00dfen Menge von Zuschauern zu pr\u00e4sentieren. Die mit endurocrosstypischen Hindernissen gespickte Strecke war grandios aber auch sehr kr\u00e4ftezehrend.<\/span><\/p><p style=\"text-align: justify;\"><span style=\"color: #ffffff;\"><a href=\"http:\/\/teucher-marcel.de\/wp-content\/uploads\/2013\/06\/KOXAbschluss1.jpg\"><span style=\"color: #ffffff;\"><img width=\"500\" height=\"333\" class=\"aligncenter size-full wp-image-271\" alt=\"KOXAbschluss1\" src=\"http:\/\/teucher-marcel.de\/wp-content\/uploads\/2013\/06\/KOXAbschluss1.jpg\"><\/span><\/a><\/span><\/p><p style=\"text-align: justify;\"><span style=\"color: #ffffff;\">Bereits Freitagabend \u00f6ffnete die Messehalle ihre Tore. Im Training am Nachmittag wurden die Startgruppen ausgefahren. Abends im Halbfinale kamen aus denen, die jeweils vier besten Piloten in das Finale. Vor rund 7000 Zuschauern wurde ich in meiner Gruppe zweiter hinter Derrick G\u00f6rner und vor Bruno W\u00e4chtler. Im Finale hatte ich dann allerdings Pech und wurde von Gino Ochmann unsanft vom Mopped geholt. Ich dann Kr\u00e4fte gespart und bin sauber und technisch zu Ende gefahren. Immerhin gab es noch einen zweiten Tag am Samstag. Mit Platz 6 war ich nicht unzufrieden. Die Show und das Endurofahren den Leuten zu pr\u00e4sentieren stand ja eh im Vordergrund.<\/span><\/p><p style=\"text-align: justify;\"><span style=\"color: #ffffff;\">Am ausverkauften, zweiten Veranstaltungstag passierte mir im Halbfinale ein Fehler wo ich schwer st\u00fcrzte. Trotzdem k\u00e4mpfte ich mich zur\u00fcck nach vorne, wurde Dritter und zog ins Finale ein. Nach einem an Spannung kaum zu \u00fcbertreffenden Finale stand dann erneut Platz 6 zu Buche. Ein fettes \u201eEvent-Ending\u201c wo wirklich alle gleichzeitig durch die Halle peitschten sorgte ganz zum Schluss bei den Zuschauern f\u00fcr staunende Gesichter. Zwischen Feuer und Kanonenschl\u00e4gen sprangen die BMXer, FMXer, das Quad, die Pit-Bikes und wir auf dem Endurocross Parcours durch die Halle. Ein geniales Erlebnis!<\/span><\/p><p style=\"text-align: justify;\"><span style=\"color: #ffffff;\"><a href=\"http:\/\/teucher-marcel.de\/wp-content\/uploads\/2013\/06\/KOXAbschluss2.jpg\"><span style=\"color: #ffffff;\"><img width=\"500\" height=\"333\" class=\"aligncenter size-full wp-image-270\" alt=\"KOXAbschluss2\" src=\"http:\/\/teucher-marcel.de\/wp-content\/uploads\/2013\/06\/KOXAbschluss2.jpg\"><\/span><\/a><\/span><\/p><p style=\"text-align: justify;\"><span style=\"color: #ffffff;\">Ich bin voll zufrieden mit dem Wochenende. Hauptziel war jeweils das Finale zu erreichen, was gegen die Spitzenpiloten nicht einfach ist. Dies ist mir gelungen und ich denke wir haben den 10.000 Zuschauern eine tolle Show geboten. Sehr gut angenommen wurde auch die Autogrammstunde nach den beiden Events. So pr\u00e4sentiert man unseren Sport. Solche Events m\u00fcsste es \u00f6fters geben. Ich denke das Interesse der Bev\u00f6lkerung ist da, auch im Bezug auf reines Indoor Enduro! Ich hoffe es findet sich jemand der dies einmal in die Hand nimmt.<\/span><\/p><p style=\"text-align: justify;\"><span style=\"color: #ffffff;\">Jetzt hei\u00dft es noch einmal Kraft tanken und weiter hart trainieren. Die n\u00e4chsten Saisonh\u00f6hepunkte werden keine Kaffeefahrt, Anfang April geht es schon zum \u201eKings of the Hill\u201c nach Rum\u00e4nien.<\/span><\/p><hr noshade=\"noshade\"><p style=\"text-align: justify;\"><span style=\"color: #ffffff;\"><strong>29.01.2013 16.30 Uhr Video<\/strong><\/span><\/p><p style=\"text-align: justify;\"><span style=\"color: #ffffff;\"><a href=\"http:\/\/www.offroadxfilms.de\/\"><span style=\"color: #ffffff;\">www.offroadxfilms.de<\/span><\/a> hat wieder ein Video f\u00fcr mich hergestellt. Viel Spa\u00df beim ansehen\u2026<\/span><br><span style=\"color: #ffffff;\"> <iframe width=\"700\" height=\"394\" src=\"http:\/\/www.youtube.com\/embed\/dXURSk0kZpw\" frameborder=\"0\" allowfullscreen=\"allowfullscreen\"><\/iframe><\/span><\/p><hr noshade=\"noshade\"><p style=\"text-align: justify;\"><span style=\"color: #ffffff;\"><a href=\"http:\/\/teucher-marcel.de\/wp-content\/uploads\/2013\/06\/KOX3.jpg\"><span style=\"color: #ffffff;\"><img width=\"500\" height=\"333\" class=\"aligncenter size-full wp-image-267\" alt=\"KOX3\" src=\"http:\/\/teucher-marcel.de\/wp-content\/uploads\/2013\/06\/KOX3.jpg\"><\/span><\/a><\/span><\/p><p style=\"text-align: justify;\"><span style=\"color: #ffffff;\">Tag 1 beim Kings of Extreme liegt bereits hinter mir. Es war ein unglaubliches Erlebnis vor sovielen Menschen zu fahren. Trotz das die Strecke sehr anstrengend ist, hat es unheimlich viel Spa\u00df gemacht.<\/span><\/p><p style=\"text-align: justify;\"><span style=\"color: #ffffff;\">Im Halbfinale konnte ich mit Platz 2 hinter Derrick G\u00f6rner landen. Im Finale hatte ich leider eine Kollision mit Gino Ochmann. Er erwischte mein Heck und Hinterrad und wir kamen zu Fall. Die Spitze war dadurch schon zuweit enteilt. Deshalb habe ich das Rennen auf Nummer sicher beendet, denn Morgen ist ja noch ein Tag.<\/span><\/p><p style=\"text-align: justify;\"><span style=\"color: #ffffff;\">Weitere Infos folgen\u2026<\/span><\/p><p style=\"text-align: justify;\"><span style=\"color: #ffffff;\">Euer Marcel<\/span><\/p><p style=\"text-align: justify;\"><span style=\"color: #ffffff;\"><a href=\"http:\/\/teucher-marcel.de\/wp-content\/uploads\/2013\/06\/KOX1.jpg\"><span style=\"color: #ffffff;\"><img width=\"500\" height=\"333\" class=\"aligncenter size-full wp-image-268\" alt=\"KOX1\" src=\"http:\/\/teucher-marcel.de\/wp-content\/uploads\/2013\/06\/KOX1.jpg\"><\/span><\/a> <a href=\"http:\/\/teucher-marcel.de\/wp-content\/uploads\/2013\/06\/KOX2.jpg\"><span style=\"color: #ffffff;\"><img width=\"500\" height=\"333\" class=\"size-full wp-image-269\" alt=\"KOX2\" src=\"http:\/\/teucher-marcel.de\/wp-content\/uploads\/2013\/06\/KOX2.jpg\"><\/span><\/a><\/span><\/p>\t\t<\/div>\r\n\r\n\t\t\n\t\t\t\t<\/div><!-- .dslc-module -->\n\t\t<\/div> <\/div><\/div> \n\t\t<div  class=\"dslc-modules-section \" style=\"padding-bottom:21px;padding-top:21px;\" data-section-id=\"\">\n\t\t\t\t\n\t\t\t\t\n\t\t\t\t<div class=\"dslc-modules-section-wrapper dslc-clearfix\"> <div class=\"dslc-modules-area dslc-col dslc-12-col dslc-last-col\" data-size=\"12\" data-valign=\"\">\n\t\t<div id=\"dslc-module-417\" class=\"dslc-module-front dslc-module-DSLC_Navigation dslc-in-viewport-check dslc-in-viewport-anim-none  dslc-col dslc-12-col  dslc-module-handle-like-regular \" data-module-id=\"417\" data-module=\"DSLC_Navigation\" data-dslc-module-size=\"12\" data-dslc-anim=\"none\" data-dslc-anim-delay=\"0\" data-dslc-anim-duration=\"650\"  data-dslc-anim-easing=\"default\" data-dslc-preset=\"none\" >\n\n\t\t\t\n\t\t\t\n\t\t\t\t\t<div class=\"dslc-navigation dslc-navigation-sub-position-default dslc-navigation-res-t-disabled dslc-navigation-res-p-disabled dslc-navigation-orientation-horizontal\">\r\n\t\t\t\t<div class=\"dslc-navigation-inner\">\r\n\t\t\t\t\t<div class=\"menu-2-container\"><ul id=\"menu-3\" class=\"menu\"><li class=\"menu-item menu-item-type-custom menu-item-object-custom menu-item-home menu-item-5379\"><a href=\"http:\/\/teucher-marcel.de\">Home<\/a><\/li>\n<li class=\"menu-item menu-item-type-post_type menu-item-object-page menu-item-has-children menu-item-5380\"><a href=\"https:\/\/teucher-marcel.de\/?page_id=183\">News<\/a>\n<ul class=\"sub-menu\">\n\t<li class=\"menu-item menu-item-type-post_type menu-item-object-page menu-item-7382\"><a href=\"https:\/\/teucher-marcel.de\/?page_id=7378\">News 2026<\/a><\/li>\n\t<li class=\"menu-item menu-item-type-post_type menu-item-object-page menu-item-7321\"><a href=\"https:\/\/teucher-marcel.de\/?page_id=7319\">News 2025<\/a><\/li>\n\t<li class=\"menu-item menu-item-type-post_type menu-item-object-page menu-item-7228\"><a href=\"https:\/\/teucher-marcel.de\/?page_id=7225\">News 2024<\/a><\/li>\n\t<li class=\"menu-item menu-item-type-post_type menu-item-object-page menu-item-7189\"><a href=\"https:\/\/teucher-marcel.de\/?page_id=7175\">News 2022<\/a><\/li>\n\t<li class=\"menu-item menu-item-type-post_type menu-item-object-page menu-item-7155\"><a href=\"https:\/\/teucher-marcel.de\/?page_id=7153\">News 2021<\/a><\/li>\n\t<li class=\"menu-item menu-item-type-post_type menu-item-object-page menu-item-7047\"><a href=\"https:\/\/teucher-marcel.de\/?page_id=7044\">News 2020<\/a><\/li>\n\t<li class=\"menu-item menu-item-type-post_type menu-item-object-page menu-item-6826\"><a href=\"https:\/\/teucher-marcel.de\/?page_id=6824\">News 2019<\/a><\/li>\n\t<li class=\"menu-item menu-item-type-post_type menu-item-object-page menu-item-6388\"><a href=\"https:\/\/teucher-marcel.de\/?page_id=6363\">News  2018<\/a><\/li>\n\t<li class=\"menu-item menu-item-type-post_type menu-item-object-page menu-item-5909\"><a href=\"https:\/\/teucher-marcel.de\/?page_id=5907\">News 2017<\/a><\/li>\n\t<li class=\"menu-item menu-item-type-post_type menu-item-object-page menu-item-5381\"><a href=\"https:\/\/teucher-marcel.de\/?page_id=4880\">News 2016<\/a><\/li>\n\t<li class=\"menu-item menu-item-type-post_type menu-item-object-page menu-item-5382\"><a href=\"https:\/\/teucher-marcel.de\/?page_id=3865\">News 2015<\/a><\/li>\n\t<li class=\"menu-item menu-item-type-post_type menu-item-object-page menu-item-5383\"><a href=\"https:\/\/teucher-marcel.de\/?page_id=1066\">News 2014<\/a><\/li>\n\t<li class=\"menu-item menu-item-type-post_type menu-item-object-page menu-item-5385\"><a href=\"https:\/\/teucher-marcel.de\/?page_id=185\">News 2013<\/a><\/li>\n\t<li class=\"menu-item menu-item-type-post_type menu-item-object-page menu-item-5384\"><a href=\"https:\/\/teucher-marcel.de\/?page_id=315\">News 2012<\/a><\/li>\n<\/ul>\n<\/li>\n<li class=\"menu-item menu-item-type-post_type menu-item-object-page menu-item-5386\"><a href=\"https:\/\/teucher-marcel.de\/?page_id=5282\">Sportliche Laufbahn<\/a><\/li>\n<li class=\"menu-item menu-item-type-post_type menu-item-object-page menu-item-5387\"><a href=\"https:\/\/teucher-marcel.de\/?page_id=78\">Sponsoren<\/a><\/li>\n<li class=\"menu-item menu-item-type-post_type menu-item-object-page menu-item-has-children menu-item-5388\"><a href=\"https:\/\/teucher-marcel.de\/?page_id=4051\">Media<\/a>\n<ul class=\"sub-menu\">\n\t<li class=\"menu-item menu-item-type-custom menu-item-object-custom menu-item-7229\"><a href=\"https:\/\/www.instagram.com\/marcelteucher25\/\">Instagram<\/a><\/li>\n\t<li class=\"menu-item menu-item-type-custom menu-item-object-custom menu-item-5390\"><a href=\"http:\/\/teucher-marcel.de\/?page_id=710\">Fotogalerie<\/a><\/li>\n\t<li class=\"menu-item menu-item-type-post_type menu-item-object-page menu-item-5391\"><a href=\"https:\/\/teucher-marcel.de\/?page_id=4048\">Video<\/a><\/li>\n\t<li class=\"menu-item menu-item-type-post_type menu-item-object-page menu-item-5392\"><a href=\"https:\/\/teucher-marcel.de\/?page_id=537\">Presseberichte<\/a><\/li>\n\t<li class=\"menu-item menu-item-type-post_type menu-item-object-page menu-item-5393\"><a href=\"https:\/\/teucher-marcel.de\/?page_id=1165\">Mediaservice<\/a><\/li>\n<\/ul>\n<\/li>\n<li class=\"menu-item menu-item-type-post_type menu-item-object-page menu-item-5395\"><a href=\"https:\/\/teucher-marcel.de\/?page_id=749\">EnduroPro<\/a><\/li>\n<li class=\"menu-item menu-item-type-post_type menu-item-object-page menu-item-5397\"><a href=\"https:\/\/teucher-marcel.de\/?page_id=3948\">Impressum\/Kontakt<\/a><\/li>\n<\/ul><\/div>\r\n\t\t\t\t\t\t\t\t\t<\/div>\r\n\t\t\t<\/div>\r\n\t\t\t<div class=\"dslc-mobile-navigation dslc-navigation-res-t-disabled  dslc-navigation-res-p-disabled\">\r\n\t\t\t\t<select><option>- Select -<\/option><option value=\"http:\/\/teucher-marcel.de\" >Home<\/option><option value=\"https:\/\/teucher-marcel.de\/?page_id=183\" >News<\/option><option value=\"https:\/\/teucher-marcel.de\/?page_id=7378\" >News 2026<\/option><option value=\"https:\/\/teucher-marcel.de\/?page_id=7319\" >News 2025<\/option><option value=\"https:\/\/teucher-marcel.de\/?page_id=7225\" >News 2024<\/option><option value=\"https:\/\/teucher-marcel.de\/?page_id=7175\" >News 2022<\/option><option value=\"https:\/\/teucher-marcel.de\/?page_id=7153\" >News 2021<\/option><option value=\"https:\/\/teucher-marcel.de\/?page_id=7044\" >News 2020<\/option><option value=\"https:\/\/teucher-marcel.de\/?page_id=6824\" >News 2019<\/option><option value=\"https:\/\/teucher-marcel.de\/?page_id=6363\" >News  2018<\/option><option value=\"https:\/\/teucher-marcel.de\/?page_id=5907\" >News 2017<\/option><option value=\"https:\/\/teucher-marcel.de\/?page_id=4880\" >News 2016<\/option><option value=\"https:\/\/teucher-marcel.de\/?page_id=3865\" >News 2015<\/option><option value=\"https:\/\/teucher-marcel.de\/?page_id=1066\" > - News 2014<\/option><option value=\"https:\/\/teucher-marcel.de\/?page_id=185\" > - News 2013<\/option><option value=\"https:\/\/teucher-marcel.de\/?page_id=315\" > - News 2012<\/option><option value=\"https:\/\/teucher-marcel.de\/?page_id=5282\" >Sportliche Laufbahn<\/option><option value=\"https:\/\/teucher-marcel.de\/?page_id=78\" >Sponsoren<\/option><option value=\"https:\/\/teucher-marcel.de\/?page_id=4051\" >Media<\/option><option value=\"https:\/\/www.instagram.com\/marcelteucher25\/\" >Instagram<\/option><option value=\"http:\/\/teucher-marcel.de\/?page_id=710\" >Fotogalerie<\/option><option value=\"https:\/\/teucher-marcel.de\/?page_id=4048\" >Video<\/option><option value=\"https:\/\/teucher-marcel.de\/?page_id=537\" >Presseberichte<\/option><option value=\"https:\/\/teucher-marcel.de\/?page_id=1165\" >Mediaservice<\/option><option value=\"https:\/\/teucher-marcel.de\/?page_id=749\" >EnduroPro<\/option><option value=\"https:\/\/teucher-marcel.de\/?page_id=3948\" >Impressum\/Kontakt<\/option><\/select>\r\n\t\t\t\t<div class=\"dslc-mobile-navigation-hook\"><span class=\"dslc-icon dslc-icon-reorder\"><\/span><\/div>\r\n\t\t\t<\/div><!-- .dslc-mobile-navigation -->\r\n\r\n\t\t\t\r\n\t\t\t<script type=\"text\/javascript\">\r\n\t\t\t\tvar menuItems = document.querySelectorAll( '.dslc-navigation .menu > li.menu-item-has-children:not(.menu-with-arrow) > a' );\r\n\r\n\t\t\t\tfor (var i = 0, len = menuItems.length; i < len; i++) {\r\n\t\t\t\t  menuItems[i].insertAdjacentHTML('afterend', '<span class=\"dslc-navigation-arrow dslc-icon dslc-icon-chevron-down\"><\/span>');\r\n\t\t\t\t  menuItems[i].parentElement.className += \" menu-with-arrow\";\r\n\t\t\t\t}\r\n\t\t\t<\/script>\r\n\t\t\t\n\t\t\t\t<\/div><!-- .dslc-module -->\n\t\t<\/div> <\/div><\/div> <\/div>","protected":false},"excerpt":{"rendered":"<p>Kings of Xtreme Leipzig ( Update 08.02.2013 Abschlu\u00dfbericht ) 08.02.2013 12.30 Uhr AbschlussberichtAm letzten Januar Wochenende bekam ich erneut die Chance beim bisher gr\u00f6\u00dften Indoor Freestyle Event Deutschlands teilzunehmen. Wie im Vorjahr fand in der Leipziger Messehalle 1 das \u201eKings of Xtreme\u201c statt. Im Rahmenprogramm gab es 2 Showrennen der Endurofahrer, wo ich mit Derrick [&hellip;]<\/p>\n","protected":false},"author":1,"featured_media":0,"parent":0,"menu_order":0,"comment_status":"closed","ping_status":"closed","template":"fullpage.php","meta":{"ngg_post_thumbnail":0,"footnotes":"","_links_to":"","_links_to_target":""},"class_list":["post-266","page","type-page","status-publish","hentry"],"_links":{"self":[{"href":"https:\/\/teucher-marcel.de\/index.php?rest_route=\/wp\/v2\/pages\/266","targetHints":{"allow":["GET"]}}],"collection":[{"href":"https:\/\/teucher-marcel.de\/index.php?rest_route=\/wp\/v2\/pages"}],"about":[{"href":"https:\/\/teucher-marcel.de\/index.php?rest_route=\/wp\/v2\/types\/page"}],"author":[{"embeddable":true,"href":"https:\/\/teucher-marcel.de\/index.php?rest_route=\/wp\/v2\/users\/1"}],"replies":[{"embeddable":true,"href":"https:\/\/teucher-marcel.de\/index.php?rest_route=%2Fwp%2Fv2%2Fcomments&post=266"}],"version-history":[{"count":2,"href":"https:\/\/teucher-marcel.de\/index.php?rest_route=\/wp\/v2\/pages\/266\/revisions"}],"predecessor-version":[{"id":1477,"href":"https:\/\/teucher-marcel.de\/index.php?rest_route=\/wp\/v2\/pages\/266\/revisions\/1477"}],"wp:attachment":[{"href":"https:\/\/teucher-marcel.de\/index.php?rest_route=%2Fwp%2Fv2%2Fmedia&parent=266"}],"curies":[{"name":"wp","href":"https:\/\/api.w.org\/{rel}","templated":true}]}}