{"id":3726,"date":"2014-10-29T09:54:34","date_gmt":"2014-10-29T09:54:34","guid":{"rendered":"http:\/\/teucher-marcel.de\/?page_id=3726"},"modified":"2014-11-03T10:16:11","modified_gmt":"2014-11-03T10:16:11","slug":"finale-extremenduro-em-getzenrodeo-25-10-2014","status":"publish","type":"page","link":"https:\/\/teucher-marcel.de\/?page_id=3726","title":{"rendered":"Finale Extremenduro EM Getzenrodeo 25.10.2014"},"content":{"rendered":"<div id=\"dslc-main\">\n\t\t<div  class=\"dslc-modules-section \" style=\"background-color:rgb(0, 0, 0);background-image:url(https:\/\/teucher-marcel.de\/wp-content\/uploads\/2016\/07\/IMG_8820.jpg);background-repeat:no-repeat;background-position:center center;background-attachment:fixed;background-size:cover;\" data-section-id=\"\">\n\t\t\t\t<div class=\"dslc-bg-video dslc-force-show\"><div class=\"dslc-bg-video-overlay\" style=\"background-color:#000000; opacity:0.7; \"><\/div><\/div>\n\t\t\t\t\n\t\t\t\t<div class=\"dslc-modules-section-wrapper dslc-clearfix\"> <div class=\"dslc-modules-area dslc-col dslc-12-col dslc-last-col\" data-size=\"12\" data-valign=\"\">\n\t\t<div id=\"dslc-module-337\" class=\"dslc-module-front dslc-module-DSLC_TP_Title dslc-in-viewport-check dslc-in-viewport-anim-none  dslc-col dslc-12-col  dslc-module-handle-like-regular \" data-module-id=\"337\" data-module=\"DSLC_TP_Title\" data-dslc-module-size=\"12\" data-dslc-anim=\"none\" data-dslc-anim-delay=\"0\" data-dslc-anim-duration=\"650\"  data-dslc-anim-easing=\"ease\" data-dslc-preset=\"none\" >\n\n\t\t\t\n\t\t\t\n\t\t\r\n\t\t\t\t<div class=\"dslc-tp-title\"><h1>Finale Extremenduro EM Getzenrodeo 25.10.2014<\/h1><\/div>\r\n\r\n\t\t\t\n\t\t\t\t<\/div><!-- .dslc-module -->\n\t\t<\/div> <div class=\"dslc-modules-area dslc-col dslc-12-col dslc-last-col\" data-size=\"12\" data-valign=\"\">\n\t\t<div id=\"dslc-module-338\" class=\"dslc-module-front dslc-module-DSLC_Text_Simple dslc-in-viewport-check dslc-in-viewport-anim-dslcFadeIn  dslc-col dslc-12-col  dslc-module-handle-like-regular \" data-module-id=\"338\" data-module=\"DSLC_Text_Simple\" data-dslc-module-size=\"12\" data-dslc-anim=\"dslcFadeIn\" data-dslc-anim-delay=\"1000\" data-dslc-anim-duration=\"3000\"  data-dslc-anim-easing=\"linear\" data-dslc-preset=\"none\" >\n\n\t\t\t\n\t\t\t\n\t\t\r\n\t\t<div class=\"dslc-text-module-content\">\r\n\t\t\t<p style=\"text-align: justify;\"><span style=\"color: #ffffff;\"><a href=\"http:\/\/teucher-marcel.de\/wp-content\/uploads\/2014\/10\/Getzen11.jpg\"><span style=\"color: #ffffff;\"><img width=\"700\" height=\"464\" class=\"aligncenter size-full wp-image-3728\" alt=\"Getzen1\" src=\"http:\/\/teucher-marcel.de\/wp-content\/uploads\/2014\/10\/Getzen11.jpg\"><\/span><\/a><\/span><\/p><p style=\"text-align: justify;\"><span style=\"color: #ffffff;\">Der finale Lauf zum neuen FIM Extreme Enduro Cup war bei uns zu Hause im heimischen Grie\u00dfbach. Mit dem GetzenRodeo hat sich eine mehr als w\u00fcrdige Veranstaltung f\u00fcr das letzte Rennen gefunden. Eine bessere Location als den Erzgebirgswald kann es f\u00fcr uns kaum geben.<\/span><\/p><p style=\"text-align: justify;\"><span style=\"color: #ffffff;\">Ich bin mit einem 10. Gesamtplatz zum Getzen gekommen und wollte diesen halten. Die Strecke mit den unz\u00e4hligen nat\u00fcrlichen Hindernissen wie Schr\u00e4gfahrten am Hang, Auf- und Abfahrten \u00fcber Felsformationen, welche alle mit Namen des traditionellen Erzgebirgsgerichtes, dem \u201eGetzen\u201c, getauft waren (Kartoffelreibe, Getzenpfanne, Zwiebelschale oder Hei\u00dfe-R\u00f6hre).<\/span><\/p><p style=\"text-align: justify;\"><span style=\"color: #ffffff;\">Am Vorabend wurden die Startpl\u00e4tze ausgelost und ich stand mit Startplatz 29 sch\u00f6n mittig und neben Mr. JW22 \u2026<\/span><\/p><p style=\"text-align: justify;\"><span style=\"color: #ffffff;\"><img width=\"700\" height=\"467\" class=\"aligncenter size-full wp-image-3736\" alt=\"Getzen2\" src=\"http:\/\/teucher-marcel.de\/wp-content\/uploads\/2014\/10\/Getzen2.jpg\"><\/span><\/p><p style=\"text-align: justify;\"><span style=\"color: #ffffff;\">Vor einer gewaltigen Zuschauerkulisse von mehr als 10.000 Leuten durften wir um Zw\u00f6lf auf die Strecke. Als Startschuss war eigentlich ein Kanonenschlag der Zschopauer Sch\u00fctzen geplant, doch ein enthusiastischer Fan z\u00fcndete einen Knaller und das Rennen war gestartet. Ich z\u00f6gerte erst, fuhr dann los, fand mich aber am Ende des Feldes wieder. An der ersten Auffahrt namens \u201eZwiebelschale\u201c war Krieg angesagt. Dort trennte sich die Spreu vom Weizen. Auch ich hatte gleich erste Probleme, bin dann aber doch noch gut mit Hilfe der unerm\u00fcdlichen Streckenposten hochgekommen. Ich k\u00e4mpfte mich in der ersten Runde Schritt f\u00fcr Schritt immer weiter nach vorne. Das Gel\u00e4nde verzeiht keinen Fahrfehler und so nahm ich einige Bodenproben. Aber ich hatte Spa\u00df, auch wenn mein Gesichtsausdruck anderes vermuten lie\u00df.<\/span><\/p><p style=\"text-align: justify;\"><span style=\"color: #ffffff;\"><a href=\"http:\/\/teucher-marcel.de\/wp-content\/uploads\/2014\/10\/Getzen3.jpg\"><span style=\"color: #ffffff;\"><img width=\"700\" height=\"467\" class=\"aligncenter size-full wp-image-3737\" alt=\"Getzen3\" src=\"http:\/\/teucher-marcel.de\/wp-content\/uploads\/2014\/10\/Getzen3.jpg\"><\/span><\/a><\/span><\/p><p style=\"text-align: justify;\"><span style=\"color: #ffffff;\">Am meisten motiviert haben die unz\u00e4hligen Leute, Freunde und Bekannte, welche mich an der Strecke lautstark anfeuerten und mich um so manches \u201eP\u00e4uschen\u201c brachten um nach Luft zu schnappen.<\/span><\/p><p style=\"text-align: justify;\"><span style=\"color: #ffffff;\">Nach dem Pflichtstopp und neuen Handschuhen lief es noch einmal richtig gut. Doch dann hatte ich einen Hungerast und entschied mich f\u00fcr einen kurzen Stop um ein Gel zu essen. Doch das war ein Fehler, denn ich schaffte die Runde nicht schnell genug und wurde dann schon abgewunken, die Zeit war um. Zwei Stunden h\u00e4rtestes Enduro fahren waren geschafft.<\/span><\/p><p style=\"text-align: justify;\"><span style=\"color: #ffffff;\">Zu dem Zeitpunkt wusste ich nicht, ob es gereicht hat mit Platz 21. Doch dann war ich super zufrieden, denn ich bekam EM Punkte f\u00fcr Platz 19, da die Tageslizenzen rausgenommen wurden. Dadurch konnte ich mir den 10. Gesamtplatz sichern und so den bisher gr\u00f6\u00dften pers\u00f6nlichen Erfolg feiern. Einen besseren Saisonabschluss h\u00e4tte ich mir nicht ertr\u00e4umen k\u00f6nnen und bin \u00fcbergl\u00fccklich damit.<\/span><\/p><p style=\"text-align: justify;\"><span style=\"color: #ffffff;\"><a href=\"http:\/\/teucher-marcel.de\/wp-content\/uploads\/2014\/10\/Getzen4.jpg\"><span style=\"color: #ffffff;\"><img width=\"700\" height=\"464\" class=\"aligncenter size-full wp-image-3738\" alt=\"Getzen4\" src=\"http:\/\/teucher-marcel.de\/wp-content\/uploads\/2014\/10\/Getzen4.jpg\"><\/span><\/a><\/span><\/p><p style=\"text-align: justify;\"><span style=\"color: #ffffff;\">Ein gro\u00dfer Dank geht zu aller erst an alle Helfer und Zuschauer an der Strecke, die rausgekommen sind, um feinstes Extrem Enduro zu genie\u00dfen, uns tatkr\u00e4ftig an den H\u00e4ngen zu unterst\u00fctzen und uns anzufeuern. Es war ein grandioses Gef\u00fchl. Ihr ward Klasse. Entschuldigen m\u00f6chte ich mich noch bei dem kleinen Junge, dem ich mit meinem \u201eUmfaller\u201c einen riesen Schreck eingejagt hatte. Wie ich h\u00f6rte, hat mein High 5 das Tr\u00e4nenmeer gestoppt und es in ein Lachen verwandelt. Sollten wir uns mal wieder sehen, hab ich auch noch eine Kleinigkeit f\u00fcr dich :D<\/span><\/p><p style=\"text-align: justify;\"><span style=\"color: #ffffff;\">Mein Fazit des EM Cups ist durchweg positiv. Die vielen unterschiedlichen Rennen mit den verschiedenen Rennabl\u00e4ufen machen eben genau das aus, was es f\u00fcr uns Fahrer so reizvoll macht. Ich hoffe sehr auf eine Fortsetzung der EM mit eben genau diesem Mix aus Events. Ride On.<\/span><\/p><p style=\"text-align: justify;\"><span style=\"color: #ffffff;\">Weiter geht es schon am Wochenende mit dem Extremenduro in Meltewitz. Bis dahin, Cheers der Marcel #25<\/span><\/p><p style=\"text-align: justify;\"><span style=\"color: #ffffff;\"><a href=\"http:\/\/teucher-marcel.de\/?page_id=3668\"><span style=\"color: #ffffff;\">Fotogalerie<\/span><\/a><\/span><\/p><p style=\"text-align: justify;\"><span style=\"color: #ffffff;\"><iframe width=\"700\" height=\"400\" src=\"\/\/www.youtube.com\/embed\/38x5WICF8Yo\" frameborder=\"0\" allowfullscreen=\"allowfullscreen\"><\/iframe><\/span><\/p>\t\t<\/div>\r\n\r\n\t\t\n\t\t\t\t<\/div><!-- .dslc-module -->\n\t\t<\/div> <\/div><\/div> \n\t\t<div  class=\"dslc-modules-section \" style=\"padding-bottom:21px;padding-top:21px;\" data-section-id=\"\">\n\t\t\t\t\n\t\t\t\t\n\t\t\t\t<div class=\"dslc-modules-section-wrapper dslc-clearfix\"> <div class=\"dslc-modules-area dslc-col dslc-12-col dslc-last-col\" data-size=\"12\" data-valign=\"\">\n\t\t<div id=\"dslc-module-339\" class=\"dslc-module-front dslc-module-DSLC_Navigation dslc-in-viewport-check dslc-in-viewport-anim-none  dslc-col dslc-12-col  dslc-module-handle-like-regular \" data-module-id=\"339\" data-module=\"DSLC_Navigation\" data-dslc-module-size=\"12\" data-dslc-anim=\"none\" data-dslc-anim-delay=\"0\" data-dslc-anim-duration=\"650\"  data-dslc-anim-easing=\"default\" data-dslc-preset=\"none\" >\n\n\t\t\t\n\t\t\t\n\t\t\t\t\t<div class=\"dslc-navigation dslc-navigation-sub-position-default dslc-navigation-res-t-disabled dslc-navigation-res-p-disabled dslc-navigation-orientation-horizontal\">\r\n\t\t\t\t<div class=\"dslc-navigation-inner\">\r\n\t\t\t\t\t<div class=\"menu-2-container\"><ul id=\"menu-3\" class=\"menu\"><li class=\"menu-item menu-item-type-custom menu-item-object-custom menu-item-home menu-item-5379\"><a href=\"http:\/\/teucher-marcel.de\">Home<\/a><\/li>\n<li class=\"menu-item menu-item-type-post_type menu-item-object-page menu-item-has-children menu-item-5380\"><a href=\"https:\/\/teucher-marcel.de\/?page_id=183\">News<\/a>\n<ul class=\"sub-menu\">\n\t<li class=\"menu-item menu-item-type-post_type menu-item-object-page menu-item-7382\"><a href=\"https:\/\/teucher-marcel.de\/?page_id=7378\">News 2026<\/a><\/li>\n\t<li class=\"menu-item menu-item-type-post_type menu-item-object-page menu-item-7321\"><a href=\"https:\/\/teucher-marcel.de\/?page_id=7319\">News 2025<\/a><\/li>\n\t<li class=\"menu-item menu-item-type-post_type menu-item-object-page menu-item-7228\"><a href=\"https:\/\/teucher-marcel.de\/?page_id=7225\">News 2024<\/a><\/li>\n\t<li class=\"menu-item menu-item-type-post_type menu-item-object-page menu-item-7189\"><a href=\"https:\/\/teucher-marcel.de\/?page_id=7175\">News 2022<\/a><\/li>\n\t<li class=\"menu-item menu-item-type-post_type menu-item-object-page menu-item-7155\"><a href=\"https:\/\/teucher-marcel.de\/?page_id=7153\">News 2021<\/a><\/li>\n\t<li class=\"menu-item menu-item-type-post_type menu-item-object-page menu-item-7047\"><a href=\"https:\/\/teucher-marcel.de\/?page_id=7044\">News 2020<\/a><\/li>\n\t<li class=\"menu-item menu-item-type-post_type menu-item-object-page menu-item-6826\"><a href=\"https:\/\/teucher-marcel.de\/?page_id=6824\">News 2019<\/a><\/li>\n\t<li class=\"menu-item menu-item-type-post_type menu-item-object-page menu-item-6388\"><a href=\"https:\/\/teucher-marcel.de\/?page_id=6363\">News  2018<\/a><\/li>\n\t<li class=\"menu-item menu-item-type-post_type menu-item-object-page menu-item-5909\"><a href=\"https:\/\/teucher-marcel.de\/?page_id=5907\">News 2017<\/a><\/li>\n\t<li class=\"menu-item menu-item-type-post_type menu-item-object-page menu-item-5381\"><a href=\"https:\/\/teucher-marcel.de\/?page_id=4880\">News 2016<\/a><\/li>\n\t<li class=\"menu-item menu-item-type-post_type menu-item-object-page menu-item-5382\"><a href=\"https:\/\/teucher-marcel.de\/?page_id=3865\">News 2015<\/a><\/li>\n\t<li class=\"menu-item menu-item-type-post_type menu-item-object-page menu-item-5383\"><a href=\"https:\/\/teucher-marcel.de\/?page_id=1066\">News 2014<\/a><\/li>\n\t<li class=\"menu-item menu-item-type-post_type menu-item-object-page menu-item-5385\"><a href=\"https:\/\/teucher-marcel.de\/?page_id=185\">News 2013<\/a><\/li>\n\t<li class=\"menu-item menu-item-type-post_type menu-item-object-page menu-item-5384\"><a href=\"https:\/\/teucher-marcel.de\/?page_id=315\">News 2012<\/a><\/li>\n<\/ul>\n<\/li>\n<li class=\"menu-item menu-item-type-post_type menu-item-object-page menu-item-5386\"><a href=\"https:\/\/teucher-marcel.de\/?page_id=5282\">Sportliche Laufbahn<\/a><\/li>\n<li class=\"menu-item menu-item-type-post_type menu-item-object-page menu-item-5387\"><a href=\"https:\/\/teucher-marcel.de\/?page_id=78\">Sponsoren<\/a><\/li>\n<li class=\"menu-item menu-item-type-post_type menu-item-object-page menu-item-has-children menu-item-5388\"><a href=\"https:\/\/teucher-marcel.de\/?page_id=4051\">Media<\/a>\n<ul class=\"sub-menu\">\n\t<li class=\"menu-item menu-item-type-custom menu-item-object-custom menu-item-7229\"><a href=\"https:\/\/www.instagram.com\/marcelteucher25\/\">Instagram<\/a><\/li>\n\t<li class=\"menu-item menu-item-type-custom menu-item-object-custom menu-item-5390\"><a href=\"http:\/\/teucher-marcel.de\/?page_id=710\">Fotogalerie<\/a><\/li>\n\t<li class=\"menu-item menu-item-type-post_type menu-item-object-page menu-item-5391\"><a href=\"https:\/\/teucher-marcel.de\/?page_id=4048\">Video<\/a><\/li>\n\t<li class=\"menu-item menu-item-type-post_type menu-item-object-page menu-item-5392\"><a href=\"https:\/\/teucher-marcel.de\/?page_id=537\">Presseberichte<\/a><\/li>\n\t<li class=\"menu-item menu-item-type-post_type menu-item-object-page menu-item-5393\"><a href=\"https:\/\/teucher-marcel.de\/?page_id=1165\">Mediaservice<\/a><\/li>\n<\/ul>\n<\/li>\n<li class=\"menu-item menu-item-type-post_type menu-item-object-page menu-item-5395\"><a href=\"https:\/\/teucher-marcel.de\/?page_id=749\">EnduroPro<\/a><\/li>\n<li class=\"menu-item menu-item-type-post_type menu-item-object-page menu-item-5397\"><a href=\"https:\/\/teucher-marcel.de\/?page_id=3948\">Impressum\/Kontakt<\/a><\/li>\n<\/ul><\/div>\r\n\t\t\t\t\t\t\t\t\t<\/div>\r\n\t\t\t<\/div>\r\n\t\t\t<div class=\"dslc-mobile-navigation dslc-navigation-res-t-disabled  dslc-navigation-res-p-disabled\">\r\n\t\t\t\t<select><option>- Select -<\/option><option value=\"http:\/\/teucher-marcel.de\" >Home<\/option><option value=\"https:\/\/teucher-marcel.de\/?page_id=183\" >News<\/option><option value=\"https:\/\/teucher-marcel.de\/?page_id=7378\" >News 2026<\/option><option value=\"https:\/\/teucher-marcel.de\/?page_id=7319\" >News 2025<\/option><option value=\"https:\/\/teucher-marcel.de\/?page_id=7225\" >News 2024<\/option><option value=\"https:\/\/teucher-marcel.de\/?page_id=7175\" >News 2022<\/option><option value=\"https:\/\/teucher-marcel.de\/?page_id=7153\" >News 2021<\/option><option value=\"https:\/\/teucher-marcel.de\/?page_id=7044\" >News 2020<\/option><option value=\"https:\/\/teucher-marcel.de\/?page_id=6824\" >News 2019<\/option><option value=\"https:\/\/teucher-marcel.de\/?page_id=6363\" >News  2018<\/option><option value=\"https:\/\/teucher-marcel.de\/?page_id=5907\" >News 2017<\/option><option value=\"https:\/\/teucher-marcel.de\/?page_id=4880\" >News 2016<\/option><option value=\"https:\/\/teucher-marcel.de\/?page_id=3865\" >News 2015<\/option><option value=\"https:\/\/teucher-marcel.de\/?page_id=1066\" > - News 2014<\/option><option value=\"https:\/\/teucher-marcel.de\/?page_id=185\" > - News 2013<\/option><option value=\"https:\/\/teucher-marcel.de\/?page_id=315\" > - News 2012<\/option><option value=\"https:\/\/teucher-marcel.de\/?page_id=5282\" >Sportliche Laufbahn<\/option><option value=\"https:\/\/teucher-marcel.de\/?page_id=78\" >Sponsoren<\/option><option value=\"https:\/\/teucher-marcel.de\/?page_id=4051\" >Media<\/option><option value=\"https:\/\/www.instagram.com\/marcelteucher25\/\" >Instagram<\/option><option value=\"http:\/\/teucher-marcel.de\/?page_id=710\" >Fotogalerie<\/option><option value=\"https:\/\/teucher-marcel.de\/?page_id=4048\" >Video<\/option><option value=\"https:\/\/teucher-marcel.de\/?page_id=537\" >Presseberichte<\/option><option value=\"https:\/\/teucher-marcel.de\/?page_id=1165\" >Mediaservice<\/option><option value=\"https:\/\/teucher-marcel.de\/?page_id=749\" >EnduroPro<\/option><option value=\"https:\/\/teucher-marcel.de\/?page_id=3948\" >Impressum\/Kontakt<\/option><\/select>\r\n\t\t\t\t<div class=\"dslc-mobile-navigation-hook\"><span class=\"dslc-icon dslc-icon-reorder\"><\/span><\/div>\r\n\t\t\t<\/div><!-- .dslc-mobile-navigation -->\r\n\r\n\t\t\t\r\n\t\t\t<script type=\"text\/javascript\">\r\n\t\t\t\tvar menuItems = document.querySelectorAll( '.dslc-navigation .menu > li.menu-item-has-children:not(.menu-with-arrow) > a' );\r\n\r\n\t\t\t\tfor (var i = 0, len = menuItems.length; i < len; i++) {\r\n\t\t\t\t  menuItems[i].insertAdjacentHTML('afterend', '<span class=\"dslc-navigation-arrow dslc-icon dslc-icon-chevron-down\"><\/span>');\r\n\t\t\t\t  menuItems[i].parentElement.className += \" menu-with-arrow\";\r\n\t\t\t\t}\r\n\t\t\t<\/script>\r\n\t\t\t\n\t\t\t\t<\/div><!-- .dslc-module -->\n\t\t<\/div> <\/div><\/div> <\/div><input type=\"hidden\" id=\"dslca-post-data-thumb\" value=\"https:\/\/teucher-marcel.de\/wp-content\/uploads\/2014\/10\/Getzen11.jpg\" \/>","protected":false},"excerpt":{"rendered":"<p>Finale Extremenduro EM Getzenrodeo 25.10.2014 Der finale Lauf zum neuen FIM Extreme Enduro Cup war bei uns zu Hause im heimischen Grie\u00dfbach. Mit dem GetzenRodeo hat sich eine mehr als w\u00fcrdige Veranstaltung f\u00fcr das letzte Rennen gefunden. Eine bessere Location als den Erzgebirgswald kann es f\u00fcr uns kaum geben.Ich bin mit einem 10. Gesamtplatz zum [&hellip;]<\/p>\n","protected":false},"author":1,"featured_media":3728,"parent":0,"menu_order":0,"comment_status":"closed","ping_status":"open","template":"fullpage.php","meta":{"ngg_post_thumbnail":0,"footnotes":"","_links_to":"","_links_to_target":""},"class_list":["post-3726","page","type-page","status-publish","has-post-thumbnail","hentry"],"_links":{"self":[{"href":"https:\/\/teucher-marcel.de\/index.php?rest_route=\/wp\/v2\/pages\/3726","targetHints":{"allow":["GET"]}}],"collection":[{"href":"https:\/\/teucher-marcel.de\/index.php?rest_route=\/wp\/v2\/pages"}],"about":[{"href":"https:\/\/teucher-marcel.de\/index.php?rest_route=\/wp\/v2\/types\/page"}],"author":[{"embeddable":true,"href":"https:\/\/teucher-marcel.de\/index.php?rest_route=\/wp\/v2\/users\/1"}],"replies":[{"embeddable":true,"href":"https:\/\/teucher-marcel.de\/index.php?rest_route=%2Fwp%2Fv2%2Fcomments&post=3726"}],"version-history":[{"count":4,"href":"https:\/\/teucher-marcel.de\/index.php?rest_route=\/wp\/v2\/pages\/3726\/revisions"}],"predecessor-version":[{"id":3739,"href":"https:\/\/teucher-marcel.de\/index.php?rest_route=\/wp\/v2\/pages\/3726\/revisions\/3739"}],"wp:featuredmedia":[{"embeddable":true,"href":"https:\/\/teucher-marcel.de\/index.php?rest_route=\/wp\/v2\/media\/3728"}],"wp:attachment":[{"href":"https:\/\/teucher-marcel.de\/index.php?rest_route=%2Fwp%2Fv2%2Fmedia&parent=3726"}],"curies":[{"name":"wp","href":"https:\/\/api.w.org\/{rel}","templated":true}]}}