{"id":4070,"date":"2015-04-17T08:23:51","date_gmt":"2015-04-17T08:23:51","guid":{"rendered":"http:\/\/teucher-marcel.de\/?page_id=4070"},"modified":"2015-04-17T08:23:51","modified_gmt":"2015-04-17T08:23:51","slug":"3h-enduro-soc-meltewitz-start-in-die-outdoor-saison-2015","status":"publish","type":"page","link":"https:\/\/teucher-marcel.de\/?page_id=4070","title":{"rendered":"3h Enduro SOC Meltewitz &#8211; Start in die Outdoor Saison 2015"},"content":{"rendered":"<div id=\"dslc-main\">\n\t\t<div  class=\"dslc-modules-section \" style=\"background-color:rgb(0, 0, 0);background-image:url(https:\/\/teucher-marcel.de\/wp-content\/uploads\/2016\/07\/IMG_7005.jpg);background-repeat:no-repeat;background-position:center center;background-attachment:fixed;background-size:cover;\" data-section-id=\"\">\n\t\t\t\t<div class=\"dslc-bg-video dslc-force-show\"><div class=\"dslc-bg-video-overlay\" style=\"background-color:#000000; opacity:0.7; \"><\/div><\/div>\n\t\t\t\t\n\t\t\t\t<div class=\"dslc-modules-section-wrapper dslc-clearfix\"> <div class=\"dslc-modules-area dslc-col dslc-12-col dslc-last-col\" data-size=\"12\" data-valign=\"\">\n\t\t<div id=\"dslc-module-325\" class=\"dslc-module-front dslc-module-DSLC_TP_Title dslc-in-viewport-check dslc-in-viewport-anim-none  dslc-col dslc-12-col  dslc-module-handle-like-regular \" data-module-id=\"325\" data-module=\"DSLC_TP_Title\" data-dslc-module-size=\"12\" data-dslc-anim=\"none\" data-dslc-anim-delay=\"0\" data-dslc-anim-duration=\"650\"  data-dslc-anim-easing=\"ease\" data-dslc-preset=\"none\" >\n\n\t\t\t\n\t\t\t\n\t\t\r\n\t\t\t\t<div class=\"dslc-tp-title\"><h1>3h Enduro SOC Meltewitz &#8211; Start in die Outdoor Saison 2015<\/h1><\/div>\r\n\r\n\t\t\t\n\t\t\t\t<\/div><!-- .dslc-module -->\n\t\t<\/div> <div class=\"dslc-modules-area dslc-col dslc-12-col dslc-last-col\" data-size=\"12\" data-valign=\"\">\n\t\t<div id=\"dslc-module-326\" class=\"dslc-module-front dslc-module-DSLC_Text_Simple dslc-in-viewport-check dslc-in-viewport-anim-dslcFadeIn  dslc-col dslc-12-col  dslc-module-handle-like-regular \" data-module-id=\"326\" data-module=\"DSLC_Text_Simple\" data-dslc-module-size=\"12\" data-dslc-anim=\"dslcFadeIn\" data-dslc-anim-delay=\"1000\" data-dslc-anim-duration=\"3000\"  data-dslc-anim-easing=\"linear\" data-dslc-preset=\"none\" >\n\n\t\t\t\n\t\t\t\n\t\t\r\n\t\t<div class=\"dslc-text-module-content\">\r\n\t\t\t<p style=\"text-align: justify;\"><span style=\"color: #ffffff;\"><a href=\"http:\/\/teucher-marcel.de\/wp-content\/uploads\/2015\/04\/Meltewitz15_1.jpg\"><span style=\"color: #ffffff;\"><img width=\"750\" height=\"500\" class=\"aligncenter size-full wp-image-4071\" alt=\"Meltewitz15_1\" src=\"http:\/\/teucher-marcel.de\/wp-content\/uploads\/2015\/04\/Meltewitz15_1.jpg\"><\/span><\/a><\/span><\/p><p style=\"text-align: justify;\"><span style=\"color: #ffffff;\">Mein Auftakt der Outdoorsaison fand am letzten Sonntag in Meltewitz statt. Ich werde soweit es die internationalen Termine zulassen in dieser Saison einige L\u00e4ufe zum S\u00e4chsischen Offroadcup als Trainingsrennen in der PRO Klasse fahren. Den Vormittag nutzte ich f\u00fcr eine kleine Rennradrunde und genoss dabei den Sonnenaufgang im Erzgebirge. Mit meinem Kumpel Groschi machten wir uns dann gegen Mittag auf den Weg nach Meltewitz. Als wir angekommen sind, war ich erstmal erstaunt was aus dieser doch sehr kleinen Serie geworden ist. So viele Menschen gab es manchmal nicht zu DM Rennen im Fahrerlager. Die Organisatoren um Daniel Gressler haben seit meinem letzten Start 2012 wirklich eine super sch\u00f6ne Serie gemacht.<\/span><\/p><p style=\"text-align: justify;\"><span style=\"color: #ffffff;\"><a href=\"http:\/\/teucher-marcel.de\/wp-content\/uploads\/2015\/04\/Meltewitz15_2.jpg\"><span style=\"color: #ffffff;\"><img width=\"750\" height=\"501\" class=\"aligncenter size-full wp-image-4072\" alt=\"Meltewitz15_2\" src=\"http:\/\/teucher-marcel.de\/wp-content\/uploads\/2015\/04\/Meltewitz15_2.jpg\"><\/span><\/a><\/span><\/p><p style=\"text-align: justify;\"><span style=\"color: #ffffff;\"><strong>Zur Strecke.<\/strong><\/span><\/p><p style=\"text-align: justify;\"><span style=\"color: #ffffff;\">Die 20 min\u00fctige Runde war sehr abwechslungsreich und ansprechend abgesteckt. Ein paar kniffeligere Ecken h\u00e4tte ich mir schon gew\u00fcnscht aber es war dennoch eine sch\u00f6ne Route rund um den Steinbruch. Einziger Kritikpunkt war eine Art Schwebebalken auf dem Track des SHC, diese doch schon anspruchsvolle Stelle wurde mit einer Umfahrung versehen. Die Umfahrung war leider f\u00fcr mich nicht langsamer und so entschied ich mich logischerweise f\u00fcr diese.<\/span><\/p><p style=\"text-align: justify;\"><span style=\"color: #ffffff;\"><a href=\"http:\/\/teucher-marcel.de\/wp-content\/uploads\/2015\/04\/Meltewitz15_3.jpg\"><span style=\"color: #ffffff;\"><img width=\"750\" height=\"500\" class=\"aligncenter size-full wp-image-4073\" alt=\"Meltewitz15_3\" src=\"http:\/\/teucher-marcel.de\/wp-content\/uploads\/2015\/04\/Meltewitz15_3.jpg\"><\/span><\/a><\/span><\/p><p style=\"text-align: justify;\"><span style=\"color: #ffffff;\"><strong>Zum eigentlichen Rennen.<\/strong><\/span><\/p><p style=\"text-align: justify;\"><span style=\"color: #ffffff;\">Nach dem Start fand ich mich erst einmal auf Platz 2 wieder. In der zweiten Runde konnte ich mich dann an die Spitze setzen. Das war gar nicht so einfach auf der engen Strecke die f\u00fcr fast alle einen \u00e4hnlichen Speed bereit hielt und somit das \u00fcberholen doch schwer viel. David Schmid lies aber nicht locker und klebte mir quasi am Hinterrad. In der dritten Runde steckte ich kurz im Schlammloch fest und verlor die F\u00fchrung und musste diesen R\u00fcckstand nachfahren. Ich versuchte mein Tempo weiter hochzuhalten und ranzufahren. Er nahm eine Runde fr\u00fcher wie ich den Tankstopp wodurch er seinen deutlichen Vorsprung aus dem Schlammloch verlor und so sah ich die pinke Bommel von weitem vor mir fahren. Ich k\u00e4mpfte mich ran und konnte dann auch an einer Auffahrt vorbeigehen. Ich versuchte etwas Zeit f\u00fcr meinem Tankstopp rauszufahren, dennoch reichte es trotz des schnellen Boxenstopps vom Schaller Serviceteam nicht ganz und er konnte wieder vorbeigehen. Komischer Weise holte ich ihn aber relativ schnell wieder ein und konnte auch \u00dcberholen. Am Ende hatte ich nach 3 Stunden zu einem Vorsprung von einer Minute gereicht und konnte den ersten Saisonsieg feiern.<\/span><br><span style=\"color: #ffffff;\"> Den n\u00e4chsten Lauf werde ich nicht am Start sein, da am gleichen Wochenende das Drapak Rodeo stattfindet. In Torgau werde ich aber wahrscheinlich wieder am Start sein.<\/span><\/p><p style=\"text-align: justify;\"><span style=\"color: #ffffff;\"><a href=\"http:\/\/teucher-marcel.de\/wp-content\/uploads\/2015\/04\/Meltewitz15_4.jpg\"><span style=\"color: #ffffff;\"><img width=\"750\" height=\"500\" class=\"size-full wp-image-4074\" alt=\"Meltewitz15_4\" src=\"http:\/\/teucher-marcel.de\/wp-content\/uploads\/2015\/04\/Meltewitz15_4.jpg\"><\/span><\/a><\/span><\/p>\t\t<\/div>\r\n\r\n\t\t\n\t\t\t\t<\/div><!-- .dslc-module -->\n\t\t<\/div> <\/div><\/div> \n\t\t<div  class=\"dslc-modules-section \" style=\"padding-bottom:21px;padding-top:21px;\" data-section-id=\"\">\n\t\t\t\t\n\t\t\t\t\n\t\t\t\t<div class=\"dslc-modules-section-wrapper dslc-clearfix\"> <div class=\"dslc-modules-area dslc-col dslc-12-col dslc-last-col\" data-size=\"12\" data-valign=\"\">\n\t\t<div id=\"dslc-module-327\" class=\"dslc-module-front dslc-module-DSLC_Navigation dslc-in-viewport-check dslc-in-viewport-anim-none  dslc-col dslc-12-col  dslc-module-handle-like-regular \" data-module-id=\"327\" data-module=\"DSLC_Navigation\" data-dslc-module-size=\"12\" data-dslc-anim=\"none\" data-dslc-anim-delay=\"0\" data-dslc-anim-duration=\"650\"  data-dslc-anim-easing=\"default\" data-dslc-preset=\"none\" >\n\n\t\t\t\n\t\t\t\n\t\t\t\t\t<div class=\"dslc-navigation dslc-navigation-sub-position-default dslc-navigation-res-t-disabled dslc-navigation-res-p-disabled dslc-navigation-orientation-horizontal\">\r\n\t\t\t\t<div class=\"dslc-navigation-inner\">\r\n\t\t\t\t\t<div class=\"menu-2-container\"><ul id=\"menu-3\" class=\"menu\"><li class=\"menu-item menu-item-type-custom menu-item-object-custom menu-item-home menu-item-5379\"><a href=\"http:\/\/teucher-marcel.de\">Home<\/a><\/li>\n<li class=\"menu-item menu-item-type-post_type menu-item-object-page menu-item-has-children menu-item-5380\"><a href=\"https:\/\/teucher-marcel.de\/?page_id=183\">News<\/a>\n<ul class=\"sub-menu\">\n\t<li class=\"menu-item menu-item-type-post_type menu-item-object-page menu-item-7382\"><a href=\"https:\/\/teucher-marcel.de\/?page_id=7378\">News 2026<\/a><\/li>\n\t<li class=\"menu-item menu-item-type-post_type menu-item-object-page menu-item-7321\"><a href=\"https:\/\/teucher-marcel.de\/?page_id=7319\">News 2025<\/a><\/li>\n\t<li class=\"menu-item menu-item-type-post_type menu-item-object-page menu-item-7228\"><a href=\"https:\/\/teucher-marcel.de\/?page_id=7225\">News 2024<\/a><\/li>\n\t<li class=\"menu-item menu-item-type-post_type menu-item-object-page menu-item-7189\"><a href=\"https:\/\/teucher-marcel.de\/?page_id=7175\">News 2022<\/a><\/li>\n\t<li class=\"menu-item menu-item-type-post_type menu-item-object-page menu-item-7155\"><a href=\"https:\/\/teucher-marcel.de\/?page_id=7153\">News 2021<\/a><\/li>\n\t<li class=\"menu-item menu-item-type-post_type menu-item-object-page menu-item-7047\"><a href=\"https:\/\/teucher-marcel.de\/?page_id=7044\">News 2020<\/a><\/li>\n\t<li class=\"menu-item menu-item-type-post_type menu-item-object-page menu-item-6826\"><a href=\"https:\/\/teucher-marcel.de\/?page_id=6824\">News 2019<\/a><\/li>\n\t<li class=\"menu-item menu-item-type-post_type menu-item-object-page menu-item-6388\"><a href=\"https:\/\/teucher-marcel.de\/?page_id=6363\">News  2018<\/a><\/li>\n\t<li class=\"menu-item menu-item-type-post_type menu-item-object-page menu-item-5909\"><a href=\"https:\/\/teucher-marcel.de\/?page_id=5907\">News 2017<\/a><\/li>\n\t<li class=\"menu-item menu-item-type-post_type menu-item-object-page menu-item-5381\"><a href=\"https:\/\/teucher-marcel.de\/?page_id=4880\">News 2016<\/a><\/li>\n\t<li class=\"menu-item menu-item-type-post_type menu-item-object-page menu-item-5382\"><a href=\"https:\/\/teucher-marcel.de\/?page_id=3865\">News 2015<\/a><\/li>\n\t<li class=\"menu-item menu-item-type-post_type menu-item-object-page menu-item-5383\"><a href=\"https:\/\/teucher-marcel.de\/?page_id=1066\">News 2014<\/a><\/li>\n\t<li class=\"menu-item menu-item-type-post_type menu-item-object-page menu-item-5385\"><a href=\"https:\/\/teucher-marcel.de\/?page_id=185\">News 2013<\/a><\/li>\n\t<li class=\"menu-item menu-item-type-post_type menu-item-object-page menu-item-5384\"><a href=\"https:\/\/teucher-marcel.de\/?page_id=315\">News 2012<\/a><\/li>\n<\/ul>\n<\/li>\n<li class=\"menu-item menu-item-type-post_type menu-item-object-page menu-item-5386\"><a href=\"https:\/\/teucher-marcel.de\/?page_id=5282\">Sportliche Laufbahn<\/a><\/li>\n<li class=\"menu-item menu-item-type-post_type menu-item-object-page menu-item-5387\"><a href=\"https:\/\/teucher-marcel.de\/?page_id=78\">Sponsoren<\/a><\/li>\n<li class=\"menu-item menu-item-type-post_type menu-item-object-page menu-item-has-children menu-item-5388\"><a href=\"https:\/\/teucher-marcel.de\/?page_id=4051\">Media<\/a>\n<ul class=\"sub-menu\">\n\t<li class=\"menu-item menu-item-type-custom menu-item-object-custom menu-item-7229\"><a href=\"https:\/\/www.instagram.com\/marcelteucher25\/\">Instagram<\/a><\/li>\n\t<li class=\"menu-item menu-item-type-custom menu-item-object-custom menu-item-5390\"><a href=\"http:\/\/teucher-marcel.de\/?page_id=710\">Fotogalerie<\/a><\/li>\n\t<li class=\"menu-item menu-item-type-post_type menu-item-object-page menu-item-5391\"><a href=\"https:\/\/teucher-marcel.de\/?page_id=4048\">Video<\/a><\/li>\n\t<li class=\"menu-item menu-item-type-post_type menu-item-object-page menu-item-5392\"><a href=\"https:\/\/teucher-marcel.de\/?page_id=537\">Presseberichte<\/a><\/li>\n\t<li class=\"menu-item menu-item-type-post_type menu-item-object-page menu-item-5393\"><a href=\"https:\/\/teucher-marcel.de\/?page_id=1165\">Mediaservice<\/a><\/li>\n<\/ul>\n<\/li>\n<li class=\"menu-item menu-item-type-post_type menu-item-object-page menu-item-5395\"><a href=\"https:\/\/teucher-marcel.de\/?page_id=749\">EnduroPro<\/a><\/li>\n<li class=\"menu-item menu-item-type-post_type menu-item-object-page menu-item-5397\"><a href=\"https:\/\/teucher-marcel.de\/?page_id=3948\">Impressum\/Kontakt<\/a><\/li>\n<\/ul><\/div>\r\n\t\t\t\t\t\t\t\t\t<\/div>\r\n\t\t\t<\/div>\r\n\t\t\t<div class=\"dslc-mobile-navigation dslc-navigation-res-t-disabled  dslc-navigation-res-p-disabled\">\r\n\t\t\t\t<select><option>- Select -<\/option><option value=\"http:\/\/teucher-marcel.de\" >Home<\/option><option value=\"https:\/\/teucher-marcel.de\/?page_id=183\" >News<\/option><option value=\"https:\/\/teucher-marcel.de\/?page_id=7378\" >News 2026<\/option><option value=\"https:\/\/teucher-marcel.de\/?page_id=7319\" >News 2025<\/option><option value=\"https:\/\/teucher-marcel.de\/?page_id=7225\" >News 2024<\/option><option value=\"https:\/\/teucher-marcel.de\/?page_id=7175\" >News 2022<\/option><option value=\"https:\/\/teucher-marcel.de\/?page_id=7153\" >News 2021<\/option><option value=\"https:\/\/teucher-marcel.de\/?page_id=7044\" >News 2020<\/option><option value=\"https:\/\/teucher-marcel.de\/?page_id=6824\" >News 2019<\/option><option value=\"https:\/\/teucher-marcel.de\/?page_id=6363\" >News  2018<\/option><option value=\"https:\/\/teucher-marcel.de\/?page_id=5907\" >News 2017<\/option><option value=\"https:\/\/teucher-marcel.de\/?page_id=4880\" >News 2016<\/option><option value=\"https:\/\/teucher-marcel.de\/?page_id=3865\" >News 2015<\/option><option value=\"https:\/\/teucher-marcel.de\/?page_id=1066\" > - News 2014<\/option><option value=\"https:\/\/teucher-marcel.de\/?page_id=185\" > - News 2013<\/option><option value=\"https:\/\/teucher-marcel.de\/?page_id=315\" > - News 2012<\/option><option value=\"https:\/\/teucher-marcel.de\/?page_id=5282\" >Sportliche Laufbahn<\/option><option value=\"https:\/\/teucher-marcel.de\/?page_id=78\" >Sponsoren<\/option><option value=\"https:\/\/teucher-marcel.de\/?page_id=4051\" >Media<\/option><option value=\"https:\/\/www.instagram.com\/marcelteucher25\/\" >Instagram<\/option><option value=\"http:\/\/teucher-marcel.de\/?page_id=710\" >Fotogalerie<\/option><option value=\"https:\/\/teucher-marcel.de\/?page_id=4048\" >Video<\/option><option value=\"https:\/\/teucher-marcel.de\/?page_id=537\" >Presseberichte<\/option><option value=\"https:\/\/teucher-marcel.de\/?page_id=1165\" >Mediaservice<\/option><option value=\"https:\/\/teucher-marcel.de\/?page_id=749\" >EnduroPro<\/option><option value=\"https:\/\/teucher-marcel.de\/?page_id=3948\" >Impressum\/Kontakt<\/option><\/select>\r\n\t\t\t\t<div class=\"dslc-mobile-navigation-hook\"><span class=\"dslc-icon dslc-icon-reorder\"><\/span><\/div>\r\n\t\t\t<\/div><!-- .dslc-mobile-navigation -->\r\n\r\n\t\t\t\r\n\t\t\t<script type=\"text\/javascript\">\r\n\t\t\t\tvar menuItems = document.querySelectorAll( '.dslc-navigation .menu > li.menu-item-has-children:not(.menu-with-arrow) > a' );\r\n\r\n\t\t\t\tfor (var i = 0, len = menuItems.length; i < len; i++) {\r\n\t\t\t\t  menuItems[i].insertAdjacentHTML('afterend', '<span class=\"dslc-navigation-arrow dslc-icon dslc-icon-chevron-down\"><\/span>');\r\n\t\t\t\t  menuItems[i].parentElement.className += \" menu-with-arrow\";\r\n\t\t\t\t}\r\n\t\t\t<\/script>\r\n\t\t\t\n\t\t\t\t<\/div><!-- .dslc-module -->\n\t\t<\/div> <\/div><\/div> <\/div>","protected":false},"excerpt":{"rendered":"<p>3h Enduro SOC Meltewitz &#8211; Start in die Outdoor Saison 2015 Mein Auftakt der Outdoorsaison fand am letzten Sonntag in Meltewitz statt. Ich werde soweit es die internationalen Termine zulassen in dieser Saison einige L\u00e4ufe zum S\u00e4chsischen Offroadcup als Trainingsrennen in der PRO Klasse fahren. Den Vormittag nutzte ich f\u00fcr eine kleine Rennradrunde und genoss [&hellip;]<\/p>\n","protected":false},"author":1,"featured_media":0,"parent":0,"menu_order":0,"comment_status":"closed","ping_status":"open","template":"fullpage.php","meta":{"ngg_post_thumbnail":0,"footnotes":"","_links_to":"","_links_to_target":""},"class_list":["post-4070","page","type-page","status-publish","hentry"],"_links":{"self":[{"href":"https:\/\/teucher-marcel.de\/index.php?rest_route=\/wp\/v2\/pages\/4070","targetHints":{"allow":["GET"]}}],"collection":[{"href":"https:\/\/teucher-marcel.de\/index.php?rest_route=\/wp\/v2\/pages"}],"about":[{"href":"https:\/\/teucher-marcel.de\/index.php?rest_route=\/wp\/v2\/types\/page"}],"author":[{"embeddable":true,"href":"https:\/\/teucher-marcel.de\/index.php?rest_route=\/wp\/v2\/users\/1"}],"replies":[{"embeddable":true,"href":"https:\/\/teucher-marcel.de\/index.php?rest_route=%2Fwp%2Fv2%2Fcomments&post=4070"}],"version-history":[{"count":1,"href":"https:\/\/teucher-marcel.de\/index.php?rest_route=\/wp\/v2\/pages\/4070\/revisions"}],"predecessor-version":[{"id":4075,"href":"https:\/\/teucher-marcel.de\/index.php?rest_route=\/wp\/v2\/pages\/4070\/revisions\/4075"}],"wp:attachment":[{"href":"https:\/\/teucher-marcel.de\/index.php?rest_route=%2Fwp%2Fv2%2Fmedia&parent=4070"}],"curies":[{"name":"wp","href":"https:\/\/api.w.org\/{rel}","templated":true}]}}