{"id":4297,"date":"2015-05-21T13:53:53","date_gmt":"2015-05-21T13:53:53","guid":{"rendered":"http:\/\/teucher-marcel.de\/?page_id=4297"},"modified":"2015-05-21T13:54:49","modified_gmt":"2015-05-21T13:54:49","slug":"im-alten-sanatorium-zum-knorpelschaenkensieg","status":"publish","type":"page","link":"https:\/\/teucher-marcel.de\/?page_id=4297","title":{"rendered":"Im alten Sanatorium zum Knorpelsch\u00e4nkensieg"},"content":{"rendered":"<div id=\"dslc-main\">\n\t\t<div  class=\"dslc-modules-section \" style=\"background-color:rgb(0, 0, 0);background-image:url(https:\/\/teucher-marcel.de\/wp-content\/uploads\/2016\/07\/IMG_7503.jpg);background-repeat:no-repeat;background-position:center center;background-attachment:fixed;background-size:cover;\" data-section-id=\"\">\n\t\t\t\t<div class=\"dslc-bg-video dslc-force-show\"><div class=\"dslc-bg-video-overlay\" style=\"background-color:#000000; opacity:0.7; \"><\/div><\/div>\n\t\t\t\t\n\t\t\t\t<div class=\"dslc-modules-section-wrapper dslc-clearfix\"> <div class=\"dslc-modules-area dslc-col dslc-12-col dslc-last-col\" data-size=\"12\" data-valign=\"\">\n\t\t<div id=\"dslc-module-316\" class=\"dslc-module-front dslc-module-DSLC_TP_Title dslc-in-viewport-check dslc-in-viewport-anim-none  dslc-col dslc-12-col  dslc-module-handle-like-regular \" data-module-id=\"316\" data-module=\"DSLC_TP_Title\" data-dslc-module-size=\"12\" data-dslc-anim=\"none\" data-dslc-anim-delay=\"0\" data-dslc-anim-duration=\"650\"  data-dslc-anim-easing=\"ease\" data-dslc-preset=\"none\" >\n\n\t\t\t\n\t\t\t\n\t\t\r\n\t\t\t\t<div class=\"dslc-tp-title\"><h1>Im alten Sanatorium zum Knorpelsch\u00e4nkensieg<\/h1><\/div>\r\n\r\n\t\t\t\n\t\t\t\t<\/div><!-- .dslc-module -->\n\t\t<\/div> <div class=\"dslc-modules-area dslc-col dslc-12-col dslc-last-col\" data-size=\"12\" data-valign=\"\">\n\t\t<div id=\"dslc-module-317\" class=\"dslc-module-front dslc-module-DSLC_Text_Simple dslc-in-viewport-check dslc-in-viewport-anim-dslcFadeIn  dslc-col dslc-12-col  dslc-module-handle-like-regular \" data-module-id=\"317\" data-module=\"DSLC_Text_Simple\" data-dslc-module-size=\"12\" data-dslc-anim=\"dslcFadeIn\" data-dslc-anim-delay=\"1000\" data-dslc-anim-duration=\"3000\"  data-dslc-anim-easing=\"linear\" data-dslc-preset=\"none\" >\n\n\t\t\t\n\t\t\t\n\t\t\r\n\t\t<div class=\"dslc-text-module-content\">\r\n\t\t\t<p style=\"text-align: justify;\"><span style=\"color: #ffffff;\"><a href=\"http:\/\/teucher-marcel.de\/wp-content\/uploads\/2015\/05\/Knorpel1.jpg\"><span style=\"color: #ffffff;\"><img width=\"750\" height=\"489\" class=\"aligncenter size-full wp-image-4298\" alt=\"Knorpel1\" src=\"http:\/\/teucher-marcel.de\/wp-content\/uploads\/2015\/05\/Knorpel1.jpg\"><\/span><\/a><\/span><\/p><p style=\"text-align: justify;\"><span style=\"color: #ffffff;\">In der vergangenen Woche luden mich meine Teambuddys Felix Br\u00e4uer und Franz Lippach zum \u201eKnorpelsch\u00e4nkenenduro\u201c ein.<\/span><\/p><p style=\"text-align: justify;\"><span style=\"color: #ffffff;\">Das \u201eKnorpelteam\u201c baute im W\u00e4ldchen des ehemaligen Sanatoriums in Radeberg im Ortsteil Feldschl\u00f6sschen ein feine kurze aber knackige Runde mit einigen Highlights. Neben den sch\u00f6nen Singletrails gab es knifflige Auffahrten und Treppenanlagen zu bew\u00e4ltigen. Als Highlight wurde eine gro\u00dfe 5m Rampe zum \u00dcberspringen eins Grabens aufgebaut. Daf\u00fcr gab es auch eine Extra Wertung: \u201eJUMP-JUMP-JUMP\u201c war das Motto. Der Fahrer mit den meisten Spr\u00fcngen konnte sich \u00fcber einen kleinen Sonderpreis freuen.<\/span><\/p><div id=\"attachment_4299\" style=\"width: 739px\" class=\"wp-caption aligncenter\"><img aria-describedby=\"caption-attachment-4299\" width=\"729\" height=\"480\" class=\"size-full wp-image-4299\" alt=\"Knorpelrampe\" src=\"http:\/\/teucher-marcel.de\/wp-content\/uploads\/2015\/05\/Knorpel2.jpg\"><p id=\"caption-attachment-4299\" class=\"wp-caption-text\"><\/span><\/a><\/span> <span style=\"color: #ffffff;\">Knorpelrampe<\/span><\/p><\/div><p style=\"text-align: justify;\"><span style=\"color: #ffffff;\">Mit Andre Engelmann und Markus Dengler hatte ich zwei starke Gegner die es zu schlagen galt. 15 Uhr gab es das Startsignal und ich konnte auch die ersten Meter gewinnen, bis ich realisierte, dass man den Kopfsteinpflaster kaum zum verz\u00f6gern kam. So reihte ich mich die erste Runde hinter Andre ein, der ein Wahnsinns Tempo vorlegte. Ich war in Lauerstellung und wartete auf einen Fehler von Andre. In der zweiten Runde rutsche Andre weg und ich konnte vorbeigehen und auch als erster die Knorpelrampe \u201eantesten\u201c, es funktionierte. Und so hatte ich einen Z\u00e4hler auf meiner Seite. Kurz darauf machte ich mich lang und verlor auch noch mein Mundst\u00fcck vom USWE Trinksystem, was sich daraufhin fast vollst\u00e4ndig \u00fcber mich entleerte\u2026 und Andre ging wieder in F\u00fchrung. Ich kassierte ordentlich R\u00fcckstand bis ich wieder in die G\u00e4nge kam. Doch Marcus auf Platz 3 war noch weit genug weg. Ich puschte zwei Runden kr\u00e4ftig und konnte mich an Andre ran arbeiten. Kurz vor einer Treppe waren wir Kopf an Kopf. Ich zog vor der Treppe nicht zur\u00fcck, bremste mich vorbei und schob mich in F\u00fchrung. Andre setzte mich anschlie\u00dfend ganz sch\u00f6n unter Druck. Ich versuchte fehlerfrei und so sauber wie m\u00f6glich zu fahren und erarbeitete mir so einen kleinen Vorsprung, den ich bis ins Ziel verteidigen konnte. Die Runde hat sehr viel Spa\u00df gemacht. Es war ein richtig geiles Enduro was es so in dieser Form leider nur noch selten in Deutschland gibt.<\/span><\/p><p style=\"text-align: justify;\"><span style=\"color: #ffffff;\">Vielen vielen Dank an die Helfer und Zuschauer die an der Strecke waren. Es war mir ein riesen Spa\u00df \u00fcber die Knorpelrampe zu springen und am Ende auch noch den Jump-Contest zu gewinnen :D Rundum eine sehr gelungene Veranstaltung.<\/span><\/p><p style=\"text-align: justify;\"><span style=\"color: #ffffff;\"><a href=\"http:\/\/teucher-marcel.de\/?page_id=4186\"><span style=\"color: #ffffff;\">Fotogalerie<\/span><\/a><\/span><\/p><p style=\"text-align: justify;\"><span style=\"color: #ffffff;\"><a href=\"http:\/\/teucher-marcel.de\/wp-content\/uploads\/2015\/05\/Knorpel3.jpg\"><span style=\"color: #ffffff;\"><img width=\"750\" height=\"504\" class=\"size-full wp-image-4300\" alt=\"Knorpel3\" src=\"http:\/\/teucher-marcel.de\/wp-content\/uploads\/2015\/05\/Knorpel3.jpg\"><\/span><\/a><\/span><\/p>\t\t<\/div>\r\n\r\n\t\t\n\t\t\t\t<\/div><!-- .dslc-module -->\n\t\t<\/div> <\/div><\/div> \n\t\t<div  class=\"dslc-modules-section \" style=\"padding-bottom:21px;padding-top:21px;\" data-section-id=\"\">\n\t\t\t\t\n\t\t\t\t\n\t\t\t\t<div class=\"dslc-modules-section-wrapper dslc-clearfix\"> <div class=\"dslc-modules-area dslc-col dslc-12-col dslc-last-col\" data-size=\"12\" data-valign=\"\">\n\t\t<div id=\"dslc-module-318\" class=\"dslc-module-front dslc-module-DSLC_Navigation dslc-in-viewport-check dslc-in-viewport-anim-none  dslc-col dslc-12-col  dslc-module-handle-like-regular \" data-module-id=\"318\" data-module=\"DSLC_Navigation\" data-dslc-module-size=\"12\" data-dslc-anim=\"none\" data-dslc-anim-delay=\"0\" data-dslc-anim-duration=\"650\"  data-dslc-anim-easing=\"default\" data-dslc-preset=\"none\" >\n\n\t\t\t\n\t\t\t\n\t\t\t\t\t<div class=\"dslc-navigation dslc-navigation-sub-position-default dslc-navigation-res-t-disabled dslc-navigation-res-p-disabled dslc-navigation-orientation-horizontal\">\r\n\t\t\t\t<div class=\"dslc-navigation-inner\">\r\n\t\t\t\t\t<div class=\"menu-2-container\"><ul id=\"menu-3\" class=\"menu\"><li class=\"menu-item menu-item-type-custom menu-item-object-custom menu-item-home menu-item-5379\"><a href=\"http:\/\/teucher-marcel.de\">Home<\/a><\/li>\n<li class=\"menu-item menu-item-type-post_type menu-item-object-page menu-item-has-children menu-item-5380\"><a href=\"https:\/\/teucher-marcel.de\/?page_id=183\">News<\/a>\n<ul class=\"sub-menu\">\n\t<li class=\"menu-item menu-item-type-post_type menu-item-object-page menu-item-7382\"><a href=\"https:\/\/teucher-marcel.de\/?page_id=7378\">News 2026<\/a><\/li>\n\t<li class=\"menu-item menu-item-type-post_type menu-item-object-page menu-item-7321\"><a href=\"https:\/\/teucher-marcel.de\/?page_id=7319\">News 2025<\/a><\/li>\n\t<li class=\"menu-item menu-item-type-post_type menu-item-object-page menu-item-7228\"><a href=\"https:\/\/teucher-marcel.de\/?page_id=7225\">News 2024<\/a><\/li>\n\t<li class=\"menu-item menu-item-type-post_type menu-item-object-page menu-item-7189\"><a href=\"https:\/\/teucher-marcel.de\/?page_id=7175\">News 2022<\/a><\/li>\n\t<li class=\"menu-item menu-item-type-post_type menu-item-object-page menu-item-7155\"><a href=\"https:\/\/teucher-marcel.de\/?page_id=7153\">News 2021<\/a><\/li>\n\t<li class=\"menu-item menu-item-type-post_type menu-item-object-page menu-item-7047\"><a href=\"https:\/\/teucher-marcel.de\/?page_id=7044\">News 2020<\/a><\/li>\n\t<li class=\"menu-item menu-item-type-post_type menu-item-object-page menu-item-6826\"><a href=\"https:\/\/teucher-marcel.de\/?page_id=6824\">News 2019<\/a><\/li>\n\t<li class=\"menu-item menu-item-type-post_type menu-item-object-page menu-item-6388\"><a href=\"https:\/\/teucher-marcel.de\/?page_id=6363\">News  2018<\/a><\/li>\n\t<li class=\"menu-item menu-item-type-post_type menu-item-object-page menu-item-5909\"><a href=\"https:\/\/teucher-marcel.de\/?page_id=5907\">News 2017<\/a><\/li>\n\t<li class=\"menu-item menu-item-type-post_type menu-item-object-page menu-item-5381\"><a href=\"https:\/\/teucher-marcel.de\/?page_id=4880\">News 2016<\/a><\/li>\n\t<li class=\"menu-item menu-item-type-post_type menu-item-object-page menu-item-5382\"><a href=\"https:\/\/teucher-marcel.de\/?page_id=3865\">News 2015<\/a><\/li>\n\t<li class=\"menu-item menu-item-type-post_type menu-item-object-page menu-item-5383\"><a href=\"https:\/\/teucher-marcel.de\/?page_id=1066\">News 2014<\/a><\/li>\n\t<li class=\"menu-item menu-item-type-post_type menu-item-object-page menu-item-5385\"><a href=\"https:\/\/teucher-marcel.de\/?page_id=185\">News 2013<\/a><\/li>\n\t<li class=\"menu-item menu-item-type-post_type menu-item-object-page menu-item-5384\"><a href=\"https:\/\/teucher-marcel.de\/?page_id=315\">News 2012<\/a><\/li>\n<\/ul>\n<\/li>\n<li class=\"menu-item menu-item-type-post_type menu-item-object-page menu-item-5386\"><a href=\"https:\/\/teucher-marcel.de\/?page_id=5282\">Sportliche Laufbahn<\/a><\/li>\n<li class=\"menu-item menu-item-type-post_type menu-item-object-page menu-item-5387\"><a href=\"https:\/\/teucher-marcel.de\/?page_id=78\">Sponsoren<\/a><\/li>\n<li class=\"menu-item menu-item-type-post_type menu-item-object-page menu-item-has-children menu-item-5388\"><a href=\"https:\/\/teucher-marcel.de\/?page_id=4051\">Media<\/a>\n<ul class=\"sub-menu\">\n\t<li class=\"menu-item menu-item-type-custom menu-item-object-custom menu-item-7229\"><a href=\"https:\/\/www.instagram.com\/marcelteucher25\/\">Instagram<\/a><\/li>\n\t<li class=\"menu-item menu-item-type-custom menu-item-object-custom menu-item-5390\"><a href=\"http:\/\/teucher-marcel.de\/?page_id=710\">Fotogalerie<\/a><\/li>\n\t<li class=\"menu-item menu-item-type-post_type menu-item-object-page menu-item-5391\"><a href=\"https:\/\/teucher-marcel.de\/?page_id=4048\">Video<\/a><\/li>\n\t<li class=\"menu-item menu-item-type-post_type menu-item-object-page menu-item-5392\"><a href=\"https:\/\/teucher-marcel.de\/?page_id=537\">Presseberichte<\/a><\/li>\n\t<li class=\"menu-item menu-item-type-post_type menu-item-object-page menu-item-5393\"><a href=\"https:\/\/teucher-marcel.de\/?page_id=1165\">Mediaservice<\/a><\/li>\n<\/ul>\n<\/li>\n<li class=\"menu-item menu-item-type-post_type menu-item-object-page menu-item-5395\"><a href=\"https:\/\/teucher-marcel.de\/?page_id=749\">EnduroPro<\/a><\/li>\n<li class=\"menu-item menu-item-type-post_type menu-item-object-page menu-item-5397\"><a href=\"https:\/\/teucher-marcel.de\/?page_id=3948\">Impressum\/Kontakt<\/a><\/li>\n<\/ul><\/div>\r\n\t\t\t\t\t\t\t\t\t<\/div>\r\n\t\t\t<\/div>\r\n\t\t\t<div class=\"dslc-mobile-navigation dslc-navigation-res-t-disabled  dslc-navigation-res-p-disabled\">\r\n\t\t\t\t<select><option>- Select -<\/option><option value=\"http:\/\/teucher-marcel.de\" >Home<\/option><option value=\"https:\/\/teucher-marcel.de\/?page_id=183\" >News<\/option><option value=\"https:\/\/teucher-marcel.de\/?page_id=7378\" >News 2026<\/option><option value=\"https:\/\/teucher-marcel.de\/?page_id=7319\" >News 2025<\/option><option value=\"https:\/\/teucher-marcel.de\/?page_id=7225\" >News 2024<\/option><option value=\"https:\/\/teucher-marcel.de\/?page_id=7175\" >News 2022<\/option><option value=\"https:\/\/teucher-marcel.de\/?page_id=7153\" >News 2021<\/option><option value=\"https:\/\/teucher-marcel.de\/?page_id=7044\" >News 2020<\/option><option value=\"https:\/\/teucher-marcel.de\/?page_id=6824\" >News 2019<\/option><option value=\"https:\/\/teucher-marcel.de\/?page_id=6363\" >News  2018<\/option><option value=\"https:\/\/teucher-marcel.de\/?page_id=5907\" >News 2017<\/option><option value=\"https:\/\/teucher-marcel.de\/?page_id=4880\" >News 2016<\/option><option value=\"https:\/\/teucher-marcel.de\/?page_id=3865\" >News 2015<\/option><option value=\"https:\/\/teucher-marcel.de\/?page_id=1066\" > - News 2014<\/option><option value=\"https:\/\/teucher-marcel.de\/?page_id=185\" > - News 2013<\/option><option value=\"https:\/\/teucher-marcel.de\/?page_id=315\" > - News 2012<\/option><option value=\"https:\/\/teucher-marcel.de\/?page_id=5282\" >Sportliche Laufbahn<\/option><option value=\"https:\/\/teucher-marcel.de\/?page_id=78\" >Sponsoren<\/option><option value=\"https:\/\/teucher-marcel.de\/?page_id=4051\" >Media<\/option><option value=\"https:\/\/www.instagram.com\/marcelteucher25\/\" >Instagram<\/option><option value=\"http:\/\/teucher-marcel.de\/?page_id=710\" >Fotogalerie<\/option><option value=\"https:\/\/teucher-marcel.de\/?page_id=4048\" >Video<\/option><option value=\"https:\/\/teucher-marcel.de\/?page_id=537\" >Presseberichte<\/option><option value=\"https:\/\/teucher-marcel.de\/?page_id=1165\" >Mediaservice<\/option><option value=\"https:\/\/teucher-marcel.de\/?page_id=749\" >EnduroPro<\/option><option value=\"https:\/\/teucher-marcel.de\/?page_id=3948\" >Impressum\/Kontakt<\/option><\/select>\r\n\t\t\t\t<div class=\"dslc-mobile-navigation-hook\"><span class=\"dslc-icon dslc-icon-reorder\"><\/span><\/div>\r\n\t\t\t<\/div><!-- .dslc-mobile-navigation -->\r\n\r\n\t\t\t\r\n\t\t\t<script type=\"text\/javascript\">\r\n\t\t\t\tvar menuItems = document.querySelectorAll( '.dslc-navigation .menu > li.menu-item-has-children:not(.menu-with-arrow) > a' );\r\n\r\n\t\t\t\tfor (var i = 0, len = menuItems.length; i < len; i++) {\r\n\t\t\t\t  menuItems[i].insertAdjacentHTML('afterend', '<span class=\"dslc-navigation-arrow dslc-icon dslc-icon-chevron-down\"><\/span>');\r\n\t\t\t\t  menuItems[i].parentElement.className += \" menu-with-arrow\";\r\n\t\t\t\t}\r\n\t\t\t<\/script>\r\n\t\t\t\n\t\t\t\t<\/div><!-- .dslc-module -->\n\t\t<\/div> <\/div><\/div> <\/div>","protected":false},"excerpt":{"rendered":"<p>Im alten Sanatorium zum Knorpelsch\u00e4nkensieg In der vergangenen Woche luden mich meine Teambuddys Felix Br\u00e4uer und Franz Lippach zum \u201eKnorpelsch\u00e4nkenenduro\u201c ein.Das \u201eKnorpelteam\u201c baute im W\u00e4ldchen des ehemaligen Sanatoriums in Radeberg im Ortsteil Feldschl\u00f6sschen ein feine kurze aber knackige Runde mit einigen Highlights. Neben den sch\u00f6nen Singletrails gab es knifflige Auffahrten und Treppenanlagen zu bew\u00e4ltigen. Als [&hellip;]<\/p>\n","protected":false},"author":1,"featured_media":0,"parent":0,"menu_order":0,"comment_status":"closed","ping_status":"open","template":"fullpage.php","meta":{"ngg_post_thumbnail":0,"footnotes":"","_links_to":"","_links_to_target":""},"class_list":["post-4297","page","type-page","status-publish","hentry"],"_links":{"self":[{"href":"https:\/\/teucher-marcel.de\/index.php?rest_route=\/wp\/v2\/pages\/4297","targetHints":{"allow":["GET"]}}],"collection":[{"href":"https:\/\/teucher-marcel.de\/index.php?rest_route=\/wp\/v2\/pages"}],"about":[{"href":"https:\/\/teucher-marcel.de\/index.php?rest_route=\/wp\/v2\/types\/page"}],"author":[{"embeddable":true,"href":"https:\/\/teucher-marcel.de\/index.php?rest_route=\/wp\/v2\/users\/1"}],"replies":[{"embeddable":true,"href":"https:\/\/teucher-marcel.de\/index.php?rest_route=%2Fwp%2Fv2%2Fcomments&post=4297"}],"version-history":[{"count":2,"href":"https:\/\/teucher-marcel.de\/index.php?rest_route=\/wp\/v2\/pages\/4297\/revisions"}],"predecessor-version":[{"id":4302,"href":"https:\/\/teucher-marcel.de\/index.php?rest_route=\/wp\/v2\/pages\/4297\/revisions\/4302"}],"wp:attachment":[{"href":"https:\/\/teucher-marcel.de\/index.php?rest_route=%2Fwp%2Fv2%2Fmedia&parent=4297"}],"curies":[{"name":"wp","href":"https:\/\/api.w.org\/{rel}","templated":true}]}}