{"id":487,"date":"2012-11-06T21:23:41","date_gmt":"2012-11-06T19:23:41","guid":{"rendered":"http:\/\/www.teucher-marcel.de\/?page_id=487"},"modified":"2014-07-09T09:58:17","modified_gmt":"2014-07-09T09:58:17","slug":"saisonausklang-in-woltersdorf","status":"publish","type":"page","link":"https:\/\/teucher-marcel.de\/?page_id=487","title":{"rendered":"Saisonausklang in Woltersdorf"},"content":{"rendered":"<div id=\"dslc-main\">\n\t\t<div  class=\"dslc-modules-section \" style=\"background-color:rgb(0, 0, 0);background-image:url(https:\/\/teucher-marcel.de\/wp-content\/uploads\/2016\/07\/IMG_7834.jpg);background-repeat:no-repeat;background-position:center center;background-attachment:fixed;background-size:cover;\" data-section-id=\"\">\n\t\t\t\t<div class=\"dslc-bg-video dslc-force-show\"><div class=\"dslc-bg-video-overlay\" style=\"background-color:#000000; opacity:0.7; \"><\/div><\/div>\n\t\t\t\t\n\t\t\t\t<div class=\"dslc-modules-section-wrapper dslc-clearfix\"> <div class=\"dslc-modules-area dslc-col dslc-12-col dslc-last-col\" data-size=\"12\" data-valign=\"\">\n\t\t<div id=\"dslc-module-421\" class=\"dslc-module-front dslc-module-DSLC_TP_Title dslc-in-viewport-check dslc-in-viewport-anim-none  dslc-col dslc-12-col  dslc-module-handle-like-regular \" data-module-id=\"421\" data-module=\"DSLC_TP_Title\" data-dslc-module-size=\"12\" data-dslc-anim=\"none\" data-dslc-anim-delay=\"0\" data-dslc-anim-duration=\"650\"  data-dslc-anim-easing=\"ease\" data-dslc-preset=\"none\" >\n\n\t\t\t\n\t\t\t\n\t\t\r\n\t\t\t\t<div class=\"dslc-tp-title\"><h1>Saisonausklang in Woltersdorf<\/h1><\/div>\r\n\r\n\t\t\t\n\t\t\t\t<\/div><!-- .dslc-module -->\n\t\t<\/div> <div class=\"dslc-modules-area dslc-col dslc-12-col dslc-last-col\" data-size=\"12\" data-valign=\"\">\n\t\t<div id=\"dslc-module-422\" class=\"dslc-module-front dslc-module-DSLC_Text_Simple dslc-in-viewport-check dslc-in-viewport-anim-dslcFadeIn  dslc-col dslc-12-col  dslc-module-handle-like-regular \" data-module-id=\"422\" data-module=\"DSLC_Text_Simple\" data-dslc-module-size=\"12\" data-dslc-anim=\"dslcFadeIn\" data-dslc-anim-delay=\"1000\" data-dslc-anim-duration=\"3000\"  data-dslc-anim-easing=\"ease\" data-dslc-preset=\"none\" >\n\n\t\t\t\n\t\t\t\n\t\t\r\n\t\t<div class=\"dslc-text-module-content\">\r\n\t\t\t<p style=\"text-align: justify;\"><span style=\"color: #ffffff;\"><a href=\"http:\/\/teucher-marcel.de\/wp-content\/uploads\/2013\/06\/Woltersdorf12_1.jpg\"><span style=\"color: #ffffff;\"><img width=\"500\" height=\"333\" class=\"aligncenter size-full wp-image-488\" alt=\"Woltersdorf12_1\" src=\"http:\/\/teucher-marcel.de\/wp-content\/uploads\/2013\/06\/Woltersdorf12_1.jpg\"><\/span><\/a><\/span><\/p><p style=\"text-align: justify;\"><span style=\"color: #ffffff;\">Sozusagen als Saisonausklang bin ich noch zum letzten Lauf der Deutschen Meisterschaft nach Woltersdorf gefahren. Dort fand erstmals das Finale zur DM statt. 2010 war ich schon einmal zum Novemberpokal und war begeistert von der Strecke vor den Toren Berlins. Ich liebe die alte Industriekulisse und die sensationelle Streckenf\u00fchrung durch \u201eStalingrad\u201c und den anderen Abschnitten, was Fahrspa\u00df pur bot. In den beiden Tests war ich einfach zu vorsichtig unterwegs und damit schlicht und einfach zu langsam um in die Top 10 zu kommen.<\/span><\/p><p style=\"text-align: justify;\"><span style=\"color: #ffffff;\"><a href=\"http:\/\/teucher-marcel.de\/wp-content\/uploads\/2013\/06\/Woltersdorf12_2.jpg\"><span style=\"color: #ffffff;\"><img width=\"500\" height=\"333\" class=\"aligncenter size-full wp-image-489\" alt=\"Woltersdorf12_2\" src=\"http:\/\/teucher-marcel.de\/wp-content\/uploads\/2013\/06\/Woltersdorf12_2.jpg\"><\/span><\/a><\/span><\/p><p style=\"text-align: justify;\"><span style=\"color: #ffffff;\">Trotz der vielen Probleme hat es riesig Spa\u00df gemacht. Am Ende sprang ein elfter Platz heraus, was wohl haupts\u00e4chlich daran lag, dass ich in den letzten Monaten kaum noch Sonderpr\u00fcfungen trainiert habe. Ich habe mein Training voll und ganz auf das<\/span><br><span style=\"color: #ffffff;\"> Saisonhighlight \u201eRedBull Sea to Sky\u201c ausgerichtet um dort ins Ziel zu kommen.<\/span><br><span style=\"color: #ffffff;\"> Jetzt freue ich mich auf einen tollen Winter mit vielen tollen sonnigen Wintertagen zum trainieren mit den Skatern und auch mal wieder Zeit zum verschnaufen zu haben. Sobald es was neues gibt, erfahrt Ihr es hier.<\/span><\/p><p style=\"text-align: justify;\"><span style=\"color: #ffffff;\"><iframe width=\"740\" height=\"416\" src=\"http:\/\/www.youtube.com\/embed\/9YQ-I0eZpeI\" frameborder=\"0\" allowfullscreen=\"allowfullscreen\"><\/iframe><\/span><\/p>\t\t<\/div>\r\n\r\n\t\t\n\t\t\t\t<\/div><!-- .dslc-module -->\n\t\t<\/div> <\/div><\/div> \n\t\t<div  class=\"dslc-modules-section \" style=\"padding-bottom:21px;padding-top:21px;\" data-section-id=\"\">\n\t\t\t\t\n\t\t\t\t\n\t\t\t\t<div class=\"dslc-modules-section-wrapper dslc-clearfix\"> <div class=\"dslc-modules-area dslc-col dslc-12-col dslc-last-col\" data-size=\"12\" data-valign=\"\">\n\t\t<div id=\"dslc-module-423\" class=\"dslc-module-front dslc-module-DSLC_Navigation dslc-in-viewport-check dslc-in-viewport-anim-none  dslc-col dslc-12-col  dslc-module-handle-like-regular \" data-module-id=\"423\" data-module=\"DSLC_Navigation\" data-dslc-module-size=\"12\" data-dslc-anim=\"none\" data-dslc-anim-delay=\"0\" data-dslc-anim-duration=\"650\"  data-dslc-anim-easing=\"default\" data-dslc-preset=\"none\" >\n\n\t\t\t\n\t\t\t\n\t\t\t\t\t<div class=\"dslc-navigation dslc-navigation-sub-position-default dslc-navigation-res-t-disabled dslc-navigation-res-p-disabled dslc-navigation-orientation-horizontal\">\r\n\t\t\t\t<div class=\"dslc-navigation-inner\">\r\n\t\t\t\t\t<div class=\"menu-2-container\"><ul id=\"menu-3\" class=\"menu\"><li class=\"menu-item menu-item-type-custom menu-item-object-custom menu-item-home menu-item-5379\"><a href=\"http:\/\/teucher-marcel.de\">Home<\/a><\/li>\n<li class=\"menu-item menu-item-type-post_type menu-item-object-page menu-item-has-children menu-item-5380\"><a href=\"https:\/\/teucher-marcel.de\/?page_id=183\">News<\/a>\n<ul class=\"sub-menu\">\n\t<li class=\"menu-item menu-item-type-post_type menu-item-object-page menu-item-7382\"><a href=\"https:\/\/teucher-marcel.de\/?page_id=7378\">News 2026<\/a><\/li>\n\t<li class=\"menu-item menu-item-type-post_type menu-item-object-page menu-item-7321\"><a href=\"https:\/\/teucher-marcel.de\/?page_id=7319\">News 2025<\/a><\/li>\n\t<li class=\"menu-item menu-item-type-post_type menu-item-object-page menu-item-7228\"><a href=\"https:\/\/teucher-marcel.de\/?page_id=7225\">News 2024<\/a><\/li>\n\t<li class=\"menu-item menu-item-type-post_type menu-item-object-page menu-item-7189\"><a href=\"https:\/\/teucher-marcel.de\/?page_id=7175\">News 2022<\/a><\/li>\n\t<li class=\"menu-item menu-item-type-post_type menu-item-object-page menu-item-7155\"><a href=\"https:\/\/teucher-marcel.de\/?page_id=7153\">News 2021<\/a><\/li>\n\t<li class=\"menu-item menu-item-type-post_type menu-item-object-page menu-item-7047\"><a href=\"https:\/\/teucher-marcel.de\/?page_id=7044\">News 2020<\/a><\/li>\n\t<li class=\"menu-item menu-item-type-post_type menu-item-object-page menu-item-6826\"><a href=\"https:\/\/teucher-marcel.de\/?page_id=6824\">News 2019<\/a><\/li>\n\t<li class=\"menu-item menu-item-type-post_type menu-item-object-page menu-item-6388\"><a href=\"https:\/\/teucher-marcel.de\/?page_id=6363\">News  2018<\/a><\/li>\n\t<li class=\"menu-item menu-item-type-post_type menu-item-object-page menu-item-5909\"><a href=\"https:\/\/teucher-marcel.de\/?page_id=5907\">News 2017<\/a><\/li>\n\t<li class=\"menu-item menu-item-type-post_type menu-item-object-page menu-item-5381\"><a href=\"https:\/\/teucher-marcel.de\/?page_id=4880\">News 2016<\/a><\/li>\n\t<li class=\"menu-item menu-item-type-post_type menu-item-object-page menu-item-5382\"><a href=\"https:\/\/teucher-marcel.de\/?page_id=3865\">News 2015<\/a><\/li>\n\t<li class=\"menu-item menu-item-type-post_type menu-item-object-page menu-item-5383\"><a href=\"https:\/\/teucher-marcel.de\/?page_id=1066\">News 2014<\/a><\/li>\n\t<li class=\"menu-item menu-item-type-post_type menu-item-object-page menu-item-5385\"><a href=\"https:\/\/teucher-marcel.de\/?page_id=185\">News 2013<\/a><\/li>\n\t<li class=\"menu-item menu-item-type-post_type menu-item-object-page menu-item-5384\"><a href=\"https:\/\/teucher-marcel.de\/?page_id=315\">News 2012<\/a><\/li>\n<\/ul>\n<\/li>\n<li class=\"menu-item menu-item-type-post_type menu-item-object-page menu-item-5386\"><a href=\"https:\/\/teucher-marcel.de\/?page_id=5282\">Sportliche Laufbahn<\/a><\/li>\n<li class=\"menu-item menu-item-type-post_type menu-item-object-page menu-item-5387\"><a href=\"https:\/\/teucher-marcel.de\/?page_id=78\">Sponsoren<\/a><\/li>\n<li class=\"menu-item menu-item-type-post_type menu-item-object-page menu-item-has-children menu-item-5388\"><a href=\"https:\/\/teucher-marcel.de\/?page_id=4051\">Media<\/a>\n<ul class=\"sub-menu\">\n\t<li class=\"menu-item menu-item-type-custom menu-item-object-custom menu-item-7229\"><a href=\"https:\/\/www.instagram.com\/marcelteucher25\/\">Instagram<\/a><\/li>\n\t<li class=\"menu-item menu-item-type-custom menu-item-object-custom menu-item-5390\"><a href=\"http:\/\/teucher-marcel.de\/?page_id=710\">Fotogalerie<\/a><\/li>\n\t<li class=\"menu-item menu-item-type-post_type menu-item-object-page menu-item-5391\"><a href=\"https:\/\/teucher-marcel.de\/?page_id=4048\">Video<\/a><\/li>\n\t<li class=\"menu-item menu-item-type-post_type menu-item-object-page menu-item-5392\"><a href=\"https:\/\/teucher-marcel.de\/?page_id=537\">Presseberichte<\/a><\/li>\n\t<li class=\"menu-item menu-item-type-post_type menu-item-object-page menu-item-5393\"><a href=\"https:\/\/teucher-marcel.de\/?page_id=1165\">Mediaservice<\/a><\/li>\n<\/ul>\n<\/li>\n<li class=\"menu-item menu-item-type-post_type menu-item-object-page menu-item-5395\"><a href=\"https:\/\/teucher-marcel.de\/?page_id=749\">EnduroPro<\/a><\/li>\n<li class=\"menu-item menu-item-type-post_type menu-item-object-page menu-item-5397\"><a href=\"https:\/\/teucher-marcel.de\/?page_id=3948\">Impressum\/Kontakt<\/a><\/li>\n<\/ul><\/div>\r\n\t\t\t\t\t\t\t\t\t<\/div>\r\n\t\t\t<\/div>\r\n\t\t\t<div class=\"dslc-mobile-navigation dslc-navigation-res-t-disabled  dslc-navigation-res-p-disabled\">\r\n\t\t\t\t<select><option>- Select -<\/option><option value=\"http:\/\/teucher-marcel.de\" >Home<\/option><option value=\"https:\/\/teucher-marcel.de\/?page_id=183\" >News<\/option><option value=\"https:\/\/teucher-marcel.de\/?page_id=7378\" >News 2026<\/option><option value=\"https:\/\/teucher-marcel.de\/?page_id=7319\" >News 2025<\/option><option value=\"https:\/\/teucher-marcel.de\/?page_id=7225\" >News 2024<\/option><option value=\"https:\/\/teucher-marcel.de\/?page_id=7175\" >News 2022<\/option><option value=\"https:\/\/teucher-marcel.de\/?page_id=7153\" >News 2021<\/option><option value=\"https:\/\/teucher-marcel.de\/?page_id=7044\" >News 2020<\/option><option value=\"https:\/\/teucher-marcel.de\/?page_id=6824\" >News 2019<\/option><option value=\"https:\/\/teucher-marcel.de\/?page_id=6363\" >News  2018<\/option><option value=\"https:\/\/teucher-marcel.de\/?page_id=5907\" >News 2017<\/option><option value=\"https:\/\/teucher-marcel.de\/?page_id=4880\" >News 2016<\/option><option value=\"https:\/\/teucher-marcel.de\/?page_id=3865\" >News 2015<\/option><option value=\"https:\/\/teucher-marcel.de\/?page_id=1066\" > - News 2014<\/option><option value=\"https:\/\/teucher-marcel.de\/?page_id=185\" > - News 2013<\/option><option value=\"https:\/\/teucher-marcel.de\/?page_id=315\" > - News 2012<\/option><option value=\"https:\/\/teucher-marcel.de\/?page_id=5282\" >Sportliche Laufbahn<\/option><option value=\"https:\/\/teucher-marcel.de\/?page_id=78\" >Sponsoren<\/option><option value=\"https:\/\/teucher-marcel.de\/?page_id=4051\" >Media<\/option><option value=\"https:\/\/www.instagram.com\/marcelteucher25\/\" >Instagram<\/option><option value=\"http:\/\/teucher-marcel.de\/?page_id=710\" >Fotogalerie<\/option><option value=\"https:\/\/teucher-marcel.de\/?page_id=4048\" >Video<\/option><option value=\"https:\/\/teucher-marcel.de\/?page_id=537\" >Presseberichte<\/option><option value=\"https:\/\/teucher-marcel.de\/?page_id=1165\" >Mediaservice<\/option><option value=\"https:\/\/teucher-marcel.de\/?page_id=749\" >EnduroPro<\/option><option value=\"https:\/\/teucher-marcel.de\/?page_id=3948\" >Impressum\/Kontakt<\/option><\/select>\r\n\t\t\t\t<div class=\"dslc-mobile-navigation-hook\"><span class=\"dslc-icon dslc-icon-reorder\"><\/span><\/div>\r\n\t\t\t<\/div><!-- .dslc-mobile-navigation -->\r\n\r\n\t\t\t\r\n\t\t\t<script type=\"text\/javascript\">\r\n\t\t\t\tvar menuItems = document.querySelectorAll( '.dslc-navigation .menu > li.menu-item-has-children:not(.menu-with-arrow) > a' );\r\n\r\n\t\t\t\tfor (var i = 0, len = menuItems.length; i < len; i++) {\r\n\t\t\t\t  menuItems[i].insertAdjacentHTML('afterend', '<span class=\"dslc-navigation-arrow dslc-icon dslc-icon-chevron-down\"><\/span>');\r\n\t\t\t\t  menuItems[i].parentElement.className += \" menu-with-arrow\";\r\n\t\t\t\t}\r\n\t\t\t<\/script>\r\n\t\t\t\n\t\t\t\t<\/div><!-- .dslc-module -->\n\t\t<\/div> <\/div><\/div> <\/div>","protected":false},"excerpt":{"rendered":"<p>Saisonausklang in Woltersdorf Sozusagen als Saisonausklang bin ich noch zum letzten Lauf der Deutschen Meisterschaft nach Woltersdorf gefahren. Dort fand erstmals das Finale zur DM statt. 2010 war ich schon einmal zum Novemberpokal und war begeistert von der Strecke vor den Toren Berlins. Ich liebe die alte Industriekulisse und die sensationelle Streckenf\u00fchrung durch \u201eStalingrad\u201c und [&hellip;]<\/p>\n","protected":false},"author":1,"featured_media":0,"parent":0,"menu_order":0,"comment_status":"closed","ping_status":"closed","template":"fullpage.php","meta":{"ngg_post_thumbnail":0,"footnotes":"","_links_to":"","_links_to_target":""},"class_list":["post-487","page","type-page","status-publish","hentry"],"_links":{"self":[{"href":"https:\/\/teucher-marcel.de\/index.php?rest_route=\/wp\/v2\/pages\/487","targetHints":{"allow":["GET"]}}],"collection":[{"href":"https:\/\/teucher-marcel.de\/index.php?rest_route=\/wp\/v2\/pages"}],"about":[{"href":"https:\/\/teucher-marcel.de\/index.php?rest_route=\/wp\/v2\/types\/page"}],"author":[{"embeddable":true,"href":"https:\/\/teucher-marcel.de\/index.php?rest_route=\/wp\/v2\/users\/1"}],"replies":[{"embeddable":true,"href":"https:\/\/teucher-marcel.de\/index.php?rest_route=%2Fwp%2Fv2%2Fcomments&post=487"}],"version-history":[{"count":1,"href":"https:\/\/teucher-marcel.de\/index.php?rest_route=\/wp\/v2\/pages\/487\/revisions"}],"predecessor-version":[{"id":1481,"href":"https:\/\/teucher-marcel.de\/index.php?rest_route=\/wp\/v2\/pages\/487\/revisions\/1481"}],"wp:attachment":[{"href":"https:\/\/teucher-marcel.de\/index.php?rest_route=%2Fwp%2Fv2%2Fmedia&parent=487"}],"curies":[{"name":"wp","href":"https:\/\/api.w.org\/{rel}","templated":true}]}}