{"id":4873,"date":"2016-01-08T12:14:31","date_gmt":"2016-01-08T12:14:31","guid":{"rendered":"http:\/\/teucher-marcel.de\/?page_id=4873"},"modified":"2016-01-08T13:43:42","modified_gmt":"2016-01-08T13:43:42","slug":"superenduro-riesa-nationals-gp-of-germany","status":"publish","type":"page","link":"https:\/\/teucher-marcel.de\/?page_id=4873","title":{"rendered":"SuperEnduro Riesa \u201eNationals\u201c &#8211;  GP of Germany"},"content":{"rendered":"<div id=\"dslc-main\">\n\t\t<div  class=\"dslc-modules-section \" style=\"background-color:rgb(0, 0, 0);background-image:url(https:\/\/teucher-marcel.de\/wp-content\/uploads\/2016\/07\/IMG_0051.jpg);background-repeat:no-repeat;background-position:center center;background-attachment:fixed;background-size:cover;\" data-section-id=\"\">\n\t\t\t\t<div class=\"dslc-bg-video dslc-force-show\"><div class=\"dslc-bg-video-overlay\" style=\"background-color:#000000; opacity:0.7; \"><\/div><\/div>\n\t\t\t\t\n\t\t\t\t<div class=\"dslc-modules-section-wrapper dslc-clearfix\"> <div class=\"dslc-modules-area dslc-col dslc-12-col dslc-last-col\" data-size=\"12\" data-valign=\"\">\n\t\t<div id=\"dslc-module-125\" class=\"dslc-module-front dslc-module-DSLC_TP_Title dslc-in-viewport-check dslc-in-viewport-anim-none  dslc-col dslc-12-col  dslc-module-handle-like-regular \" data-module-id=\"125\" data-module=\"DSLC_TP_Title\" data-dslc-module-size=\"12\" data-dslc-anim=\"none\" data-dslc-anim-delay=\"0\" data-dslc-anim-duration=\"650\"  data-dslc-anim-easing=\"ease\" data-dslc-preset=\"none\" >\n\n\t\t\t\n\t\t\t\n\t\t\r\n\t\t\t\t<div class=\"dslc-tp-title\"><h1>SuperEnduro Riesa \u201eNationals\u201c &#8211;  GP of Germany<\/h1><\/div>\r\n\r\n\t\t\t\n\t\t\t\t<\/div><!-- .dslc-module -->\n\t\t<\/div> <div class=\"dslc-modules-area dslc-col dslc-12-col dslc-last-col\" data-size=\"12\" data-valign=\"\">\n\t\t<div id=\"dslc-module-123\" class=\"dslc-module-front dslc-module-DSLC_Text_Simple dslc-in-viewport-check dslc-in-viewport-anim-dslcFadeIn  dslc-col dslc-12-col  dslc-module-handle-like-regular \" data-module-id=\"123\" data-module=\"DSLC_Text_Simple\" data-dslc-module-size=\"12\" data-dslc-anim=\"dslcFadeIn\" data-dslc-anim-delay=\"1000\" data-dslc-anim-duration=\"3000\"  data-dslc-anim-easing=\"linear\" data-dslc-preset=\"none\" >\n\n\t\t\t\n\t\t\t\n\t\t\r\n\t\t<div class=\"dslc-text-module-content\">\r\n\t\t\t<p style=\"text-align: justify;\"><span style=\"color: #ffffff;\">Im Rahmen des Maxxis FIM SuperEnduro Worldchampionship wurde wieder eine nationale Wertung ausgetragen. Dort am Start 26 Piloten aus Deutschland, Polen, Tschechien und der Slowakei.<\/span><\/p><p style=\"text-align: justify;\"><span style=\"color: #ffffff;\">Vor heimischem Publikum zu fahren ist immer etwas ganz besonderes. \u00dcber 5000 begeisterte Enduro Fans waren angereist um Endurosport der extra Klasse zu erleben. Darunter auch viele Fans, Freunde und Sponsoren. Sch\u00f6n das Ihr alle da wart. :)<\/span><\/p><p style=\"text-align: justify;\"><span style=\"color: #ffffff;\"><a href=\"http:\/\/teucher-marcel.de\/wp-content\/uploads\/2016\/01\/Riesa16_2.jpg\"><span style=\"color: #ffffff;\"><img width=\"700\" height=\"467\" class=\"aligncenter size-full wp-image-4875\" alt=\"Riesa16_2\" src=\"http:\/\/teucher-marcel.de\/wp-content\/uploads\/2016\/01\/Riesa16_2.jpg\"><\/span><\/a><\/span><\/p><p style=\"text-align: justify;\"><span style=\"color: #ffffff;\">Direkt nach meinen Superenduroauftakt im polnischen Lodz erwischte mich eine straffe Erk\u00e4ltung. Die mich noch immer plagt. Im freien Training f\u00fchlte ich mich nicht wohl, kam aber mit der Strecke vom Mastermind Holger Dettmann super zurecht. Das darauffolgende Zeittraining war gut. Es war wieder schwer, eine freie Runde zu erwischen, qualifizierte mich trotzdem direkt f\u00fcr das Abendprogramm.<\/span><\/p><p style=\"text-align: justify;\"><span style=\"color: #ffffff;\"><a href=\"http:\/\/teucher-marcel.de\/wp-content\/uploads\/2016\/01\/Riesa16_4.jpg\"><span style=\"color: #ffffff;\"><img width=\"700\" height=\"467\" class=\"aligncenter size-full wp-image-4874\" alt=\"Riesa16_1\" src=\"http:\/\/teucher-marcel.de\/wp-content\/uploads\/2016\/01\/Riesa16_4.jpg\"><\/span><\/a><\/span><\/p><p style=\"text-align: justify;\"><span style=\"color: #ffffff;\">Im ersten Rennen vor ausverkaufter Halle erwischte ich einen super Start und war wenig sp\u00e4ter auf Platz 3. Doch nur von kurzer Dauer. Ein kleiner \u201eH\u00e4nger\u201c und \u201eGegner-Kontakt\u201c und meine 350er war aus. Die restlichen Runden verliefen ganz gut. Leider sprang ich den Rohrdoppelsprung etwas zu kurz und verletzte mich an Fu\u00df und Hand, rettete mich am Ende unter Schmerzen auf Platz 9 in Ziel. Keine gute Ausgangssituation f\u00fcr den zweiten Lauf. Ich biss also die Z\u00e4hne zusammen und war am Start wieder gut dabei. Bis in die letzte Runde hatte ich einen sauberen Lauf und lag auf Platz 4. Doch dann fiel ein Gegner in der FireWoodSection direkt in meine Linie und wir beide fielen um. Platz 5 und 6 sa\u00dfen mir nun im Nacken. In der letzten Kurve vor der Zielflagge st\u00f6pselte mir der in der Sandkurve innen liegende Baumstamm den Leerlauf rein und ich kam zu Fall und kam so leider nur auf Platz 6 ins Ziel.<\/span><\/p><p style=\"text-align: justify;\"><span style=\"color: #ffffff;\">In der Addition der beiden L\u00e4ufe kam ich aber auf einen guten 6. Platz.<\/span><\/p><p style=\"text-align: justify;\"><span style=\"color: #ffffff;\"><a href=\"http:\/\/teucher-marcel.de\/wp-content\/uploads\/2016\/01\/Riesa16_3.jpg\"><span style=\"color: #ffffff;\"><img width=\"700\" height=\"459\" class=\"aligncenter size-full wp-image-4876\" alt=\"Riesa16_3\" src=\"http:\/\/teucher-marcel.de\/wp-content\/uploads\/2016\/01\/Riesa16_3.jpg\"><\/span><\/a><\/span><\/p><p style=\"text-align: justify;\"><span style=\"color: #ffffff;\">F\u00fcr die inoffizielle Enduro.de EM-Wertung bedeutet das f\u00fcr mich einen 4. Gesamtrang nach 2. von 3. Veranstaltungen.<\/span><\/p><p style=\"text-align: justify;\"><span style=\"color: #ffffff;\">Inoffizielle Enduro.de Wertung<\/span><br><span style=\"color: #ffffff;\"> 1. Hartmann 80 Punkte<\/span><br><span style=\"color: #ffffff;\"> 2. En\u00f6ckl 64<\/span><br><span style=\"color: #ffffff;\"> 3. Lukasczyk 39<\/span><br><span style=\"color: #ffffff;\"> 4. Teucher 37<\/span><br><span style=\"color: #ffffff;\"> 5. Risse 34<\/span><br><span style=\"color: #ffffff;\"> 6. Hodas 31<\/span><br><span style=\"color: #ffffff;\"> 7. Findling 28<\/span><br><span style=\"color: #ffffff;\"> 8. Nedzka 25<\/span><br><span style=\"color: #ffffff;\"> 9. Hentschel 24<\/span><br><span style=\"color: #ffffff;\"> 10. Wilholdt 24<\/span><br><span style=\"color: #ffffff;\"> 11. Zych, Thomas 23<\/span><br><span style=\"color: #ffffff;\"> 12. Kujawiak 20<\/span><br><span style=\"color: #ffffff;\"> 13. Br\u00e4uer 18<\/span><br><span style=\"color: #ffffff;\"> 14. Hollo 16<\/span><br><span style=\"color: #ffffff;\"> 15. Kradorf 14<\/span><br><span style=\"color: #ffffff;\"> 16. G\u00f6rner 10<\/span><br><span style=\"color: #ffffff;\"> 17. Suttner 10<\/span><br><span style=\"color: #ffffff;\"> 18. Fajbik 9<\/span><br><span style=\"color: #ffffff;\"> 19. Hurlebaus 5<\/span><br><span style=\"color: #ffffff;\"> 20. Rysavy 4<\/span><br><span style=\"color: #ffffff;\"> 21. Jurickova 4<\/span><br><span style=\"color: #ffffff;\"> 22. Dettmann 3<\/span><br><span style=\"color: #ffffff;\"> 23. Hostinska 1<\/span><\/p><p style=\"text-align: justify;\"><span style=\"color: #ffffff;\">Weiter geht es f\u00fcr mich mit SuperEnduro erst 12.03.2016 in der Tipsportarena in Prag, wo Ihr wieder feinstes Endurocross bestaunen k\u00f6nnt.<\/span><\/p><p style=\"text-align: justify;\"><span style=\"color: #ffffff;\">Mehr Infos und Karten gibt es hier: <a href=\"http:\/\/www.superenduro-germany.de\/prahasuperenduro-deutsch.html\" target=\"self\"><span style=\"color: #ffffff;\">http:\/\/www.superenduro-germany.de\/prahasuperenduro-deutsch.html<\/span><\/a><\/span><\/p><p style=\"text-align: justify;\"><span style=\"color: #ffffff;\">Cheers der Marcel<\/span><\/p><p style=\"text-align: justify;\"><span style=\"color: #ffffff;\"><a href=\"http:\/\/teucher-marcel.de\/?page_id=4860\"><span style=\"color: #ffffff;\">Fotogalerie<\/span><\/a><\/span><\/p>\t\t<\/div>\r\n\r\n\t\t\n\t\t\t\t<\/div><!-- .dslc-module -->\n\t\t<\/div> <\/div><\/div> \n\t\t<div  class=\"dslc-modules-section \" style=\"padding-bottom:21px;padding-top:21px;\" data-section-id=\"\">\n\t\t\t\t\n\t\t\t\t\n\t\t\t\t<div class=\"dslc-modules-section-wrapper dslc-clearfix\"> <div class=\"dslc-modules-area dslc-col dslc-12-col dslc-last-col\" data-size=\"12\" data-valign=\"\">\n\t\t<div id=\"dslc-module-124\" class=\"dslc-module-front dslc-module-DSLC_Navigation dslc-in-viewport-check dslc-in-viewport-anim-none  dslc-col dslc-12-col  dslc-module-handle-like-regular \" data-module-id=\"124\" data-module=\"DSLC_Navigation\" data-dslc-module-size=\"12\" data-dslc-anim=\"none\" data-dslc-anim-delay=\"0\" data-dslc-anim-duration=\"650\"  data-dslc-anim-easing=\"default\" data-dslc-preset=\"none\" >\n\n\t\t\t\n\t\t\t\n\t\t\t\t\t<div class=\"dslc-navigation dslc-navigation-sub-position-default dslc-navigation-res-t-disabled dslc-navigation-res-p-disabled dslc-navigation-orientation-horizontal\">\r\n\t\t\t\t<div class=\"dslc-navigation-inner\">\r\n\t\t\t\t\t<div class=\"menu-2-container\"><ul id=\"menu-3\" class=\"menu\"><li class=\"menu-item menu-item-type-custom menu-item-object-custom menu-item-home menu-item-5379\"><a href=\"http:\/\/teucher-marcel.de\">Home<\/a><\/li>\n<li class=\"menu-item menu-item-type-post_type menu-item-object-page menu-item-has-children menu-item-5380\"><a href=\"https:\/\/teucher-marcel.de\/?page_id=183\">News<\/a>\n<ul class=\"sub-menu\">\n\t<li class=\"menu-item menu-item-type-post_type menu-item-object-page menu-item-7382\"><a href=\"https:\/\/teucher-marcel.de\/?page_id=7378\">News 2026<\/a><\/li>\n\t<li class=\"menu-item menu-item-type-post_type menu-item-object-page menu-item-7321\"><a href=\"https:\/\/teucher-marcel.de\/?page_id=7319\">News 2025<\/a><\/li>\n\t<li class=\"menu-item menu-item-type-post_type menu-item-object-page menu-item-7228\"><a href=\"https:\/\/teucher-marcel.de\/?page_id=7225\">News 2024<\/a><\/li>\n\t<li class=\"menu-item menu-item-type-post_type menu-item-object-page menu-item-7189\"><a href=\"https:\/\/teucher-marcel.de\/?page_id=7175\">News 2022<\/a><\/li>\n\t<li class=\"menu-item menu-item-type-post_type menu-item-object-page menu-item-7155\"><a href=\"https:\/\/teucher-marcel.de\/?page_id=7153\">News 2021<\/a><\/li>\n\t<li class=\"menu-item menu-item-type-post_type menu-item-object-page menu-item-7047\"><a href=\"https:\/\/teucher-marcel.de\/?page_id=7044\">News 2020<\/a><\/li>\n\t<li class=\"menu-item menu-item-type-post_type menu-item-object-page menu-item-6826\"><a href=\"https:\/\/teucher-marcel.de\/?page_id=6824\">News 2019<\/a><\/li>\n\t<li class=\"menu-item menu-item-type-post_type menu-item-object-page menu-item-6388\"><a href=\"https:\/\/teucher-marcel.de\/?page_id=6363\">News  2018<\/a><\/li>\n\t<li class=\"menu-item menu-item-type-post_type menu-item-object-page menu-item-5909\"><a href=\"https:\/\/teucher-marcel.de\/?page_id=5907\">News 2017<\/a><\/li>\n\t<li class=\"menu-item menu-item-type-post_type menu-item-object-page menu-item-5381\"><a href=\"https:\/\/teucher-marcel.de\/?page_id=4880\">News 2016<\/a><\/li>\n\t<li class=\"menu-item menu-item-type-post_type menu-item-object-page menu-item-5382\"><a href=\"https:\/\/teucher-marcel.de\/?page_id=3865\">News 2015<\/a><\/li>\n\t<li class=\"menu-item menu-item-type-post_type menu-item-object-page menu-item-5383\"><a href=\"https:\/\/teucher-marcel.de\/?page_id=1066\">News 2014<\/a><\/li>\n\t<li class=\"menu-item menu-item-type-post_type menu-item-object-page menu-item-5385\"><a href=\"https:\/\/teucher-marcel.de\/?page_id=185\">News 2013<\/a><\/li>\n\t<li class=\"menu-item menu-item-type-post_type menu-item-object-page menu-item-5384\"><a href=\"https:\/\/teucher-marcel.de\/?page_id=315\">News 2012<\/a><\/li>\n<\/ul>\n<\/li>\n<li class=\"menu-item menu-item-type-post_type menu-item-object-page menu-item-5386\"><a href=\"https:\/\/teucher-marcel.de\/?page_id=5282\">Sportliche Laufbahn<\/a><\/li>\n<li class=\"menu-item menu-item-type-post_type menu-item-object-page menu-item-5387\"><a href=\"https:\/\/teucher-marcel.de\/?page_id=78\">Sponsoren<\/a><\/li>\n<li class=\"menu-item menu-item-type-post_type menu-item-object-page menu-item-has-children menu-item-5388\"><a href=\"https:\/\/teucher-marcel.de\/?page_id=4051\">Media<\/a>\n<ul class=\"sub-menu\">\n\t<li class=\"menu-item menu-item-type-custom menu-item-object-custom menu-item-7229\"><a href=\"https:\/\/www.instagram.com\/marcelteucher25\/\">Instagram<\/a><\/li>\n\t<li class=\"menu-item menu-item-type-custom menu-item-object-custom menu-item-5390\"><a href=\"http:\/\/teucher-marcel.de\/?page_id=710\">Fotogalerie<\/a><\/li>\n\t<li class=\"menu-item menu-item-type-post_type menu-item-object-page menu-item-5391\"><a href=\"https:\/\/teucher-marcel.de\/?page_id=4048\">Video<\/a><\/li>\n\t<li class=\"menu-item menu-item-type-post_type menu-item-object-page menu-item-5392\"><a href=\"https:\/\/teucher-marcel.de\/?page_id=537\">Presseberichte<\/a><\/li>\n\t<li class=\"menu-item menu-item-type-post_type menu-item-object-page menu-item-5393\"><a href=\"https:\/\/teucher-marcel.de\/?page_id=1165\">Mediaservice<\/a><\/li>\n<\/ul>\n<\/li>\n<li class=\"menu-item menu-item-type-post_type menu-item-object-page menu-item-5395\"><a href=\"https:\/\/teucher-marcel.de\/?page_id=749\">EnduroPro<\/a><\/li>\n<li class=\"menu-item menu-item-type-post_type menu-item-object-page menu-item-5397\"><a href=\"https:\/\/teucher-marcel.de\/?page_id=3948\">Impressum\/Kontakt<\/a><\/li>\n<\/ul><\/div>\r\n\t\t\t\t\t\t\t\t\t<\/div>\r\n\t\t\t<\/div>\r\n\t\t\t<div class=\"dslc-mobile-navigation dslc-navigation-res-t-disabled  dslc-navigation-res-p-disabled\">\r\n\t\t\t\t<select><option>- Select -<\/option><option value=\"http:\/\/teucher-marcel.de\" >Home<\/option><option value=\"https:\/\/teucher-marcel.de\/?page_id=183\" >News<\/option><option value=\"https:\/\/teucher-marcel.de\/?page_id=7378\" >News 2026<\/option><option value=\"https:\/\/teucher-marcel.de\/?page_id=7319\" >News 2025<\/option><option value=\"https:\/\/teucher-marcel.de\/?page_id=7225\" >News 2024<\/option><option value=\"https:\/\/teucher-marcel.de\/?page_id=7175\" >News 2022<\/option><option value=\"https:\/\/teucher-marcel.de\/?page_id=7153\" >News 2021<\/option><option value=\"https:\/\/teucher-marcel.de\/?page_id=7044\" >News 2020<\/option><option value=\"https:\/\/teucher-marcel.de\/?page_id=6824\" >News 2019<\/option><option value=\"https:\/\/teucher-marcel.de\/?page_id=6363\" >News  2018<\/option><option value=\"https:\/\/teucher-marcel.de\/?page_id=5907\" >News 2017<\/option><option value=\"https:\/\/teucher-marcel.de\/?page_id=4880\" >News 2016<\/option><option value=\"https:\/\/teucher-marcel.de\/?page_id=3865\" >News 2015<\/option><option value=\"https:\/\/teucher-marcel.de\/?page_id=1066\" > - News 2014<\/option><option value=\"https:\/\/teucher-marcel.de\/?page_id=185\" > - News 2013<\/option><option value=\"https:\/\/teucher-marcel.de\/?page_id=315\" > - News 2012<\/option><option value=\"https:\/\/teucher-marcel.de\/?page_id=5282\" >Sportliche Laufbahn<\/option><option value=\"https:\/\/teucher-marcel.de\/?page_id=78\" >Sponsoren<\/option><option value=\"https:\/\/teucher-marcel.de\/?page_id=4051\" >Media<\/option><option value=\"https:\/\/www.instagram.com\/marcelteucher25\/\" >Instagram<\/option><option value=\"http:\/\/teucher-marcel.de\/?page_id=710\" >Fotogalerie<\/option><option value=\"https:\/\/teucher-marcel.de\/?page_id=4048\" >Video<\/option><option value=\"https:\/\/teucher-marcel.de\/?page_id=537\" >Presseberichte<\/option><option value=\"https:\/\/teucher-marcel.de\/?page_id=1165\" >Mediaservice<\/option><option value=\"https:\/\/teucher-marcel.de\/?page_id=749\" >EnduroPro<\/option><option value=\"https:\/\/teucher-marcel.de\/?page_id=3948\" >Impressum\/Kontakt<\/option><\/select>\r\n\t\t\t\t<div class=\"dslc-mobile-navigation-hook\"><span class=\"dslc-icon dslc-icon-reorder\"><\/span><\/div>\r\n\t\t\t<\/div><!-- .dslc-mobile-navigation -->\r\n\r\n\t\t\t\r\n\t\t\t<script type=\"text\/javascript\">\r\n\t\t\t\tvar menuItems = document.querySelectorAll( '.dslc-navigation .menu > li.menu-item-has-children:not(.menu-with-arrow) > a' );\r\n\r\n\t\t\t\tfor (var i = 0, len = menuItems.length; i < len; i++) {\r\n\t\t\t\t  menuItems[i].insertAdjacentHTML('afterend', '<span class=\"dslc-navigation-arrow dslc-icon dslc-icon-chevron-down\"><\/span>');\r\n\t\t\t\t  menuItems[i].parentElement.className += \" menu-with-arrow\";\r\n\t\t\t\t}\r\n\t\t\t<\/script>\r\n\t\t\t\n\t\t\t\t<\/div><!-- .dslc-module -->\n\t\t<\/div> <\/div><\/div> <\/div>","protected":false},"excerpt":{"rendered":"<p>SuperEnduro Riesa \u201eNationals\u201c &#8211; GP of Germany Im Rahmen des Maxxis FIM SuperEnduro Worldchampionship wurde wieder eine nationale Wertung ausgetragen. Dort am Start 26 Piloten aus Deutschland, Polen, Tschechien und der Slowakei.Vor heimischem Publikum zu fahren ist immer etwas ganz besonderes. \u00dcber 5000 begeisterte Enduro Fans waren angereist um Endurosport der extra Klasse zu erleben. [&hellip;]<\/p>\n","protected":false},"author":1,"featured_media":0,"parent":0,"menu_order":0,"comment_status":"closed","ping_status":"open","template":"fullpage.php","meta":{"ngg_post_thumbnail":0,"footnotes":"","_links_to":"","_links_to_target":""},"class_list":["post-4873","page","type-page","status-publish","hentry"],"_links":{"self":[{"href":"https:\/\/teucher-marcel.de\/index.php?rest_route=\/wp\/v2\/pages\/4873","targetHints":{"allow":["GET"]}}],"collection":[{"href":"https:\/\/teucher-marcel.de\/index.php?rest_route=\/wp\/v2\/pages"}],"about":[{"href":"https:\/\/teucher-marcel.de\/index.php?rest_route=\/wp\/v2\/types\/page"}],"author":[{"embeddable":true,"href":"https:\/\/teucher-marcel.de\/index.php?rest_route=\/wp\/v2\/users\/1"}],"replies":[{"embeddable":true,"href":"https:\/\/teucher-marcel.de\/index.php?rest_route=%2Fwp%2Fv2%2Fcomments&post=4873"}],"version-history":[{"count":3,"href":"https:\/\/teucher-marcel.de\/index.php?rest_route=\/wp\/v2\/pages\/4873\/revisions"}],"predecessor-version":[{"id":4884,"href":"https:\/\/teucher-marcel.de\/index.php?rest_route=\/wp\/v2\/pages\/4873\/revisions\/4884"}],"wp:attachment":[{"href":"https:\/\/teucher-marcel.de\/index.php?rest_route=%2Fwp%2Fv2%2Fmedia&parent=4873"}],"curies":[{"name":"wp","href":"https:\/\/api.w.org\/{rel}","templated":true}]}}