{"id":5241,"date":"2016-07-22T07:08:08","date_gmt":"2016-07-22T07:08:08","guid":{"rendered":"http:\/\/teucher-marcel.de\/?page_id=5241"},"modified":"2016-07-22T07:17:14","modified_gmt":"2016-07-22T07:17:14","slug":"red-bull-romaniacs-goldluft-geschnuppert-vorzeitiges-aus","status":"publish","type":"page","link":"https:\/\/teucher-marcel.de\/?page_id=5241","title":{"rendered":"Red Bull Romaniacs: Goldluft geschnuppert \u2013 vorzeitiges Aus"},"content":{"rendered":"<div id=\"dslc-main\">\n\t\t<div  class=\"dslc-modules-section \" style=\"background-color:rgb(0, 0, 0);background-image:url(https:\/\/teucher-marcel.de\/wp-content\/uploads\/2016\/07\/IMG_9100.jpg);background-repeat:no-repeat;background-position:center center;background-attachment:fixed;background-size:cover;\" data-section-id=\"\">\n\t\t\t\t<div class=\"dslc-bg-video dslc-force-show\"><div class=\"dslc-bg-video-overlay\" style=\"background-color:#000000; opacity:0.7; \"><\/div><\/div>\n\t\t\t\t\n\t\t\t\t<div class=\"dslc-modules-section-wrapper dslc-clearfix\"> <div class=\"dslc-modules-area dslc-col dslc-12-col dslc-last-col\" data-size=\"12\" data-valign=\"\">\n\t\t<div id=\"dslc-module-103\" class=\"dslc-module-front dslc-module-DSLC_TP_Title dslc-in-viewport-check dslc-in-viewport-anim-none  dslc-col dslc-12-col  dslc-module-handle-like-regular \" data-module-id=\"103\" data-module=\"DSLC_TP_Title\" data-dslc-module-size=\"12\" data-dslc-anim=\"none\" data-dslc-anim-delay=\"0\" data-dslc-anim-duration=\"650\"  data-dslc-anim-easing=\"ease\" data-dslc-preset=\"none\" >\n\n\t\t\t\n\t\t\t\n\t\t\r\n\t\t\t\t<div class=\"dslc-tp-title\"><h1>Red Bull Romaniacs: Goldluft geschnuppert \u2013 vorzeitiges Aus<\/h1><\/div>\r\n\r\n\t\t\t\n\t\t\t\t<\/div><!-- .dslc-module -->\n\t\t<\/div> <div class=\"dslc-modules-area dslc-col dslc-12-col dslc-last-col\" data-size=\"12\" data-valign=\"\">\n\t\t<div id=\"dslc-module-102\" class=\"dslc-module-front dslc-module-DSLC_Text_Simple dslc-in-viewport-check dslc-in-viewport-anim-dslcFadeIn  dslc-col dslc-12-col  dslc-module-handle-like-regular \" data-module-id=\"102\" data-module=\"DSLC_Text_Simple\" data-dslc-module-size=\"12\" data-dslc-anim=\"dslcFadeIn\" data-dslc-anim-delay=\"1000\" data-dslc-anim-duration=\"3000\"  data-dslc-anim-easing=\"ease\" data-dslc-preset=\"none\" >\n\n\t\t\t\n\t\t\t\n\t\t\r\n\t\t<div class=\"dslc-text-module-content\">\r\n\t\t\t<p style=\"text-align: justify;\"><span style=\"color: #ffffff;\">Lange Zeit ist es her, dass ich mental so geknickt von einem Rennen nach Hause gekommen bin.<\/span><\/p><p style=\"text-align: justify;\"><span style=\"color: #ffffff;\">Mir war von Anfang an klar, dass die Red Bull Romaniacs das l\u00e4ngste und h\u00e4rteste Extremenduro der Welt sind, doch das es so endet, hatte ich nicht erwartet. Meine Vorbereitung startete ca. 8 Wochen vor der Veranstaltung. Durch meinen \u201eTennisarm\u201c war ich gezwungen eine lange Pause zu akzeptieren. Mein Training klammerte dann eine schwere Belastung der Arme, soweit es sich vermeiden lies, aus. Ich wusste das ich suboptimal vorbereit war, wollte aber das Beste daraus machen und hielt an meiner Entscheidung fest, in der Goldklasse an den Start zu gehen. R\u00fcckblickend betrachtet sehr blau\u00e4ugig.<\/span><\/p><p style=\"text-align: justify;\"><span style=\"color: #ffffff;\">Unser Rum\u00e4nientrip startete. mit anf\u00e4nglicher Aufregung durch eine kurzfristige Betreuersuche, dann doch recht relaxt am Sonntagmorgen. Begleitet wurde ich wieder von meiner Freundin Maria, meinem Teambuddy Felix, Kruschi und Mediaikone Denis G\u00fcnther sowie unserer neuen Betreuer Domi.<\/span><\/p><p style=\"text-align: justify;\"><span style=\"color: #ffffff;\">\u00dcber die uns mittlerweile mehr als bekannte Route kamen wir gegen 20 Uhr in Sibiu an und konnten bei einem leckeren Steak das EM-Endspiel im TV verfolgen. Anschlie\u00dfend bezogen wir unsere super g\u00fcnstige und ganz neue Ferienwohnung.<\/span><\/p><p style=\"text-align: justify;\"><span style=\"color: #ffffff;\"><a href=\"http:\/\/teucher-marcel.de\/wp-content\/uploads\/2016\/07\/Romaniacs16_3.jpg\"><span style=\"color: #ffffff;\"><img width=\"750\" height=\"500\" class=\"aligncenter wp-image-5246 size-full\" alt=\"Romaniacs16_3\" src=\"http:\/\/teucher-marcel.de\/wp-content\/uploads\/2016\/07\/Romaniacs16_3.jpg\"><\/span><\/a><\/span><\/p><p style=\"text-align: justify;\"><span style=\"color: #ffffff;\">Montag stand der Abnahmemarathon auf dem Plan. Wie immer \u00fcberdurchschnittlich gut organisiert arbeiteten wir uns durch die verschiedenen Stationen (Lizenz, Unterkunft, GPS, Emergency usw). Abschlie\u00dfend wurde von jedem Fahrer noch ein Videoclip gedreht. Nach der technischen Abnahme durfte die Goldklasse die erste H\u00e4lfte des Prologs testen, was ich mir nat\u00fcrlich nicht entgehen lie\u00df. Es war gut, das schon einmal gefahren zu sein, es nahm etwas die Nervosit\u00e4t in wie weit die Hindernisse fahrbar waren. Im Anschluss schafften wir die Bikes in den Moto Security Park und gingen etwas essen. Wir schauten uns noch den ersten Streckenabschnitt von Tag 1 an \u201eThe Impossible\u201c und versuchten noch etwas zu relaxen. Es war mittlerweile sehr hei\u00df geworden.<\/span><\/p><p style=\"text-align: justify;\"><span style=\"color: #ffffff;\"><strong>Der Cityprolog - Crashkurs<\/strong><\/span><\/p><p style=\"text-align: justify;\"><span style=\"color: #ffffff;\">Im Zentrum wurde wieder ein sehr sch\u00f6ner spektakul\u00e4rer Prolog aus Holz, Steinen und Sand aufgebaut. Der zu Fu\u00df kaum zu bew\u00e4ltigen, aber mit dem Bike dann doch \u201efahrbar\u201c war. F\u00fcr mich verlief es ern\u00fcchternd. In beiden Qualil\u00e4ufen patzte ich und konnte mich dadurch nicht f\u00fcr den Nachmittagsprolog qualifizieren. Ich hab es sportlich gesehen und konnte Kraft sparen. Haken dran und gut.<\/span><\/p><p style=\"text-align: justify;\"><span style=\"color: #ffffff;\"><a href=\"http:\/\/teucher-marcel.de\/wp-content\/uploads\/2016\/07\/Romaniacs16_4.jpg\"><span style=\"color: #ffffff;\"><img width=\"750\" height=\"500\" class=\"aligncenter size-full wp-image-5247\" alt=\"Romaniacs16_4\" src=\"http:\/\/teucher-marcel.de\/wp-content\/uploads\/2016\/07\/Romaniacs16_4.jpg\"><\/span><\/a><\/span><\/p><p style=\"text-align: justify;\"><span style=\"color: #ffffff;\"><strong>Offroadtag 1 \u2013 \u201eplease take care\u201c<\/strong><\/span><\/p><p style=\"text-align: justify;\"><span style=\"color: #ffffff;\">Ich kann mich noch an die Worte eines Zuschauers erinnern bevor ich in einen der zahllosen und supersteilen Downhills ging. Doch immer der Reihe nach. Nach einer kurzen Nacht mit wenig Schlaf (es war unertr\u00e4glich warm), die f\u00fcr mich gegen 5 endete, ging es mit dem Sprinter 40km raus aus Sibiu zum Offroad-Start. Leicht nerv\u00f6s was mich erwarten w\u00fcrde ging es ohne Umwege zum ersten Hillclimb, der mich schon die ersten K\u00f6rner kostete. Ich war froh dort meine Service-Jungs platziert zu haben. Im Anschluss folgte ein gemeinsamer super steiler Downhill zusammen mit der Silberklasse, der mir aus 2015 noch in Erinnerung war. Auch so kannte ich einige Streckenabschnitte wieder. Allerdings sind wir das in der Silberklassse letztes Jahr anders herum gefahren. So wurde es an mancher Auffahrt doch sehr schwer und ich hatte arge Probleme meinem Rhythmus zu finden. Im Abschnitt \u201eAppetizer\u201c bin ich noch gut durchgekommen, hatte aber dann in den Bergen Probleme mit der Bed\u00fcsung. Das Mepp lief sehr schlecht. Aber ok, hilft ja nichts. Was mich am meisten st\u00f6rte, war das viel zu weiche Serienfahrwerk f\u00fcr die schnellen Verbindungswege. Bei schneller Gangart \u00fcber die Bergwiesen und Wege war es permanent am Limit und \u00fcberfordert. Das hat mich enorm viel Kraft gekostet, das h\u00e4tte ich trotzdem vorher wissen m\u00fcssen - mein Fehler. In einem Downhill wurde mir von irgendwem zugerufen \u201eplease take care\u201c ich wusste Sekunden sp\u00e4ter auch warum. Mit einer Harakiri Aktion s\u00e4belte ich den Downhill runter und kam grade so an einem gro\u00dfen Stein zu stehen. Ich hatte mehr Gl\u00fcck als Verstand und war froh in einem St\u00fcck unten angekommen zu sein.<\/span><\/p><p style=\"text-align: justify;\"><span style=\"color: #ffffff;\">Nach einem Zwangsstop, wo ich meine Handsch\u00fctzer wieder fest Schrauben musste, ging es auf endlos erscheinenden Goldtrails zum Servicepunkt. Diesen erreichte ich nach 4,5 h Fahrzeit. Ich war k\u00f6rperlich doch schon sehr angeschlagen. Die schier endlos erscheinenden Downhills kosteten richtig Kraft, viele dieser Abfahrten waren unfahrbar f\u00fcr mich. So blieb mir nichts anderes \u00fcbrig als zu schieben, was noch mehr Kraft kostete. Nach ca. 8h Fahrzeit wusste ich, dass es eng werden w\u00fcrde. Ich hatte noch ca. 50km vor mir und hoffte auf \u201eschnellere\u201c leichtere Wege. Doch es sollte anders kommen, nix da mit schnelleren Wegen - ein langsamer Trail nach dem anderen. Am letzten Tankpunkt dann der gr\u00f6\u00dfte Fehler, den ich machen konnte\u2026 Wir waren sp\u00e4t am Tankpunkt und so gab es kein Wasser mehr. Ich habe im Servicefahrzeug allerdings ein 6-Pack Wasser gesehen. Auf mein gezieltes Fragen nach einer Flasche zum Rucksack auff\u00fcllen wurde ich abgewiesen. Ein kleiner Junge des Service Team hatte Erbarmen und gab mir aus seiner Flasche einen kleinen schluck f\u00fcr meinen Rucksack. Ich Trottel habe aber nicht richtig zugeschraubt und wunderte mich warum der Rucksack auf einmal so nass war L Weg war mein rettender Schluck Wasser. Ich entschied mich in dem Fluss meinen Rucksack zu bef\u00fcllen. Das Wasser sah auf dem ersten Blick sauber aus. Doch die Rechnung sollte ich \u00fcber Nacht bekommen.<\/span><\/p><p style=\"text-align: justify;\"><span style=\"color: #ffffff;\">Nach dem Tankpunkt folgte wieder eine supersteile lange Auffahrt, welche ich nur durch schieben, wuchten und zick-zack bew\u00e4ltigen konnte. Und die Uhr lief erbarmungslos gegen mich. Wenig sp\u00e4ter im Malaia-Uphill angekommen hatte ich noch ca. 1h f\u00fcr 40km. Dieser Uphill verlangte mir noch einmal alles ab. Es war hei\u00df, super steil und endlos lang. An einer Schl\u00fcsselstelle, einer Felssektion im Wald schnippte ich das Bike auch noch etwas den Hang hinunter\u2026 das kostete ungemein Kraft wieder auf denTrail zu kommen. Doch irgendwie kam ich oben an, nach einer gef\u00fchlten Ewigkeit f\u00fcr ein paar Meter Strecke. Ich versuchte noch einmal zu pushen, doch ein schwerer Trail jagte den n\u00e4chsten und ich war am k\u00f6rperlichen Limit angekommen und war im Survival Modus. Richtung CP7 fuhr ich der Timebar entgegen. Ziemlich genau nach 10h Fahrzeit wurde ich an CP 7 aus dem Rennen genommen. Ich bekam eine letzte Anweisung wie ich auf den Iron Track finde, welchem ich ins Ziel folgen sollte. Kurz nach mir wurde mein Silberkumpel Marco Waldmann an selber Stelle aus dem Rennen genommen. Wir fuhren dann gemeinsam im lockeren Tempo ca. 25 km auf dem auch nicht so einfachen Iron Track Richtung Ziel. F\u00fcr Iron war das Bergab teilweise schon sehr steil\u2026. Im Ziel wartete meine Service Crew schon seit Stunden auf mich. Ich war so froh meine Freundin und Kumpels zu sehen. Ich war etwas geknickt mit Timebar raus zu sein. Doch einen Neustart hat man zum Gl\u00fcck.<\/span><\/p><p style=\"text-align: justify;\"><span style=\"color: #ffffff;\"><a href=\"http:\/\/teucher-marcel.de\/wp-content\/uploads\/2016\/07\/Romaniacs16_5.jpg\"><span style=\"color: #ffffff;\"><img width=\"750\" height=\"500\" class=\"aligncenter size-full wp-image-5248\" alt=\"Romaniacs16_5\" src=\"http:\/\/teucher-marcel.de\/wp-content\/uploads\/2016\/07\/Romaniacs16_5.jpg\"><\/span><\/a><\/span><\/p><p style=\"text-align: justify;\"><span style=\"color: #ffffff;\">\u00a0<\/span><\/p><p style=\"text-align: justify;\"><span style=\"color: #ffffff;\"><strong>Offroadtag 2 \u2013 ich h\u00e4tte es lassen sollen<\/strong><\/span><\/p><p style=\"text-align: justify;\"><span style=\"color: #ffffff;\">Donnerstagmorgen bin ich mit Bauschmerzen aufgewacht nachdem ich wie Tod geschlafen habe. Kurz sp\u00e4ter fand ich mich im Nachbarzimmer wieder und wusste nicht wie mir geschieht. Magen\/Darm \u2026 Trotzdem versuchte ich etwas M\u00fcsli reinzubekommen. Die Fahrt mit dem Sprinter zum Start war schrecklich. Ich versuchte mich zusammenzurei\u00dfen doch es ging nicht, weit und breit kein \u201eDixi\u201c L Mir war \u00fcbel und mein Bauch veranstaltete eine Party. Nach den ersten Metern auf dem Bike war wenigstens die \u00dcbelkeit weg. Doch ich f\u00fchlte mich kraftlos und hatte keinen Biss. Jede Auffahrt, jeder noch so kurze Downhill war eine Qual. Nach CP 2 kam der \u201eWasserfall\u201c-Loop f\u00fcr die Gold Klasse. Diesen k\u00e4mpfte ich mich noch durch und kurz vor CP 3 wartete meine Service-Crew. Ich entschied mich das Rennen zu beenden. Am Ende meiner Kr\u00e4fte h\u00e4tte ich nur noch eine unn\u00f6tige Verletzung riskiert.<\/span><\/p><p style=\"text-align: justify;\"><span style=\"color: #ffffff;\">Ich war mental noch nie so niedergeschlagen, doch mein gesunder Verstand sagte mir, dass es so besser ist.<\/span><\/p><p style=\"text-align: justify;\"><span style=\"color: #ffffff;\">\u00a0<\/span><\/p><p style=\"text-align: justify;\"><span style=\"color: #ffffff;\"><strong> <a href=\"http:\/\/teucher-marcel.de\/wp-content\/uploads\/2016\/07\/Romaniacs16_2.jpg\"><span style=\"color: #ffffff;\"><img width=\"750\" height=\"500\" class=\"aligncenter size-full wp-image-5245\" alt=\"Romaniacs16_2\" src=\"http:\/\/teucher-marcel.de\/wp-content\/uploads\/2016\/07\/Romaniacs16_2.jpg\"><\/span><\/a><\/strong><\/span><\/p><p style=\"text-align: justify;\"><span style=\"color: #ffffff;\">\u00a0<\/span><\/p><p style=\"text-align: justify;\"><span style=\"color: #ffffff;\"><strong>Gold-Res\u00fcmee<\/strong><\/span><\/p><p style=\"text-align: justify;\"><span style=\"color: #ffffff;\">Alles in Allem bin ich froh einmal gesehen zu haben, was in der Goldklasse gefahren wird. Es war in etwa so schwer wie die Silberklasse, doch mit einer enormen H\u00e4ufigkeit der schweren Stellen. Sicher hier und da ein paar Stellen die f\u00fcr mich unfahrbar waren, doch unterm Strich war es ok. Mit meinem jetzigen Trainingsstand (und ich war gut vorbereitet) sind die Etappen irgendwie machbar. Aber mit Tagesetappen von 160 Kilometern Extrem Enduro allerdings f\u00fcr mich als Semi-Profi viel zu lang. Es ist zwar nur ein nur ein kleiner \u201eTrost\u201c, doch auch in der Spitze gab es viele Ausf\u00e4lle. Am Ende von 4 Tagen haben nur 10 der 50 Profifahrer in der Goldklasse das t\u00e4gliche Ziel erreicht. Es bleibt zu Recht das H\u00e4rteste Rennen der Welt. Doch wenn man den Stimmen der Fahrer glaubt, war es allen zu lang und es hat keinen wirklich Spa\u00df bereitet. Ich glaube aber das wird sich keiner getrauen an richtiger Stelle einmal vorzusprechen. Man kann die Weltelite auch auf einem 100km Kurs mehr als fordern. Das ist nicht nur meine Meinung. Und wenn ich jetzt schon einmal am Kritik aus\u00fcben bin, dann finde ich es absolut nicht ok, das man kein Wasser bekommt, selbst wenn man sp\u00e4t an den Tankpunkt kommt. Egal wie sp\u00e4t, Wasser hat bei diesen Startgeldern einfach ausreichend da zu sein.<\/span><\/p><p style=\"text-align: justify;\"><span style=\"color: #ffffff;\"><a href=\"http:\/\/teucher-marcel.de\/wp-content\/uploads\/2016\/07\/Romaniacs16_6.jpg\"><span style=\"color: #ffffff;\"><img width=\"750\" height=\"500\" class=\"aligncenter size-full wp-image-5249\" alt=\"Romaniacs16_6\" src=\"http:\/\/teucher-marcel.de\/wp-content\/uploads\/2016\/07\/Romaniacs16_6.jpg\"><\/span><\/a><\/span><\/p><p style=\"text-align: justify;\"><span style=\"color: #ffffff;\"><strong>Service-Team<\/strong><\/span><\/p><p style=\"text-align: justify;\"><span style=\"color: #ffffff;\">Die letzten beiden Tage habe ich meinem Kumpel Feli mit unter die Arme gegriffen, und versucht ihm das Rennen zu erleichtern. Es war sch\u00f6n auch einmal die Betreuerseite zu sehen und live zu erleben. Jetzt habe ich nur noch mehr Respekt vor der Leistung, die immer wieder durch euch erbracht wird. Und das alles f\u00fcr nix. Daf\u00fcr m\u00f6chte ich mich an dieser Stelle auch bei meinen Helfer bedanken. Ihr seid die Besten. Vielen Dank<\/span><\/p><p style=\"text-align: justify;\"><span style=\"color: #ffffff;\">Ich werde mich jetzt noch etwas erholen und dann neue Trainingsziele mit dem OSP-Chemnitz formulieren um weiter an meiner k\u00f6rperlichen Leistung zu feilen. Wenn alles klappt kann ich beim RedBull 111 MegaWatt an den Start gehen. Bis dahin. Ride On. Euer Marcel<\/span><\/p><p style=\"text-align: justify;\"><span style=\"color: #ffffff;\"><a href=\"http:\/\/teucher-marcel.de\/?page_id=5232\"><span style=\"color: #ffffff;\">Fotogalerie<\/span><\/a><\/span><\/p><p style=\"text-align: justify;\"><span style=\"color: #ffffff;\"><a href=\"http:\/\/teucher-marcel.de\/wp-content\/uploads\/2016\/07\/Romaniacs16_1.jpg\"><span style=\"color: #ffffff;\"><img width=\"750\" height=\"507\" class=\"aligncenter size-full wp-image-5244\" alt=\"Romaniacs16_1\" src=\"http:\/\/teucher-marcel.de\/wp-content\/uploads\/2016\/07\/Romaniacs16_1.jpg\"><\/span><\/a><\/span><\/p><p style=\"text-align: justify;\"><span style=\"color: #ffffff;\">\u00a0<\/span><\/p>\t\t<\/div>\r\n\r\n\t\t\n\t\t\t\t<\/div><!-- .dslc-module -->\n\t\t<\/div> <\/div><\/div> \n\t\t<div  class=\"dslc-modules-section \" style=\"padding-bottom:21px;padding-top:21px;\" data-section-id=\"\">\n\t\t\t\t\n\t\t\t\t\n\t\t\t\t<div class=\"dslc-modules-section-wrapper dslc-clearfix\"> <div class=\"dslc-modules-area dslc-col dslc-12-col dslc-last-col\" data-size=\"12\" data-valign=\"\">\n\t\t<div id=\"dslc-module-104\" class=\"dslc-module-front dslc-module-DSLC_Navigation dslc-in-viewport-check dslc-in-viewport-anim-none  dslc-col dslc-12-col  dslc-module-handle-like-regular \" data-module-id=\"104\" data-module=\"DSLC_Navigation\" data-dslc-module-size=\"12\" data-dslc-anim=\"none\" data-dslc-anim-delay=\"0\" data-dslc-anim-duration=\"650\"  data-dslc-anim-easing=\"default\" data-dslc-preset=\"none\" >\n\n\t\t\t\n\t\t\t\n\t\t\t\t\t<div class=\"dslc-navigation dslc-navigation-sub-position-default dslc-navigation-res-t-disabled dslc-navigation-res-p-disabled dslc-navigation-orientation-horizontal\">\r\n\t\t\t\t<div class=\"dslc-navigation-inner\">\r\n\t\t\t\t\t<div class=\"menu-2-container\"><ul id=\"menu-3\" class=\"menu\"><li class=\"menu-item menu-item-type-custom menu-item-object-custom menu-item-home menu-item-5379\"><a href=\"http:\/\/teucher-marcel.de\">Home<\/a><\/li>\n<li class=\"menu-item menu-item-type-post_type menu-item-object-page menu-item-has-children menu-item-5380\"><a href=\"https:\/\/teucher-marcel.de\/?page_id=183\">News<\/a>\n<ul class=\"sub-menu\">\n\t<li class=\"menu-item menu-item-type-post_type menu-item-object-page menu-item-7382\"><a href=\"https:\/\/teucher-marcel.de\/?page_id=7378\">News 2026<\/a><\/li>\n\t<li class=\"menu-item menu-item-type-post_type menu-item-object-page menu-item-7321\"><a href=\"https:\/\/teucher-marcel.de\/?page_id=7319\">News 2025<\/a><\/li>\n\t<li class=\"menu-item menu-item-type-post_type menu-item-object-page menu-item-7228\"><a href=\"https:\/\/teucher-marcel.de\/?page_id=7225\">News 2024<\/a><\/li>\n\t<li class=\"menu-item menu-item-type-post_type menu-item-object-page menu-item-7189\"><a href=\"https:\/\/teucher-marcel.de\/?page_id=7175\">News 2022<\/a><\/li>\n\t<li class=\"menu-item menu-item-type-post_type menu-item-object-page menu-item-7155\"><a href=\"https:\/\/teucher-marcel.de\/?page_id=7153\">News 2021<\/a><\/li>\n\t<li class=\"menu-item menu-item-type-post_type menu-item-object-page menu-item-7047\"><a href=\"https:\/\/teucher-marcel.de\/?page_id=7044\">News 2020<\/a><\/li>\n\t<li class=\"menu-item menu-item-type-post_type menu-item-object-page menu-item-6826\"><a href=\"https:\/\/teucher-marcel.de\/?page_id=6824\">News 2019<\/a><\/li>\n\t<li class=\"menu-item menu-item-type-post_type menu-item-object-page menu-item-6388\"><a href=\"https:\/\/teucher-marcel.de\/?page_id=6363\">News  2018<\/a><\/li>\n\t<li class=\"menu-item menu-item-type-post_type menu-item-object-page menu-item-5909\"><a href=\"https:\/\/teucher-marcel.de\/?page_id=5907\">News 2017<\/a><\/li>\n\t<li class=\"menu-item menu-item-type-post_type menu-item-object-page menu-item-5381\"><a href=\"https:\/\/teucher-marcel.de\/?page_id=4880\">News 2016<\/a><\/li>\n\t<li class=\"menu-item menu-item-type-post_type menu-item-object-page menu-item-5382\"><a href=\"https:\/\/teucher-marcel.de\/?page_id=3865\">News 2015<\/a><\/li>\n\t<li class=\"menu-item menu-item-type-post_type menu-item-object-page menu-item-5383\"><a href=\"https:\/\/teucher-marcel.de\/?page_id=1066\">News 2014<\/a><\/li>\n\t<li class=\"menu-item menu-item-type-post_type menu-item-object-page menu-item-5385\"><a href=\"https:\/\/teucher-marcel.de\/?page_id=185\">News 2013<\/a><\/li>\n\t<li class=\"menu-item menu-item-type-post_type menu-item-object-page menu-item-5384\"><a href=\"https:\/\/teucher-marcel.de\/?page_id=315\">News 2012<\/a><\/li>\n<\/ul>\n<\/li>\n<li class=\"menu-item menu-item-type-post_type menu-item-object-page menu-item-5386\"><a href=\"https:\/\/teucher-marcel.de\/?page_id=5282\">Sportliche Laufbahn<\/a><\/li>\n<li class=\"menu-item menu-item-type-post_type menu-item-object-page menu-item-5387\"><a href=\"https:\/\/teucher-marcel.de\/?page_id=78\">Sponsoren<\/a><\/li>\n<li class=\"menu-item menu-item-type-post_type menu-item-object-page menu-item-has-children menu-item-5388\"><a href=\"https:\/\/teucher-marcel.de\/?page_id=4051\">Media<\/a>\n<ul class=\"sub-menu\">\n\t<li class=\"menu-item menu-item-type-custom menu-item-object-custom menu-item-7229\"><a href=\"https:\/\/www.instagram.com\/marcelteucher25\/\">Instagram<\/a><\/li>\n\t<li class=\"menu-item menu-item-type-custom menu-item-object-custom menu-item-5390\"><a href=\"http:\/\/teucher-marcel.de\/?page_id=710\">Fotogalerie<\/a><\/li>\n\t<li class=\"menu-item menu-item-type-post_type menu-item-object-page menu-item-5391\"><a href=\"https:\/\/teucher-marcel.de\/?page_id=4048\">Video<\/a><\/li>\n\t<li class=\"menu-item menu-item-type-post_type menu-item-object-page menu-item-5392\"><a href=\"https:\/\/teucher-marcel.de\/?page_id=537\">Presseberichte<\/a><\/li>\n\t<li class=\"menu-item menu-item-type-post_type menu-item-object-page menu-item-5393\"><a href=\"https:\/\/teucher-marcel.de\/?page_id=1165\">Mediaservice<\/a><\/li>\n<\/ul>\n<\/li>\n<li class=\"menu-item menu-item-type-post_type menu-item-object-page menu-item-5395\"><a href=\"https:\/\/teucher-marcel.de\/?page_id=749\">EnduroPro<\/a><\/li>\n<li class=\"menu-item menu-item-type-post_type menu-item-object-page menu-item-5397\"><a href=\"https:\/\/teucher-marcel.de\/?page_id=3948\">Impressum\/Kontakt<\/a><\/li>\n<\/ul><\/div>\r\n\t\t\t\t\t\t\t\t\t<\/div>\r\n\t\t\t<\/div>\r\n\t\t\t<div class=\"dslc-mobile-navigation dslc-navigation-res-t-disabled  dslc-navigation-res-p-disabled\">\r\n\t\t\t\t<select><option>- Select -<\/option><option value=\"http:\/\/teucher-marcel.de\" >Home<\/option><option value=\"https:\/\/teucher-marcel.de\/?page_id=183\" >News<\/option><option value=\"https:\/\/teucher-marcel.de\/?page_id=7378\" >News 2026<\/option><option value=\"https:\/\/teucher-marcel.de\/?page_id=7319\" >News 2025<\/option><option value=\"https:\/\/teucher-marcel.de\/?page_id=7225\" >News 2024<\/option><option value=\"https:\/\/teucher-marcel.de\/?page_id=7175\" >News 2022<\/option><option value=\"https:\/\/teucher-marcel.de\/?page_id=7153\" >News 2021<\/option><option value=\"https:\/\/teucher-marcel.de\/?page_id=7044\" >News 2020<\/option><option value=\"https:\/\/teucher-marcel.de\/?page_id=6824\" >News 2019<\/option><option value=\"https:\/\/teucher-marcel.de\/?page_id=6363\" >News  2018<\/option><option value=\"https:\/\/teucher-marcel.de\/?page_id=5907\" >News 2017<\/option><option value=\"https:\/\/teucher-marcel.de\/?page_id=4880\" >News 2016<\/option><option value=\"https:\/\/teucher-marcel.de\/?page_id=3865\" >News 2015<\/option><option value=\"https:\/\/teucher-marcel.de\/?page_id=1066\" > - News 2014<\/option><option value=\"https:\/\/teucher-marcel.de\/?page_id=185\" > - News 2013<\/option><option value=\"https:\/\/teucher-marcel.de\/?page_id=315\" > - News 2012<\/option><option value=\"https:\/\/teucher-marcel.de\/?page_id=5282\" >Sportliche Laufbahn<\/option><option value=\"https:\/\/teucher-marcel.de\/?page_id=78\" >Sponsoren<\/option><option value=\"https:\/\/teucher-marcel.de\/?page_id=4051\" >Media<\/option><option value=\"https:\/\/www.instagram.com\/marcelteucher25\/\" >Instagram<\/option><option value=\"http:\/\/teucher-marcel.de\/?page_id=710\" >Fotogalerie<\/option><option value=\"https:\/\/teucher-marcel.de\/?page_id=4048\" >Video<\/option><option value=\"https:\/\/teucher-marcel.de\/?page_id=537\" >Presseberichte<\/option><option value=\"https:\/\/teucher-marcel.de\/?page_id=1165\" >Mediaservice<\/option><option value=\"https:\/\/teucher-marcel.de\/?page_id=749\" >EnduroPro<\/option><option value=\"https:\/\/teucher-marcel.de\/?page_id=3948\" >Impressum\/Kontakt<\/option><\/select>\r\n\t\t\t\t<div class=\"dslc-mobile-navigation-hook\"><span class=\"dslc-icon dslc-icon-reorder\"><\/span><\/div>\r\n\t\t\t<\/div><!-- .dslc-mobile-navigation -->\r\n\r\n\t\t\t\r\n\t\t\t<script type=\"text\/javascript\">\r\n\t\t\t\tvar menuItems = document.querySelectorAll( '.dslc-navigation .menu > li.menu-item-has-children:not(.menu-with-arrow) > a' );\r\n\r\n\t\t\t\tfor (var i = 0, len = menuItems.length; i < len; i++) {\r\n\t\t\t\t  menuItems[i].insertAdjacentHTML('afterend', '<span class=\"dslc-navigation-arrow dslc-icon dslc-icon-chevron-down\"><\/span>');\r\n\t\t\t\t  menuItems[i].parentElement.className += \" menu-with-arrow\";\r\n\t\t\t\t}\r\n\t\t\t<\/script>\r\n\t\t\t\n\t\t\t\t<\/div><!-- .dslc-module -->\n\t\t<\/div> <\/div><\/div> <\/div>","protected":false},"excerpt":{"rendered":"<p>Red Bull Romaniacs: Goldluft geschnuppert \u2013 vorzeitiges Aus Lange Zeit ist es her, dass ich mental so geknickt von einem Rennen nach Hause gekommen bin.Mir war von Anfang an klar, dass die Red Bull Romaniacs das l\u00e4ngste und h\u00e4rteste Extremenduro der Welt sind, doch das es so endet, hatte ich nicht erwartet. Meine Vorbereitung startete [&hellip;]<\/p>\n","protected":false},"author":1,"featured_media":0,"parent":0,"menu_order":0,"comment_status":"closed","ping_status":"open","template":"fullpage.php","meta":{"ngg_post_thumbnail":0,"footnotes":"","_links_to":"","_links_to_target":""},"class_list":["post-5241","page","type-page","status-publish","hentry"],"_links":{"self":[{"href":"https:\/\/teucher-marcel.de\/index.php?rest_route=\/wp\/v2\/pages\/5241","targetHints":{"allow":["GET"]}}],"collection":[{"href":"https:\/\/teucher-marcel.de\/index.php?rest_route=\/wp\/v2\/pages"}],"about":[{"href":"https:\/\/teucher-marcel.de\/index.php?rest_route=\/wp\/v2\/types\/page"}],"author":[{"embeddable":true,"href":"https:\/\/teucher-marcel.de\/index.php?rest_route=\/wp\/v2\/users\/1"}],"replies":[{"embeddable":true,"href":"https:\/\/teucher-marcel.de\/index.php?rest_route=%2Fwp%2Fv2%2Fcomments&post=5241"}],"version-history":[{"count":3,"href":"https:\/\/teucher-marcel.de\/index.php?rest_route=\/wp\/v2\/pages\/5241\/revisions"}],"predecessor-version":[{"id":5250,"href":"https:\/\/teucher-marcel.de\/index.php?rest_route=\/wp\/v2\/pages\/5241\/revisions\/5250"}],"wp:attachment":[{"href":"https:\/\/teucher-marcel.de\/index.php?rest_route=%2Fwp%2Fv2%2Fmedia&parent=5241"}],"curies":[{"name":"wp","href":"https:\/\/api.w.org\/{rel}","templated":true}]}}