{"id":5514,"date":"2016-09-27T08:36:23","date_gmt":"2016-09-27T08:36:23","guid":{"rendered":"http:\/\/teucher-marcel.de\/?page_id=5514"},"modified":"2016-09-27T08:36:23","modified_gmt":"2016-09-27T08:36:23","slug":"einer-von-18-finishern-beim-redbull-111-megawatt","status":"publish","type":"page","link":"https:\/\/teucher-marcel.de\/?page_id=5514","title":{"rendered":"Einer von 18 Finishern beim RedBull 111 Megawatt"},"content":{"rendered":"<div id=\"dslc-main\">\n\t\t<div  class=\"dslc-modules-section \" style=\"background-color:rgb(0, 0, 0);background-image:url(https:\/\/teucher-marcel.de\/wp-content\/uploads\/2016\/09\/IMG_9717.jpg);background-repeat:no-repeat;background-position:center center;background-attachment:fixed;background-size:cover;\" data-section-id=\"\">\n\t\t\t\t<div class=\"dslc-bg-video dslc-force-show\"><div class=\"dslc-bg-video-overlay\" style=\"background-color:#000000; opacity:0.7; \"><\/div><\/div>\n\t\t\t\t\n\t\t\t\t<div class=\"dslc-modules-section-wrapper dslc-clearfix\"> <div class=\"dslc-modules-area dslc-col dslc-12-col dslc-last-col\" data-size=\"12\" data-valign=\"\">\n\t\t<div id=\"dslc-module-500\" class=\"dslc-module-front dslc-module-DSLC_TP_Title dslc-in-viewport-check dslc-in-viewport-anim-none  dslc-col dslc-12-col  dslc-module-handle-like-regular \" data-module-id=\"500\" data-module=\"DSLC_TP_Title\" data-dslc-module-size=\"12\" data-dslc-anim=\"none\" data-dslc-anim-delay=\"0\" data-dslc-anim-duration=\"650\"  data-dslc-anim-easing=\"ease\" data-dslc-preset=\"none\" >\n\n\t\t\t\n\t\t\t\n\t\t\r\n\t\t\t\t<div class=\"dslc-tp-title\"><h1>Einer von 18 Finishern beim RedBull 111 Megawatt<\/h1><\/div>\r\n\r\n\t\t\t\n\t\t\t\t<\/div><!-- .dslc-module -->\n\t\t\n\t\t<div id=\"dslc-module-501\" class=\"dslc-module-front dslc-module-DSLC_Text_Simple dslc-in-viewport-check dslc-in-viewport-anim-none  dslc-col dslc-12-col  dslc-module-handle-like-regular \" data-module-id=\"501\" data-module=\"DSLC_Text_Simple\" data-dslc-module-size=\"12\" data-dslc-anim=\"none\" data-dslc-anim-delay=\"0\" data-dslc-anim-duration=\"650\"  data-dslc-anim-easing=\"ease\" data-dslc-preset=\"none\" >\n\n\t\t\t\n\t\t\t\n\t\t\r\n\t\t<div class=\"dslc-text-module-content\">\r\n\t\t\t<p style=\"text-align: justify;\"><span style=\"color: #ffffff;\">Ein geiles Rennen der extra Klasse jagt nun das andere. Den Anfang machte das rb111mw in Polen.\nSeit Wochen plage ich mich mit einem st\u00e4ndig zur\u00fcck kommenden Infekt und konnte nur wenig trainieren... Dann f\u00fchlte ich mich, zu meinem Gl\u00fcck schon in der letzten Radeinheit wieder leicht kr\u00e4nklich\ud83d\ude22 \nDiesmal begleiteten mich meine Kumpels Denis, Markus und Moritz mit unseren Freundinnen Maria und Vanessa. Abends angekommen trafen wir uns noch mit meinem Buddy Felix und Tina zum essen.\n<\/span><\/p>\t\t<\/div>\r\n\r\n\t\t\n\t\t\t\t<\/div><!-- .dslc-module -->\n\t\t\n\t\t<div id=\"dslc-module-502\" class=\"dslc-module-front dslc-module-DSLC_Image dslc-in-viewport-check dslc-in-viewport-anim-none  dslc-col dslc-12-col  dslc-module-handle-like-regular \" data-module-id=\"502\" data-module=\"DSLC_Image\" data-dslc-module-size=\"12\" data-dslc-anim=\"none\" data-dslc-anim-delay=\"0\" data-dslc-anim-duration=\"650\"  data-dslc-anim-easing=\"ease\" data-dslc-preset=\"none\" >\n\n\t\t\t\n\t\t\t\n\t\t\t\t<div class=\"dslc-image-container\">\r\n\t\t<div class=\"dslc-image\">\r\n\r\n\t\t\t\r\n\t\t\t\t\r\n\t\t\t\t\t\t\t\t\t<img src=\"https:\/\/teucher-marcel.de\/wp-content\/uploads\/2016\/09\/BildMegawatt.jpg\" alt=\"\" title=\"\" srcset=\"https:\/\/teucher-marcel.de\/wp-content\/uploads\/2016\/09\/BildMegawatt.jpg 1321w, https:\/\/teucher-marcel.de\/wp-content\/uploads\/2016\/09\/BildMegawatt-300x198.jpg 300w, https:\/\/teucher-marcel.de\/wp-content\/uploads\/2016\/09\/BildMegawatt-1024x679.jpg 1024w\" sizes=\"(max-width: 1321px) 100vw, 1321px\" \/>\r\n\t\t\t\t\r\n\t\t\t\t\t\t\t\t\t<\/div><!-- .dslc-image -->\r\n\t\t<\/div>\r\n\t\t\n\t\t\t\t<\/div><!-- .dslc-module -->\n\t\t\n\t\t<div id=\"dslc-module-503\" class=\"dslc-module-front dslc-module-DSLC_Text_Simple dslc-in-viewport-check dslc-in-viewport-anim-none  dslc-col dslc-12-col  dslc-module-handle-like-regular \" data-module-id=\"503\" data-module=\"DSLC_Text_Simple\" data-dslc-module-size=\"12\" data-dslc-anim=\"none\" data-dslc-anim-delay=\"0\" data-dslc-anim-duration=\"650\"  data-dslc-anim-easing=\"ease\" data-dslc-preset=\"none\" >\n\n\t\t\t\n\t\t\t\n\t\t\r\n\t\t<div class=\"dslc-text-module-content\">\r\n\t\t\t<p style=\"text-align: justify;\"><span style=\"color: #ffffff;\">Im Tagebau angekommen war ich erstmal beeindruckt von der Gr\u00f6\u00dfe des \"Lochs\" - Unglaublich Gigantisch.\nDie Abnahme usw. gestaltete sich super unproblematisch und absolut gut durchorganisiert, dickes Lob an #RedbullPolska .\nDer Prolog war zweigeteilt in einen schnellen MX\/Endurotest und einen schweren Endurocross.\nBeide Tests liefen ganz gut. Im Endurocross st\u00fcrzte ich leider und mein Schalthebel verklemmte (Bild). Es war aber nicht mehr weit ins Ziel und so ging es irgendwie dann doch halbwegs \ud83d\ude48\nIch f\u00fchlte mich allerdings etwas angeschlagen und entschloss mich den zweiten Durchgang auszulassen, um Kraft f\u00fcr das Hauptrennen zu sparen.  Die erste Startreihe war mit meiner Zeit save - von daher war alles ok.\n<\/span><\/p>\t\t<\/div>\r\n\r\n\t\t\n\t\t\t\t<\/div><!-- .dslc-module -->\n\t\t\n\t\t<div id=\"dslc-module-504\" class=\"dslc-module-front dslc-module-DSLC_Image dslc-in-viewport-check dslc-in-viewport-anim-none  dslc-col dslc-12-col  dslc-module-handle-like-regular \" data-module-id=\"504\" data-module=\"DSLC_Image\" data-dslc-module-size=\"12\" data-dslc-anim=\"none\" data-dslc-anim-delay=\"0\" data-dslc-anim-duration=\"650\"  data-dslc-anim-easing=\"ease\" data-dslc-preset=\"none\" >\n\n\t\t\t\n\t\t\t\n\t\t\t\t<div class=\"dslc-image-container\">\r\n\t\t<div class=\"dslc-image\">\r\n\r\n\t\t\t\r\n\t\t\t\t\r\n\t\t\t\t\t\t\t\t\t<img src=\"https:\/\/teucher-marcel.de\/wp-content\/uploads\/2016\/09\/2016-09-17-PHOTO-00001984.jpg\" alt=\"\" title=\"\" srcset=\"https:\/\/teucher-marcel.de\/wp-content\/uploads\/2016\/09\/2016-09-17-PHOTO-00001984.jpg 1200w, https:\/\/teucher-marcel.de\/wp-content\/uploads\/2016\/09\/2016-09-17-PHOTO-00001984-225x300.jpg 225w, https:\/\/teucher-marcel.de\/wp-content\/uploads\/2016\/09\/2016-09-17-PHOTO-00001984-768x1024.jpg 768w\" sizes=\"(max-width: 1200px) 100vw, 1200px\" \/>\r\n\t\t\t\t\r\n\t\t\t\t\t\t\t\t\t<\/div><!-- .dslc-image -->\r\n\t\t<\/div>\r\n\t\t\n\t\t\t\t<\/div><!-- .dslc-module -->\n\t\t\n\t\t<div id=\"dslc-module-505\" class=\"dslc-module-front dslc-module-DSLC_Text_Simple dslc-in-viewport-check dslc-in-viewport-anim-none  dslc-col dslc-12-col  dslc-module-handle-like-regular \" data-module-id=\"505\" data-module=\"DSLC_Text_Simple\" data-dslc-module-size=\"12\" data-dslc-anim=\"none\" data-dslc-anim-delay=\"0\" data-dslc-anim-duration=\"650\"  data-dslc-anim-easing=\"ease\" data-dslc-preset=\"none\" >\n\n\t\t\t\n\t\t\t\n\t\t\r\n\t\t<div class=\"dslc-text-module-content\">\r\n\t\t\t<p style=\"text-align: justify;\"><span style=\"color: #ffffff;\">P\u00fcnktlich Sonntagmorgen war ich erk\u00e4ltet \ud83d\ude22 Aber ich wollte unbedingt fahren. Auch wenn ich wusste, dass man das nicht tun sollte.\nZum Rennen - Den Start habe ich leider vermasselt. Vor mir kamen einige Fahrer zu Fall, ich konnte nicht ausweichen und st\u00fcrzte ebenfalls. Shit happens. Armaturen richten, Handschuhe und Griffe grob von der Sand\/Schlammpampe befreien. Ich war tats\u00e4chlich Letzter aus der ersten Startreihe und hatte echt zu k\u00e4mpfen, in der ersten von drei Runden, mich durchs Feld zu k\u00e4mpfen. Wahnsinns Gel\u00e4nde... eine Sandauffahrt jagte die n\u00e4chste und die wurden immer schwerer.\nDie zweite Runde f\u00fchlte ich mich richtig gut, versuchte zu pushen und konnte mich sogar auf Platz 15 vorfahren. In der dritten und letzten Runde verlie\u00dfen mich die Kr\u00e4fte und ich versuchte so locker wie es nur geht zu fahren, immer die Zeit im Blick. Ich wusste, dass es knapp werden w\u00fcrde, aber ich wusste auch was ich kann und  war mir sicher es zu schaffen.\nAm Ende war ich \u00fcbergl\u00fccklich nach 3:54min im Ziel zu sein und das Rennen zu finishen. Das war mein Ziel. Und dann sogar Platz 17 und somit zweitbester Deutscher, das stimmt mich optimistisch. Allerdings hatte ich die Quittung am Montag, mega erk\u00e4ltet \ud83d\ude48\nNun werde ich mich bis zum SeatoSky schonen. Ich freu mich schon auf das most enjoyable hard enduro an der T\u00fcrkischen Riviera\ud83c\udf0a\ud83d\ude0a\ud83d\udc4d\n<\/span><\/p>\t\t<\/div>\r\n\r\n\t\t\n\t\t\t\t<\/div><!-- .dslc-module -->\n\t\t\n\t\t<div id=\"dslc-module-506\" class=\"dslc-module-front dslc-module-DSLC_Image dslc-in-viewport-check dslc-in-viewport-anim-none  dslc-col dslc-12-col  dslc-module-handle-like-regular \" data-module-id=\"506\" data-module=\"DSLC_Image\" data-dslc-module-size=\"12\" data-dslc-anim=\"none\" data-dslc-anim-delay=\"0\" data-dslc-anim-duration=\"650\"  data-dslc-anim-easing=\"ease\" data-dslc-preset=\"none\" >\n\n\t\t\t\n\t\t\t\n\t\t\t\t<div class=\"dslc-image-container\">\r\n\t\t<div class=\"dslc-image\">\r\n\r\n\t\t\t\r\n\t\t\t\t\r\n\t\t\t\t\t\t\t\t\t<img src=\"https:\/\/teucher-marcel.de\/wp-content\/uploads\/2016\/09\/14324293_539456786252388_1739991441642291838_o.jpg\" alt=\"\" title=\"\" srcset=\"https:\/\/teucher-marcel.de\/wp-content\/uploads\/2016\/09\/14324293_539456786252388_1739991441642291838_o.jpg 2048w, https:\/\/teucher-marcel.de\/wp-content\/uploads\/2016\/09\/14324293_539456786252388_1739991441642291838_o-300x194.jpg 300w, https:\/\/teucher-marcel.de\/wp-content\/uploads\/2016\/09\/14324293_539456786252388_1739991441642291838_o-1024x665.jpg 1024w\" sizes=\"(max-width: 2048px) 100vw, 2048px\" \/>\r\n\t\t\t\t\r\n\t\t\t\t\t\t\t\t\t<\/div><!-- .dslc-image -->\r\n\t\t<\/div>\r\n\t\t\n\t\t\t\t<\/div><!-- .dslc-module -->\n\t\t<\/div> <div class=\"dslc-modules-area dslc-col dslc-12-col dslc-last-col\" data-size=\"12\" data-valign=\"\">\n\t\t<div id=\"dslc-module-507\" class=\"dslc-module-front dslc-module-DSLC_Text_Simple dslc-in-viewport-check dslc-in-viewport-anim-dslcFadeIn  dslc-col dslc-12-col  dslc-module-handle-like-regular \" data-module-id=\"507\" data-module=\"DSLC_Text_Simple\" data-dslc-module-size=\"12\" data-dslc-anim=\"dslcFadeIn\" data-dslc-anim-delay=\"1000\" data-dslc-anim-duration=\"3000\"  data-dslc-anim-easing=\"ease\" data-dslc-preset=\"none\" >\n\n\t\t\t\n\t\t\t\n\t\t\r\n\t\t<div class=\"dslc-text-module-content\">\r\n\t\t\t<p style=\"text-align: center;\"><span style=\"text-decoration: underline;\"><strong><span style=\"color: #ffffff; text-decoration: underline;\">Race Vlog<\/span><\/strong><\/span><\/p><p><iframe width=\"853\" height=\"480\" src=\"https:\/\/www.youtube.com\/embed\/mp2tEx1sGjc\" frameborder=\"0\" allowfullscreen=\"allowfullscreen\"><\/iframe><\/p>\t\t<\/div>\r\n\r\n\t\t\n\t\t\t\t<\/div><!-- .dslc-module -->\n\t\t<\/div> <\/div><\/div> \n\t\t<div  class=\"dslc-modules-section \" style=\"padding-bottom:21px;padding-top:21px;\" data-section-id=\"\">\n\t\t\t\t\n\t\t\t\t\n\t\t\t\t<div class=\"dslc-modules-section-wrapper dslc-clearfix\"> <div class=\"dslc-modules-area dslc-col dslc-12-col dslc-last-col\" data-size=\"12\" data-valign=\"\">\n\t\t<div id=\"dslc-module-508\" class=\"dslc-module-front dslc-module-DSLC_Navigation dslc-in-viewport-check dslc-in-viewport-anim-none  dslc-col dslc-12-col  dslc-module-handle-like-regular \" data-module-id=\"508\" data-module=\"DSLC_Navigation\" data-dslc-module-size=\"12\" data-dslc-anim=\"none\" data-dslc-anim-delay=\"0\" data-dslc-anim-duration=\"650\"  data-dslc-anim-easing=\"default\" data-dslc-preset=\"none\" >\n\n\t\t\t\n\t\t\t\n\t\t\t\t\t<div class=\"dslc-navigation dslc-navigation-sub-position-default dslc-navigation-res-t-disabled dslc-navigation-res-p-disabled dslc-navigation-orientation-horizontal\">\r\n\t\t\t\t<div class=\"dslc-navigation-inner\">\r\n\t\t\t\t\t<div class=\"menu-2-container\"><ul id=\"menu-3\" class=\"menu\"><li class=\"menu-item menu-item-type-custom menu-item-object-custom menu-item-home menu-item-5379\"><a href=\"http:\/\/teucher-marcel.de\">Home<\/a><\/li>\n<li class=\"menu-item menu-item-type-post_type menu-item-object-page menu-item-has-children menu-item-5380\"><a href=\"https:\/\/teucher-marcel.de\/?page_id=183\">News<\/a>\n<ul class=\"sub-menu\">\n\t<li class=\"menu-item menu-item-type-post_type menu-item-object-page menu-item-7382\"><a href=\"https:\/\/teucher-marcel.de\/?page_id=7378\">News 2026<\/a><\/li>\n\t<li class=\"menu-item menu-item-type-post_type menu-item-object-page menu-item-7321\"><a href=\"https:\/\/teucher-marcel.de\/?page_id=7319\">News 2025<\/a><\/li>\n\t<li class=\"menu-item menu-item-type-post_type menu-item-object-page menu-item-7228\"><a href=\"https:\/\/teucher-marcel.de\/?page_id=7225\">News 2024<\/a><\/li>\n\t<li class=\"menu-item menu-item-type-post_type menu-item-object-page menu-item-7189\"><a href=\"https:\/\/teucher-marcel.de\/?page_id=7175\">News 2022<\/a><\/li>\n\t<li class=\"menu-item menu-item-type-post_type menu-item-object-page menu-item-7155\"><a href=\"https:\/\/teucher-marcel.de\/?page_id=7153\">News 2021<\/a><\/li>\n\t<li class=\"menu-item menu-item-type-post_type menu-item-object-page menu-item-7047\"><a href=\"https:\/\/teucher-marcel.de\/?page_id=7044\">News 2020<\/a><\/li>\n\t<li class=\"menu-item menu-item-type-post_type menu-item-object-page menu-item-6826\"><a href=\"https:\/\/teucher-marcel.de\/?page_id=6824\">News 2019<\/a><\/li>\n\t<li class=\"menu-item menu-item-type-post_type menu-item-object-page menu-item-6388\"><a href=\"https:\/\/teucher-marcel.de\/?page_id=6363\">News  2018<\/a><\/li>\n\t<li class=\"menu-item menu-item-type-post_type menu-item-object-page menu-item-5909\"><a href=\"https:\/\/teucher-marcel.de\/?page_id=5907\">News 2017<\/a><\/li>\n\t<li class=\"menu-item menu-item-type-post_type menu-item-object-page menu-item-5381\"><a href=\"https:\/\/teucher-marcel.de\/?page_id=4880\">News 2016<\/a><\/li>\n\t<li class=\"menu-item menu-item-type-post_type menu-item-object-page menu-item-5382\"><a href=\"https:\/\/teucher-marcel.de\/?page_id=3865\">News 2015<\/a><\/li>\n\t<li class=\"menu-item menu-item-type-post_type menu-item-object-page menu-item-5383\"><a href=\"https:\/\/teucher-marcel.de\/?page_id=1066\">News 2014<\/a><\/li>\n\t<li class=\"menu-item menu-item-type-post_type menu-item-object-page menu-item-5385\"><a href=\"https:\/\/teucher-marcel.de\/?page_id=185\">News 2013<\/a><\/li>\n\t<li class=\"menu-item menu-item-type-post_type menu-item-object-page menu-item-5384\"><a href=\"https:\/\/teucher-marcel.de\/?page_id=315\">News 2012<\/a><\/li>\n<\/ul>\n<\/li>\n<li class=\"menu-item menu-item-type-post_type menu-item-object-page menu-item-5386\"><a href=\"https:\/\/teucher-marcel.de\/?page_id=5282\">Sportliche Laufbahn<\/a><\/li>\n<li class=\"menu-item menu-item-type-post_type menu-item-object-page menu-item-5387\"><a href=\"https:\/\/teucher-marcel.de\/?page_id=78\">Sponsoren<\/a><\/li>\n<li class=\"menu-item menu-item-type-post_type menu-item-object-page menu-item-has-children menu-item-5388\"><a href=\"https:\/\/teucher-marcel.de\/?page_id=4051\">Media<\/a>\n<ul class=\"sub-menu\">\n\t<li class=\"menu-item menu-item-type-custom menu-item-object-custom menu-item-7229\"><a href=\"https:\/\/www.instagram.com\/marcelteucher25\/\">Instagram<\/a><\/li>\n\t<li class=\"menu-item menu-item-type-custom menu-item-object-custom menu-item-5390\"><a href=\"http:\/\/teucher-marcel.de\/?page_id=710\">Fotogalerie<\/a><\/li>\n\t<li class=\"menu-item menu-item-type-post_type menu-item-object-page menu-item-5391\"><a href=\"https:\/\/teucher-marcel.de\/?page_id=4048\">Video<\/a><\/li>\n\t<li class=\"menu-item menu-item-type-post_type menu-item-object-page menu-item-5392\"><a href=\"https:\/\/teucher-marcel.de\/?page_id=537\">Presseberichte<\/a><\/li>\n\t<li class=\"menu-item menu-item-type-post_type menu-item-object-page menu-item-5393\"><a href=\"https:\/\/teucher-marcel.de\/?page_id=1165\">Mediaservice<\/a><\/li>\n<\/ul>\n<\/li>\n<li class=\"menu-item menu-item-type-post_type menu-item-object-page menu-item-5395\"><a href=\"https:\/\/teucher-marcel.de\/?page_id=749\">EnduroPro<\/a><\/li>\n<li class=\"menu-item menu-item-type-post_type menu-item-object-page menu-item-5397\"><a href=\"https:\/\/teucher-marcel.de\/?page_id=3948\">Impressum\/Kontakt<\/a><\/li>\n<\/ul><\/div>\r\n\t\t\t\t\t\t\t\t\t<\/div>\r\n\t\t\t<\/div>\r\n\t\t\t<div class=\"dslc-mobile-navigation dslc-navigation-res-t-disabled  dslc-navigation-res-p-disabled\">\r\n\t\t\t\t<select><option>- Select -<\/option><option value=\"http:\/\/teucher-marcel.de\" >Home<\/option><option value=\"https:\/\/teucher-marcel.de\/?page_id=183\" >News<\/option><option value=\"https:\/\/teucher-marcel.de\/?page_id=7378\" >News 2026<\/option><option value=\"https:\/\/teucher-marcel.de\/?page_id=7319\" >News 2025<\/option><option value=\"https:\/\/teucher-marcel.de\/?page_id=7225\" >News 2024<\/option><option value=\"https:\/\/teucher-marcel.de\/?page_id=7175\" >News 2022<\/option><option value=\"https:\/\/teucher-marcel.de\/?page_id=7153\" >News 2021<\/option><option value=\"https:\/\/teucher-marcel.de\/?page_id=7044\" >News 2020<\/option><option value=\"https:\/\/teucher-marcel.de\/?page_id=6824\" >News 2019<\/option><option value=\"https:\/\/teucher-marcel.de\/?page_id=6363\" >News  2018<\/option><option value=\"https:\/\/teucher-marcel.de\/?page_id=5907\" >News 2017<\/option><option value=\"https:\/\/teucher-marcel.de\/?page_id=4880\" >News 2016<\/option><option value=\"https:\/\/teucher-marcel.de\/?page_id=3865\" >News 2015<\/option><option value=\"https:\/\/teucher-marcel.de\/?page_id=1066\" > - News 2014<\/option><option value=\"https:\/\/teucher-marcel.de\/?page_id=185\" > - News 2013<\/option><option value=\"https:\/\/teucher-marcel.de\/?page_id=315\" > - News 2012<\/option><option value=\"https:\/\/teucher-marcel.de\/?page_id=5282\" >Sportliche Laufbahn<\/option><option value=\"https:\/\/teucher-marcel.de\/?page_id=78\" >Sponsoren<\/option><option value=\"https:\/\/teucher-marcel.de\/?page_id=4051\" >Media<\/option><option value=\"https:\/\/www.instagram.com\/marcelteucher25\/\" >Instagram<\/option><option value=\"http:\/\/teucher-marcel.de\/?page_id=710\" >Fotogalerie<\/option><option value=\"https:\/\/teucher-marcel.de\/?page_id=4048\" >Video<\/option><option value=\"https:\/\/teucher-marcel.de\/?page_id=537\" >Presseberichte<\/option><option value=\"https:\/\/teucher-marcel.de\/?page_id=1165\" >Mediaservice<\/option><option value=\"https:\/\/teucher-marcel.de\/?page_id=749\" >EnduroPro<\/option><option value=\"https:\/\/teucher-marcel.de\/?page_id=3948\" >Impressum\/Kontakt<\/option><\/select>\r\n\t\t\t\t<div class=\"dslc-mobile-navigation-hook\"><span class=\"dslc-icon dslc-icon-reorder\"><\/span><\/div>\r\n\t\t\t<\/div><!-- .dslc-mobile-navigation -->\r\n\r\n\t\t\t\r\n\t\t\t<script type=\"text\/javascript\">\r\n\t\t\t\tvar menuItems = document.querySelectorAll( '.dslc-navigation .menu > li.menu-item-has-children:not(.menu-with-arrow) > a' );\r\n\r\n\t\t\t\tfor (var i = 0, len = menuItems.length; i < len; i++) {\r\n\t\t\t\t  menuItems[i].insertAdjacentHTML('afterend', '<span class=\"dslc-navigation-arrow dslc-icon dslc-icon-chevron-down\"><\/span>');\r\n\t\t\t\t  menuItems[i].parentElement.className += \" menu-with-arrow\";\r\n\t\t\t\t}\r\n\t\t\t<\/script>\r\n\t\t\t\n\t\t\t\t<\/div><!-- .dslc-module -->\n\t\t<\/div> <\/div><\/div> <\/div>","protected":false},"excerpt":{"rendered":"<p>Einer von 18 Finishern beim RedBull 111 Megawatt Ein geiles Rennen der extra Klasse jagt nun das andere. Den Anfang machte das rb111mw in Polen. Seit Wochen plage ich mich mit einem st\u00e4ndig zur\u00fcck kommenden Infekt und konnte nur wenig trainieren&#8230; Dann f\u00fchlte ich mich, zu meinem Gl\u00fcck schon in der letzten Radeinheit wieder leicht [&hellip;]<\/p>\n","protected":false},"author":1,"featured_media":0,"parent":0,"menu_order":0,"comment_status":"closed","ping_status":"open","template":"","meta":{"ngg_post_thumbnail":0,"footnotes":"","_links_to":"","_links_to_target":""},"class_list":["post-5514","page","type-page","status-publish","hentry"],"_links":{"self":[{"href":"https:\/\/teucher-marcel.de\/index.php?rest_route=\/wp\/v2\/pages\/5514","targetHints":{"allow":["GET"]}}],"collection":[{"href":"https:\/\/teucher-marcel.de\/index.php?rest_route=\/wp\/v2\/pages"}],"about":[{"href":"https:\/\/teucher-marcel.de\/index.php?rest_route=\/wp\/v2\/types\/page"}],"author":[{"embeddable":true,"href":"https:\/\/teucher-marcel.de\/index.php?rest_route=\/wp\/v2\/users\/1"}],"replies":[{"embeddable":true,"href":"https:\/\/teucher-marcel.de\/index.php?rest_route=%2Fwp%2Fv2%2Fcomments&post=5514"}],"version-history":[{"count":1,"href":"https:\/\/teucher-marcel.de\/index.php?rest_route=\/wp\/v2\/pages\/5514\/revisions"}],"predecessor-version":[{"id":5519,"href":"https:\/\/teucher-marcel.de\/index.php?rest_route=\/wp\/v2\/pages\/5514\/revisions\/5519"}],"wp:attachment":[{"href":"https:\/\/teucher-marcel.de\/index.php?rest_route=%2Fwp%2Fv2%2Fmedia&parent=5514"}],"curies":[{"name":"wp","href":"https:\/\/api.w.org\/{rel}","templated":true}]}}