{"id":6095,"date":"2017-04-26T16:12:25","date_gmt":"2017-04-26T16:12:25","guid":{"rendered":"http:\/\/teucher-marcel.de\/?page_id=6095"},"modified":"2017-04-26T16:12:25","modified_gmt":"2017-04-26T16:12:25","slug":"das-letzte-mal-beim-drapak-rodeo","status":"publish","type":"page","link":"https:\/\/teucher-marcel.de\/?page_id=6095","title":{"rendered":"Das letzte Mal beim Drapak Rodeo"},"content":{"rendered":"<div id=\"dslc-main\">\n\t\t<div  class=\"dslc-modules-section \" style=\"background-color:rgb(0, 0, 0);background-image:url(https:\/\/teucher-marcel.de\/wp-content\/uploads\/2017\/04\/DRAP8614.jpg);background-repeat:no-repeat;background-position:center center;background-attachment:fixed;background-size:cover;\" data-section-id=\"\">\n\t\t\t\t<div class=\"dslc-bg-video dslc-force-show\"><div class=\"dslc-bg-video-overlay\" style=\"background-color:#000000; opacity:0.7; \"><\/div><\/div>\n\t\t\t\t\n\t\t\t\t<div class=\"dslc-modules-section-wrapper dslc-clearfix\"> <div class=\"dslc-modules-area dslc-col dslc-12-col dslc-last-col\" data-size=\"12\" data-valign=\"\">\n\t\t<div id=\"dslc-module-646\" class=\"dslc-module-front dslc-module-DSLC_TP_Title dslc-in-viewport-check dslc-in-viewport-anim-none  dslc-col dslc-12-col  dslc-module-handle-like-regular \" data-module-id=\"646\" data-module=\"DSLC_TP_Title\" data-dslc-module-size=\"12\" data-dslc-anim=\"none\" data-dslc-anim-delay=\"0\" data-dslc-anim-duration=\"650\"  data-dslc-anim-easing=\"ease\" data-dslc-preset=\"none\" >\n\n\t\t\t\n\t\t\t\n\t\t\r\n\t\t\t\t<div class=\"dslc-tp-title\"><h1>Das letzte Mal beim Drapak Rodeo<\/h1><\/div>\r\n\r\n\t\t\t\n\t\t\t\t<\/div><!-- .dslc-module -->\n\t\t\n\t\t<div id=\"dslc-module-647\" class=\"dslc-module-front dslc-module-DSLC_Text_Simple dslc-in-viewport-check dslc-in-viewport-anim-none  dslc-col dslc-12-col  dslc-module-handle-like-regular \" data-module-id=\"647\" data-module=\"DSLC_Text_Simple\" data-dslc-module-size=\"12\" data-dslc-anim=\"none\" data-dslc-anim-delay=\"0\" data-dslc-anim-duration=\"650\"  data-dslc-anim-easing=\"ease\" data-dslc-preset=\"none\" >\n\n\t\t\t\n\t\t\t\n\t\t\r\n\t\t<div class=\"dslc-text-module-content\">\r\n\t\t\t<p><span style=\"color: #ffffff;\">Nach einem Jahr Auszeit war ich wieder beim Drapak Rodeo in Tschechien. Aus 2015 waren mir die Probleme mit den \u201eAbk\u00fcrzern\u201c immer noch bekannt. So hat dieses eigentlich landschaftliche und auch streckenm\u00e4\u00dfig super sch\u00f6nes Rennen schon im Vorfeld einen faden Beigeschmack. \nIm Focus stand f\u00fcr mich daher der Trainingseffekt unter Rennbedingungen. Aus diesem Gesichtspunkt hat sich der Ausflug auch wirklich gelohnt. Eine super sch\u00f6ne Strecke mit wunderbaren schweren Abschnitten.\n<\/span><\/p>\t\t<\/div>\r\n\r\n\t\t\n\t\t\t\t<\/div><!-- .dslc-module -->\n\t\t\n\t\t<div id=\"dslc-module-648\" class=\"dslc-module-front dslc-module-DSLC_Image dslc-in-viewport-check dslc-in-viewport-anim-none  dslc-col dslc-12-col  dslc-module-handle-like-regular \" data-module-id=\"648\" data-module=\"DSLC_Image\" data-dslc-module-size=\"12\" data-dslc-anim=\"none\" data-dslc-anim-delay=\"0\" data-dslc-anim-duration=\"650\"  data-dslc-anim-easing=\"ease\" data-dslc-preset=\"none\" >\n\n\t\t\t\n\t\t\t\n\t\t\t\t<div class=\"dslc-image-container\">\r\n\t\t<div class=\"dslc-image\">\r\n\r\n\t\t\t\r\n\t\t\t\t\r\n\t\t\t\t\t\t\t\t\t<img src=\"https:\/\/teucher-marcel.de\/wp-content\/uploads\/2017\/04\/DRAP8540.jpg\" alt=\"\" title=\"\" srcset=\"https:\/\/teucher-marcel.de\/wp-content\/uploads\/2017\/04\/DRAP8540.jpg 1600w, https:\/\/teucher-marcel.de\/wp-content\/uploads\/2017\/04\/DRAP8540-300x200.jpg 300w, https:\/\/teucher-marcel.de\/wp-content\/uploads\/2017\/04\/DRAP8540-1024x682.jpg 1024w\" sizes=\"(max-width: 1600px) 100vw, 1600px\" \/>\r\n\t\t\t\t\r\n\t\t\t\t\t\t\t\t\t<\/div><!-- .dslc-image -->\r\n\t\t<\/div>\r\n\t\t\n\t\t\t\t<\/div><!-- .dslc-module -->\n\t\t\n\t\t<div id=\"dslc-module-649\" class=\"dslc-module-front dslc-module-DSLC_Text_Simple dslc-in-viewport-check dslc-in-viewport-anim-none  dslc-col dslc-12-col  dslc-module-handle-like-regular \" data-module-id=\"649\" data-module=\"DSLC_Text_Simple\" data-dslc-module-size=\"12\" data-dslc-anim=\"none\" data-dslc-anim-delay=\"0\" data-dslc-anim-duration=\"650\"  data-dslc-anim-easing=\"ease\" data-dslc-preset=\"none\" >\n\n\t\t\t\n\t\t\t\n\t\t\r\n\t\t<div class=\"dslc-text-module-content\">\r\n\t\t\t<p style=\"text-align: justify;\"><span style=\"color: #ffffff;\">Der Prolog wurde als sch\u00f6ner langer Endurotest gefahren. Dar\u00fcber qualifizierte ich mich mit f\u00fcr die Elite klasse, wo nur die besten 30 Fahrer starten durften.\n\nAn den beiden Renntagen Samstag und Sonntag \u00fcber knapp 35 Kilometer bestand erneut das Problem, wie in 2015. Viele Fahrer w\u00e4hlten eine freie Streckenwahl gerade in den kniffeligen Passagen oder lie\u00dfen sogar Abschnitte komplett aus und bekamen dennoch alle Checkpoints im Ergebnis. Wie man sowas mit seinem eigenen Gewissen vereinbaren kann wei\u00df ich nicht. Aber das ist ein anderes Thema. \nIch bin mir sicher der Veranstalter kennt das Problem genau. Nicht um sonst gibt es schon 16 Checkpoints. Versteckte Checkpoints w\u00fcrden das Problem l\u00f6sen. Selbst schon die Androhung von versteckten Checkpoints k\u00f6nnte Abhilfe schaffen. Doch das Ma\u00df an Unsportlichkeit kennt bei manchen Sportskollegen keine Grenzen.\n\n<\/span><\/p>\t\t<\/div>\r\n\r\n\t\t\n\t\t\t\t<\/div><!-- .dslc-module -->\n\t\t\n\t\t<div id=\"dslc-module-650\" class=\"dslc-module-front dslc-module-DSLC_Image dslc-in-viewport-check dslc-in-viewport-anim-none  dslc-col dslc-12-col  dslc-module-handle-like-regular \" data-module-id=\"650\" data-module=\"DSLC_Image\" data-dslc-module-size=\"12\" data-dslc-anim=\"none\" data-dslc-anim-delay=\"0\" data-dslc-anim-duration=\"650\"  data-dslc-anim-easing=\"ease\" data-dslc-preset=\"none\" >\n\n\t\t\t\n\t\t\t\n\t\t\t\t<div class=\"dslc-image-container\">\r\n\t\t<div class=\"dslc-image\">\r\n\r\n\t\t\t\r\n\t\t\t\t\r\n\t\t\t\t\t\t\t\t\t<img src=\"https:\/\/teucher-marcel.de\/wp-content\/uploads\/2017\/04\/DRAP8770-31.jpg\" alt=\"\" title=\"\" srcset=\"https:\/\/teucher-marcel.de\/wp-content\/uploads\/2017\/04\/DRAP8770-31.jpg 1600w, https:\/\/teucher-marcel.de\/wp-content\/uploads\/2017\/04\/DRAP8770-31-300x186.jpg 300w, https:\/\/teucher-marcel.de\/wp-content\/uploads\/2017\/04\/DRAP8770-31-1024x638.jpg 1024w\" sizes=\"(max-width: 1600px) 100vw, 1600px\" \/>\r\n\t\t\t\t\r\n\t\t\t\t\t\t\t\t\t<\/div><!-- .dslc-image -->\r\n\t\t<\/div>\r\n\t\t\n\t\t\t\t<\/div><!-- .dslc-module -->\n\t\t\n\t\t<div id=\"dslc-module-651\" class=\"dslc-module-front dslc-module-DSLC_Text_Simple dslc-in-viewport-check dslc-in-viewport-anim-none  dslc-col dslc-12-col  dslc-module-handle-like-regular \" data-module-id=\"651\" data-module=\"DSLC_Text_Simple\" data-dslc-module-size=\"12\" data-dslc-anim=\"none\" data-dslc-anim-delay=\"0\" data-dslc-anim-duration=\"650\"  data-dslc-anim-easing=\"ease\" data-dslc-preset=\"none\" >\n\n\t\t\t\n\t\t\t\n\t\t\r\n\t\t<div class=\"dslc-text-module-content\">\r\n\t\t\t<p style=\"text-align: justify;\"><span style=\"color: #ffffff;\">Am Ende der beiden Tage stand ein 16. Platz f\u00fcr mich im Ergebnis. Immerhin bester Deutscher. Aber aufgrund der vielen unfairen Aktionen meiner Gegner f\u00fcr mich aber ohne Bedeutung. Leider war es daher auch mein letzter Start bei diesem Rennen. Eigentlich schade.<br><br>\nWeiter geht es nun Ende Mai in Portugal.\n\n<br><br>\nEuer Marcel<br><br>\nFotos: DG Design \/ Denis G\u00fcnther\n<br><br>\n<a href=\"http:\/\/teucher-marcel.de\/?page_id=6065\">Fotogalerie<\/a>\n<\/span><\/p>\t\t<\/div>\r\n\r\n\t\t\n\t\t\t\t<\/div><!-- .dslc-module -->\n\t\t\n\t\t<div id=\"dslc-module-652\" class=\"dslc-module-front dslc-module-DSLC_Image dslc-in-viewport-check dslc-in-viewport-anim-none  dslc-col dslc-12-col  dslc-module-handle-like-regular \" data-module-id=\"652\" data-module=\"DSLC_Image\" data-dslc-module-size=\"12\" data-dslc-anim=\"none\" data-dslc-anim-delay=\"0\" data-dslc-anim-duration=\"650\"  data-dslc-anim-easing=\"ease\" data-dslc-preset=\"none\" >\n\n\t\t\t\n\t\t\t\n\t\t\t\t<div class=\"dslc-image-container\">\r\n\t\t<div class=\"dslc-image\">\r\n\r\n\t\t\t\r\n\t\t\t\t\r\n\t\t\t\t\t\t\t\t\t<img src=\"https:\/\/teucher-marcel.de\/wp-content\/uploads\/2017\/04\/DRAP8813.jpg\" alt=\"\" title=\"\" srcset=\"https:\/\/teucher-marcel.de\/wp-content\/uploads\/2017\/04\/DRAP8813.jpg 1600w, https:\/\/teucher-marcel.de\/wp-content\/uploads\/2017\/04\/DRAP8813-300x196.jpg 300w, https:\/\/teucher-marcel.de\/wp-content\/uploads\/2017\/04\/DRAP8813-1024x672.jpg 1024w\" sizes=\"(max-width: 1600px) 100vw, 1600px\" \/>\r\n\t\t\t\t\r\n\t\t\t\t\t\t\t\t\t<\/div><!-- .dslc-image -->\r\n\t\t<\/div>\r\n\t\t\n\t\t\t\t<\/div><!-- .dslc-module -->\n\t\t<\/div> <div class=\"dslc-modules-area dslc-col dslc-12-col dslc-last-col\" data-size=\"12\" data-valign=\"\"><\/div> <\/div><\/div> \n\t\t<div  class=\"dslc-modules-section \" style=\"padding-bottom:21px;padding-top:21px;\" data-section-id=\"\">\n\t\t\t\t\n\t\t\t\t\n\t\t\t\t<div class=\"dslc-modules-section-wrapper dslc-clearfix\"> <div class=\"dslc-modules-area dslc-col dslc-12-col dslc-last-col\" data-size=\"12\" data-valign=\"\">\n\t\t<div id=\"dslc-module-653\" class=\"dslc-module-front dslc-module-DSLC_Navigation dslc-in-viewport-check dslc-in-viewport-anim-none  dslc-col dslc-12-col  dslc-module-handle-like-regular \" data-module-id=\"653\" data-module=\"DSLC_Navigation\" data-dslc-module-size=\"12\" data-dslc-anim=\"none\" data-dslc-anim-delay=\"0\" data-dslc-anim-duration=\"650\"  data-dslc-anim-easing=\"default\" data-dslc-preset=\"none\" >\n\n\t\t\t\n\t\t\t\n\t\t\t\t\t<div class=\"dslc-navigation dslc-navigation-sub-position-default dslc-navigation-res-t-disabled dslc-navigation-res-p-disabled dslc-navigation-orientation-horizontal\">\r\n\t\t\t\t<div class=\"dslc-navigation-inner\">\r\n\t\t\t\t\t<div class=\"menu-2-container\"><ul id=\"menu-3\" class=\"menu\"><li class=\"menu-item menu-item-type-custom menu-item-object-custom menu-item-home menu-item-5379\"><a href=\"http:\/\/teucher-marcel.de\">Home<\/a><\/li>\n<li class=\"menu-item menu-item-type-post_type menu-item-object-page menu-item-has-children menu-item-5380\"><a href=\"https:\/\/teucher-marcel.de\/?page_id=183\">News<\/a>\n<ul class=\"sub-menu\">\n\t<li class=\"menu-item menu-item-type-post_type menu-item-object-page menu-item-7382\"><a href=\"https:\/\/teucher-marcel.de\/?page_id=7378\">News 2026<\/a><\/li>\n\t<li class=\"menu-item menu-item-type-post_type menu-item-object-page menu-item-7321\"><a href=\"https:\/\/teucher-marcel.de\/?page_id=7319\">News 2025<\/a><\/li>\n\t<li class=\"menu-item menu-item-type-post_type menu-item-object-page menu-item-7228\"><a href=\"https:\/\/teucher-marcel.de\/?page_id=7225\">News 2024<\/a><\/li>\n\t<li class=\"menu-item menu-item-type-post_type menu-item-object-page menu-item-7189\"><a href=\"https:\/\/teucher-marcel.de\/?page_id=7175\">News 2022<\/a><\/li>\n\t<li class=\"menu-item menu-item-type-post_type menu-item-object-page menu-item-7155\"><a href=\"https:\/\/teucher-marcel.de\/?page_id=7153\">News 2021<\/a><\/li>\n\t<li class=\"menu-item menu-item-type-post_type menu-item-object-page menu-item-7047\"><a href=\"https:\/\/teucher-marcel.de\/?page_id=7044\">News 2020<\/a><\/li>\n\t<li class=\"menu-item menu-item-type-post_type menu-item-object-page menu-item-6826\"><a href=\"https:\/\/teucher-marcel.de\/?page_id=6824\">News 2019<\/a><\/li>\n\t<li class=\"menu-item menu-item-type-post_type menu-item-object-page menu-item-6388\"><a href=\"https:\/\/teucher-marcel.de\/?page_id=6363\">News  2018<\/a><\/li>\n\t<li class=\"menu-item menu-item-type-post_type menu-item-object-page menu-item-5909\"><a href=\"https:\/\/teucher-marcel.de\/?page_id=5907\">News 2017<\/a><\/li>\n\t<li class=\"menu-item menu-item-type-post_type menu-item-object-page menu-item-5381\"><a href=\"https:\/\/teucher-marcel.de\/?page_id=4880\">News 2016<\/a><\/li>\n\t<li class=\"menu-item menu-item-type-post_type menu-item-object-page menu-item-5382\"><a href=\"https:\/\/teucher-marcel.de\/?page_id=3865\">News 2015<\/a><\/li>\n\t<li class=\"menu-item menu-item-type-post_type menu-item-object-page menu-item-5383\"><a href=\"https:\/\/teucher-marcel.de\/?page_id=1066\">News 2014<\/a><\/li>\n\t<li class=\"menu-item menu-item-type-post_type menu-item-object-page menu-item-5385\"><a href=\"https:\/\/teucher-marcel.de\/?page_id=185\">News 2013<\/a><\/li>\n\t<li class=\"menu-item menu-item-type-post_type menu-item-object-page menu-item-5384\"><a href=\"https:\/\/teucher-marcel.de\/?page_id=315\">News 2012<\/a><\/li>\n<\/ul>\n<\/li>\n<li class=\"menu-item menu-item-type-post_type menu-item-object-page menu-item-5386\"><a href=\"https:\/\/teucher-marcel.de\/?page_id=5282\">Sportliche Laufbahn<\/a><\/li>\n<li class=\"menu-item menu-item-type-post_type menu-item-object-page menu-item-5387\"><a href=\"https:\/\/teucher-marcel.de\/?page_id=78\">Sponsoren<\/a><\/li>\n<li class=\"menu-item menu-item-type-post_type menu-item-object-page menu-item-has-children menu-item-5388\"><a href=\"https:\/\/teucher-marcel.de\/?page_id=4051\">Media<\/a>\n<ul class=\"sub-menu\">\n\t<li class=\"menu-item menu-item-type-custom menu-item-object-custom menu-item-7229\"><a href=\"https:\/\/www.instagram.com\/marcelteucher25\/\">Instagram<\/a><\/li>\n\t<li class=\"menu-item menu-item-type-custom menu-item-object-custom menu-item-5390\"><a href=\"http:\/\/teucher-marcel.de\/?page_id=710\">Fotogalerie<\/a><\/li>\n\t<li class=\"menu-item menu-item-type-post_type menu-item-object-page menu-item-5391\"><a href=\"https:\/\/teucher-marcel.de\/?page_id=4048\">Video<\/a><\/li>\n\t<li class=\"menu-item menu-item-type-post_type menu-item-object-page menu-item-5392\"><a href=\"https:\/\/teucher-marcel.de\/?page_id=537\">Presseberichte<\/a><\/li>\n\t<li class=\"menu-item menu-item-type-post_type menu-item-object-page menu-item-5393\"><a href=\"https:\/\/teucher-marcel.de\/?page_id=1165\">Mediaservice<\/a><\/li>\n<\/ul>\n<\/li>\n<li class=\"menu-item menu-item-type-post_type menu-item-object-page menu-item-5395\"><a href=\"https:\/\/teucher-marcel.de\/?page_id=749\">EnduroPro<\/a><\/li>\n<li class=\"menu-item menu-item-type-post_type menu-item-object-page menu-item-5397\"><a href=\"https:\/\/teucher-marcel.de\/?page_id=3948\">Impressum\/Kontakt<\/a><\/li>\n<\/ul><\/div>\r\n\t\t\t\t\t\t\t\t\t<\/div>\r\n\t\t\t<\/div>\r\n\t\t\t<div class=\"dslc-mobile-navigation dslc-navigation-res-t-disabled  dslc-navigation-res-p-disabled\">\r\n\t\t\t\t<select><option>- Select -<\/option><option value=\"http:\/\/teucher-marcel.de\" >Home<\/option><option value=\"https:\/\/teucher-marcel.de\/?page_id=183\" >News<\/option><option value=\"https:\/\/teucher-marcel.de\/?page_id=7378\" >News 2026<\/option><option value=\"https:\/\/teucher-marcel.de\/?page_id=7319\" >News 2025<\/option><option value=\"https:\/\/teucher-marcel.de\/?page_id=7225\" >News 2024<\/option><option value=\"https:\/\/teucher-marcel.de\/?page_id=7175\" >News 2022<\/option><option value=\"https:\/\/teucher-marcel.de\/?page_id=7153\" >News 2021<\/option><option value=\"https:\/\/teucher-marcel.de\/?page_id=7044\" >News 2020<\/option><option value=\"https:\/\/teucher-marcel.de\/?page_id=6824\" >News 2019<\/option><option value=\"https:\/\/teucher-marcel.de\/?page_id=6363\" >News  2018<\/option><option value=\"https:\/\/teucher-marcel.de\/?page_id=5907\" >News 2017<\/option><option value=\"https:\/\/teucher-marcel.de\/?page_id=4880\" >News 2016<\/option><option value=\"https:\/\/teucher-marcel.de\/?page_id=3865\" >News 2015<\/option><option value=\"https:\/\/teucher-marcel.de\/?page_id=1066\" > - News 2014<\/option><option value=\"https:\/\/teucher-marcel.de\/?page_id=185\" > - News 2013<\/option><option value=\"https:\/\/teucher-marcel.de\/?page_id=315\" > - News 2012<\/option><option value=\"https:\/\/teucher-marcel.de\/?page_id=5282\" >Sportliche Laufbahn<\/option><option value=\"https:\/\/teucher-marcel.de\/?page_id=78\" >Sponsoren<\/option><option value=\"https:\/\/teucher-marcel.de\/?page_id=4051\" >Media<\/option><option value=\"https:\/\/www.instagram.com\/marcelteucher25\/\" >Instagram<\/option><option value=\"http:\/\/teucher-marcel.de\/?page_id=710\" >Fotogalerie<\/option><option value=\"https:\/\/teucher-marcel.de\/?page_id=4048\" >Video<\/option><option value=\"https:\/\/teucher-marcel.de\/?page_id=537\" >Presseberichte<\/option><option value=\"https:\/\/teucher-marcel.de\/?page_id=1165\" >Mediaservice<\/option><option value=\"https:\/\/teucher-marcel.de\/?page_id=749\" >EnduroPro<\/option><option value=\"https:\/\/teucher-marcel.de\/?page_id=3948\" >Impressum\/Kontakt<\/option><\/select>\r\n\t\t\t\t<div class=\"dslc-mobile-navigation-hook\"><span class=\"dslc-icon dslc-icon-reorder\"><\/span><\/div>\r\n\t\t\t<\/div><!-- .dslc-mobile-navigation -->\r\n\r\n\t\t\t\r\n\t\t\t<script type=\"text\/javascript\">\r\n\t\t\t\tvar menuItems = document.querySelectorAll( '.dslc-navigation .menu > li.menu-item-has-children:not(.menu-with-arrow) > a' );\r\n\r\n\t\t\t\tfor (var i = 0, len = menuItems.length; i < len; i++) {\r\n\t\t\t\t  menuItems[i].insertAdjacentHTML('afterend', '<span class=\"dslc-navigation-arrow dslc-icon dslc-icon-chevron-down\"><\/span>');\r\n\t\t\t\t  menuItems[i].parentElement.className += \" menu-with-arrow\";\r\n\t\t\t\t}\r\n\t\t\t<\/script>\r\n\t\t\t\n\t\t\t\t<\/div><!-- .dslc-module -->\n\t\t<\/div> <\/div><\/div> <\/div>","protected":false},"excerpt":{"rendered":"<p>Das letzte Mal beim Drapak Rodeo Nach einem Jahr Auszeit war ich wieder beim Drapak Rodeo in Tschechien. Aus 2015 waren mir die Probleme mit den \u201eAbk\u00fcrzern\u201c immer noch bekannt. So hat dieses eigentlich landschaftliche und auch streckenm\u00e4\u00dfig super sch\u00f6nes Rennen schon im Vorfeld einen faden Beigeschmack. Im Focus stand f\u00fcr mich daher der Trainingseffekt [&hellip;]<\/p>\n","protected":false},"author":1,"featured_media":0,"parent":0,"menu_order":0,"comment_status":"closed","ping_status":"open","template":"","meta":{"ngg_post_thumbnail":0,"footnotes":"","_links_to":"","_links_to_target":""},"class_list":["post-6095","page","type-page","status-publish","hentry"],"_links":{"self":[{"href":"https:\/\/teucher-marcel.de\/index.php?rest_route=\/wp\/v2\/pages\/6095","targetHints":{"allow":["GET"]}}],"collection":[{"href":"https:\/\/teucher-marcel.de\/index.php?rest_route=\/wp\/v2\/pages"}],"about":[{"href":"https:\/\/teucher-marcel.de\/index.php?rest_route=\/wp\/v2\/types\/page"}],"author":[{"embeddable":true,"href":"https:\/\/teucher-marcel.de\/index.php?rest_route=\/wp\/v2\/users\/1"}],"replies":[{"embeddable":true,"href":"https:\/\/teucher-marcel.de\/index.php?rest_route=%2Fwp%2Fv2%2Fcomments&post=6095"}],"version-history":[{"count":1,"href":"https:\/\/teucher-marcel.de\/index.php?rest_route=\/wp\/v2\/pages\/6095\/revisions"}],"predecessor-version":[{"id":6096,"href":"https:\/\/teucher-marcel.de\/index.php?rest_route=\/wp\/v2\/pages\/6095\/revisions\/6096"}],"wp:attachment":[{"href":"https:\/\/teucher-marcel.de\/index.php?rest_route=%2Fwp%2Fv2%2Fmedia&parent=6095"}],"curies":[{"name":"wp","href":"https:\/\/api.w.org\/{rel}","templated":true}]}}