{"id":7319,"date":"2025-04-16T17:39:15","date_gmt":"2025-04-16T17:39:15","guid":{"rendered":"https:\/\/teucher-marcel.de\/?page_id=7319"},"modified":"2025-04-16T17:39:15","modified_gmt":"2025-04-16T17:39:15","slug":"news-2025","status":"publish","type":"page","link":"https:\/\/teucher-marcel.de\/?page_id=7319","title":{"rendered":"News 2025"},"content":{"rendered":"<div id=\"dslc-main\">\n\t\t<div  class=\"dslc-modules-section \" style=\"padding-bottom:19px;padding-top:19px;\" data-section-id=\"2299dba1909\">\n\t\t\t\t\n\t\t\t\t\n\t\t\t\t<div class=\"dslc-modules-section-wrapper dslc-clearfix\"><div class=\"dslc-modules-area dslc-col dslc-12-col dslc-last-col dslc-valign- \" data-size=\"12\" data-valign=\"\">\n\t\t<div id=\"dslc-module-08abf9e979a\" class=\"dslc-module-front dslc-module-DSLC_TP_Title dslc-in-viewport-check dslc-in-viewport-anim-none  dslc-col dslc-12-col dslc-last-col  dslc-module-handle-like-regular \" data-module-id=\"08abf9e979a\" data-module=\"DSLC_TP_Title\" data-dslc-module-size=\"12\" data-dslc-anim=\"none\" data-dslc-anim-delay=\"\" data-dslc-anim-duration=\"650\"  data-dslc-anim-easing=\"ease\" data-dslc-preset=\"none\" >\n\n\t\t\t\n\t\t\t\n\t\t\r\n\t\t\t\t<div class=\"dslc-tp-title\"><h1>Solider HESG Auftakt 2025<\/h1><\/div>\r\n\r\n\t\t\t\n\t\t\t\t<\/div><!-- .dslc-module -->\n\t\t<\/div><\/div><\/div>\n\t\t<div  class=\"dslc-modules-section \" style=\"background-color:rgb(0, 0, 0);background-image:url(https:\/\/teucher-marcel.de\/wp-content\/uploads\/2025\/04\/DSC02319-scaled.jpg);background-image:url(https:\/\/teucher-marcel.de\/wp-content\/uploads\/2025\/04\/DSC02881-scaled.jpg);background-repeat:no-repeat;background-position:center bottom;background-size:cover;\" data-section-id=\"cd31b21b998\">\n\t\t\t\t<div class=\"dslc-bg-video dslc-force-show\"><div class=\"dslc-bg-video-overlay\" style=\"background-color:#000000; opacity:0.7; \"><\/div><\/div>\n\t\t\t\t\n\t\t\t\t<div class=\"dslc-modules-section-wrapper dslc-clearfix\"><div class=\"dslc-modules-area dslc-col dslc-12-col dslc-last-col dslc-valign- \" data-size=\"12\" data-valign=\"\">\n\t\t<div id=\"dslc-module-2586c7e73e2\" class=\"dslc-module-front dslc-module-DSLC_Text_Simple dslc-in-viewport-check dslc-in-viewport-anim-none  dslc-col dslc-12-col dslc-last-col  dslc-module-handle-like-regular \" data-module-id=\"2586c7e73e2\" data-module=\"DSLC_Text_Simple\" data-dslc-module-size=\"12\" data-dslc-anim=\"none\" data-dslc-anim-delay=\"\" data-dslc-anim-duration=\"650\"  data-dslc-anim-easing=\"ease\" data-dslc-preset=\"none\" >\n\n\t\t\t\n\t\t\t\n\t\t\r\n\t\t<div class=\"dslc-text-module-content\">\r\n\t\t\t<p><strong>Rennbericht \u2013 Champion Hardenduro Challenge Neuhaus-Schierschnitz (29.03.2025)<\/strong><\/p><ol><li><strong> Lauf zur Auner Hard Enduro Series Germany<\/strong><\/li><\/ol>\t\t<\/div>\r\n\r\n\t\t\n\t\t\t\t<\/div><!-- .dslc-module -->\n\t\t\n\t\t<div id=\"dslc-module-bb6499c26c5\" class=\"dslc-module-front dslc-module-DSLC_Image dslc-in-viewport-check dslc-in-viewport-anim-none  dslc-col dslc-12-col dslc-last-col  dslc-module-handle-like-regular \" data-module-id=\"bb6499c26c5\" data-module=\"DSLC_Image\" data-dslc-module-size=\"12\" data-dslc-anim=\"none\" data-dslc-anim-delay=\"\" data-dslc-anim-duration=\"650\"  data-dslc-anim-easing=\"ease\" data-dslc-preset=\"none\" >\n\n\t\t\t\n\t\t\t\n\t\t\t\t<div class=\"dslc-image-container\">\r\n\t\t<div class=\"dslc-image\">\r\n\r\n\t\t\t\r\n\t\t\t\t\r\n\t\t\t\t\t\t\t\t\t<img src=\"https:\/\/teucher-marcel.de\/wp-content\/uploads\/2025\/04\/DSC06966-scaled.jpg\" alt=\"\" title=\"\" srcset=\"https:\/\/teucher-marcel.de\/wp-content\/uploads\/2025\/04\/DSC06966-scaled.jpg 2560w, https:\/\/teucher-marcel.de\/wp-content\/uploads\/2025\/04\/DSC06966-300x200.jpg 300w, https:\/\/teucher-marcel.de\/wp-content\/uploads\/2025\/04\/DSC06966-1024x683.jpg 1024w, https:\/\/teucher-marcel.de\/wp-content\/uploads\/2025\/04\/DSC06966-768x512.jpg 768w, https:\/\/teucher-marcel.de\/wp-content\/uploads\/2025\/04\/DSC06966-1536x1024.jpg 1536w, https:\/\/teucher-marcel.de\/wp-content\/uploads\/2025\/04\/DSC06966-2048x1365.jpg 2048w\" sizes=\"(max-width: 2560px) 100vw, 2560px\" \/>\r\n\t\t\t\t\r\n\t\t\t\t\t\t\t\t\t<\/div><!-- .dslc-image -->\r\n\t\t<\/div>\r\n\t\t\n\t\t\t\t<\/div><!-- .dslc-module -->\n\t\t\n\t\t<div id=\"dslc-module-b94dbb5752e\" class=\"dslc-module-front dslc-module-DSLC_Text_Simple dslc-in-viewport-check dslc-in-viewport-anim-none  dslc-col dslc-12-col dslc-last-col  dslc-module-handle-like-regular \" data-module-id=\"b94dbb5752e\" data-module=\"DSLC_Text_Simple\" data-dslc-module-size=\"12\" data-dslc-anim=\"none\" data-dslc-anim-delay=\"\" data-dslc-anim-duration=\"650\"  data-dslc-anim-easing=\"ease\" data-dslc-preset=\"none\" >\n\n\t\t\t\n\t\t\t\n\t\t\r\n\t\t<div class=\"dslc-text-module-content\">\r\n\t\t\t<p>Der Startschuss zur neuen Saison der Auner Hard Enduro Series Germany fiel dieses Jahr in Neuhaus-Schierschnitz. Die Strecke pr\u00e4sentierte sich in Form einer kurzen, aber technisch knackigen Runde \u2013 genau das Richtige zum Warmwerden und reinkommen in die Rennsaison 2025. Bei rund 10 Grad und stark bew\u00f6lktem Himmel herrschten eher frische, aber stabile Bedingungen.<\/p><p><strong>Prolog (Platz 13)<\/strong><br>Im ACE Bikes Prolog Award gelang mir ein guter Auftakt mit einem soliden 13. Platz. Ich f\u00fchlte mich auf dem Bike direkt wohl und konnte die Runde sauber ohne grobe Schnitzer durchziehen.<\/p><p><strong>Gruppenrennen (Platz 7)<\/strong><br>Im Gruppenrennen lief es richtig gut. Ich fand schnell in meinen Rhythmus und konnte kontinuierlich durchfahren. Am Ende sprang ein starker 7. Platz heraus \u2013 das gab ordentlich Selbstvertrauen f\u00fcrs Finale.<\/p><p><strong>Finale (Platz 44)<\/strong><br>Im Finale konnte ich direkt an die starke Leistung ankn\u00fcpfen und lag zwischenzeitlich sogar in den Top 15. Leider kam dann in Runde 4 das bittere Aus: Nach einem Sturz wurde der K\u00fchler besch\u00e4digt \u2013 technischer Defekt, Rennen vorbei. Extrem \u00e4rgerlich, denn da w\u00e4re richtig was gegangen.<\/p><p><strong>Rennbericht \u2013 Reetzer Hardenduro (12.04.2025)<\/strong><\/p><ol start=\"2\"><li><strong> Lauf zur Auner Hard Enduro Series Germany<\/strong><\/li><\/ol><p><a href=\"https:\/\/teucher-marcel.de\/wp-content\/uploads\/2025\/04\/DSC02319-scaled.jpg\"><img class=\"aligncenter size-full wp-image-7315\" src=\"https:\/\/teucher-marcel.de\/wp-content\/uploads\/2025\/04\/DSC02319-scaled.jpg\" alt=\"\" width=\"2560\" height=\"1707\"><\/a><\/p><p>Reetz erwartete uns Fahrer die l\u00e4ngste Strecke seit es Hardenduro in Reetz gibt. Der Verein zauberte eine richtig lange, zwar eher einfach gehaltenen Strecke in den Reetzer Sandkasten. Morgens war es noch k\u00fchl und bew\u00f6lkt, doch p\u00fcnktlich zum Finale wurde es sonnig und warm \u2013 perfekte Bedingungen f\u00fcrs Rennen.<\/p><p><strong>Prolog (Platz 10)<\/strong><br>Der ACE Bikes Prolog Award war extrem eng umk\u00e4mpft \u2013 zwischen Platz 6 und 11 lagen gerade einmal 3 Sekunden. Ich konnte mir Platz 10 sichern und war damit mitten in einem sehr starken Fahrerfeld.<\/p><p><strong>Gruppenrennen (Platz 8)<\/strong><br>Im ungeliebten Gruppenrennen 2 ging ich taktisch klug an die Sache heran. Ich wei\u00df, dass die Erholungszeit zum Finale dort immer knapp ist \u2013 also bin ich das Rennen bewusst locker gefahren, um Kr\u00e4fte zu sparen. Platz 8 war vollkommen in Ordnung und passte zum Plan.<\/p><p><strong>Finale (Platz 16)<\/strong><br>Im Finale ging die Strategie zun\u00e4chst voll auf. Ich hatte mir die Kraft gut eingeteilt und konnte am Ende der vermeintlich letzten Runde noch einmal alles raushauen. Bl\u00f6d nur: Es war noch nicht Schluss \u2013 zwei weitere Runden standen an. Die letzten 30 Minuten waren brutal, aber ich hab mich durchgebissen. Am Ende stand ein 16. Platz, mit dem ich unter diesen Umst\u00e4nden absolut zufrieden bin.<\/p><p><strong>Zwischenstand in der Meisterschaft (nach 3 L\u00e4ufen)<\/strong><\/p><ul><li><strong>Klasse Pro:<\/strong> 10. Platz<\/li><li><strong>ACE Bikes Prolog Award:<\/strong> 9. Platz<\/li><li><strong>Championat Gesamtwertung:<\/strong> 19. Platz<\/li><\/ul><p>Wir bleiben am Ball, bis dahin, Euer Marcel #25<\/p><p><a href=\"https:\/\/teucher-marcel.de\/wp-content\/uploads\/2025\/04\/DSC02881-scaled.jpg\"><img class=\"aligncenter size-full wp-image-7316\" src=\"https:\/\/teucher-marcel.de\/wp-content\/uploads\/2025\/04\/DSC02881-scaled.jpg\" alt=\"\" width=\"2560\" height=\"1707\"><\/a><\/p>\t\t<\/div>\r\n\r\n\t\t\n\t\t\t\t<\/div><!-- .dslc-module -->\n\t\t\n\t\t<div id=\"dslc-module-85409dbd12a\" class=\"dslc-module-front dslc-module-DSLC_Text_Simple dslc-in-viewport-check dslc-in-viewport-anim-none  dslc-col dslc-12-col dslc-last-col  dslc-module-handle-like-regular \" data-module-id=\"85409dbd12a\" data-module=\"DSLC_Text_Simple\" data-dslc-module-size=\"12\" data-dslc-anim=\"none\" data-dslc-anim-delay=\"\" data-dslc-anim-duration=\"650\"  data-dslc-anim-easing=\"ease\" data-dslc-preset=\"none\" >\n\n\t\t\t\n\t\t\t\n\t\t\r\n\t\t<div class=\"dslc-text-module-content\">\r\n\t\t\t\t\t<\/div>\r\n\r\n\t\t\n\t\t\t\t<\/div><!-- .dslc-module -->\n\t\t<\/div><div class=\"dslc-modules-area dslc-col dslc-12-col dslc-last-col dslc-valign- \" data-size=\"12\" data-valign=\"\">\n\t\t<div id=\"dslc-module-6d678a46dba\" class=\"dslc-module-front dslc-module-DSLC_Text_Simple dslc-in-viewport-check dslc-in-viewport-anim-none  dslc-col dslc-12-col dslc-last-col  dslc-module-handle-like-regular \" data-module-id=\"6d678a46dba\" data-module=\"DSLC_Text_Simple\" data-dslc-module-size=\"12\" data-dslc-anim=\"none\" data-dslc-anim-delay=\"\" data-dslc-anim-duration=\"650\"  data-dslc-anim-easing=\"ease\" data-dslc-preset=\"none\" >\n\n\t\t\t\n\t\t\t\n\t\t\r\n\t\t<div class=\"dslc-text-module-content\">\r\n\t\t\t<p><b>Fotos: Michel238pic\/Michel Kuchel<\/b><\/p>\t\t<\/div>\r\n\r\n\t\t\n\t\t\t\t<\/div><!-- .dslc-module -->\n\t\t<\/div><\/div><\/div>\n\t\t<div  class=\"dslc-modules-section \" style=\"\" data-section-id=\"afbf1c89d2a\">\n\t\t\t\t\n\t\t\t\t\n\t\t\t\t<div class=\"dslc-modules-section-wrapper dslc-clearfix\"><div class=\"dslc-modules-area dslc-col dslc-12-col dslc-last-col dslc-valign- \" data-size=\"12\" data-valign=\"\"><\/div><\/div><\/div><\/div><input type=\"hidden\" id=\"dslca-post-data-thumb\" value=\"https:\/\/teucher-marcel.de\/wp-content\/uploads\/2025\/04\/DSC02319-scaled.jpg\" \/>","protected":false},"excerpt":{"rendered":"<p>Solider HESG Auftakt 2025 Rennbericht \u2013 Champion Hardenduro Challenge Neuhaus-Schierschnitz (29.03.2025) Lauf zur Auner Hard Enduro Series Germany Der Startschuss zur neuen Saison der Auner Hard Enduro Series Germany fiel dieses Jahr in Neuhaus-Schierschnitz. Die Strecke pr\u00e4sentierte sich in Form einer kurzen, aber technisch knackigen Runde \u2013 genau das Richtige zum Warmwerden und reinkommen in [&hellip;]<\/p>\n","protected":false},"author":1,"featured_media":0,"parent":0,"menu_order":0,"comment_status":"closed","ping_status":"closed","template":"","meta":{"ngg_post_thumbnail":0,"footnotes":"","_links_to":"","_links_to_target":""},"class_list":["post-7319","page","type-page","status-publish","hentry"],"_links":{"self":[{"href":"https:\/\/teucher-marcel.de\/index.php?rest_route=\/wp\/v2\/pages\/7319","targetHints":{"allow":["GET"]}}],"collection":[{"href":"https:\/\/teucher-marcel.de\/index.php?rest_route=\/wp\/v2\/pages"}],"about":[{"href":"https:\/\/teucher-marcel.de\/index.php?rest_route=\/wp\/v2\/types\/page"}],"author":[{"embeddable":true,"href":"https:\/\/teucher-marcel.de\/index.php?rest_route=\/wp\/v2\/users\/1"}],"replies":[{"embeddable":true,"href":"https:\/\/teucher-marcel.de\/index.php?rest_route=%2Fwp%2Fv2%2Fcomments&post=7319"}],"version-history":[{"count":1,"href":"https:\/\/teucher-marcel.de\/index.php?rest_route=\/wp\/v2\/pages\/7319\/revisions"}],"predecessor-version":[{"id":7320,"href":"https:\/\/teucher-marcel.de\/index.php?rest_route=\/wp\/v2\/pages\/7319\/revisions\/7320"}],"wp:attachment":[{"href":"https:\/\/teucher-marcel.de\/index.php?rest_route=%2Fwp%2Fv2%2Fmedia&parent=7319"}],"curies":[{"name":"wp","href":"https:\/\/api.w.org\/{rel}","templated":true}]}}