{"id":749,"date":"2013-08-13T12:45:57","date_gmt":"2013-08-13T10:45:57","guid":{"rendered":"http:\/\/www.teucher-marcel.de\/?page_id=749"},"modified":"2018-05-16T09:23:43","modified_gmt":"2018-05-16T09:23:43","slug":"enduropro","status":"publish","type":"page","link":"https:\/\/teucher-marcel.de\/?page_id=749","title":{"rendered":"EnduroPro"},"content":{"rendered":"<div id=\"dslc-main\">\n\t\t<div  class=\"dslc-modules-section  dslc-init-parallax \" style=\"background-color:rgb(0, 0, 0);background-image:url(https:\/\/teucher-marcel.de\/wp-content\/uploads\/2016\/07\/19.jpg);background-repeat:no-repeat;background-position:center center;background-attachment:parallax;background-size:cover;\" data-section-id=\"\">\n\t\t\t\t<div class=\"dslc-bg-video dslc-force-show\"><div class=\"dslc-bg-video-overlay\" style=\"background-color:#000000; opacity:0.8; \"><\/div><\/div>\n\t\t\t\t\n\t\t\t\t<div class=\"dslc-modules-section-wrapper dslc-clearfix\"> <div class=\"dslc-modules-area dslc-col dslc-12-col dslc-last-col\" data-size=\"12\" data-valign=\"\">\n\t\t<div id=\"dslc-module-142\" class=\"dslc-module-front dslc-module-DSLC_Text_Simple dslc-in-viewport-check dslc-in-viewport-anim-none  dslc-col dslc-12-col  dslc-module-handle-like-regular \" data-module-id=\"142\" data-module=\"DSLC_Text_Simple\" data-dslc-module-size=\"12\" data-dslc-anim=\"none\" data-dslc-anim-delay=\"0\" data-dslc-anim-duration=\"650\"  data-dslc-anim-easing=\"ease\" data-dslc-preset=\"none\" >\n\n\t\t\t\n\t\t\t\n\t\t\r\n\t\t<div class=\"dslc-text-module-content\">\r\n\t\t\t<p style=\"text-align: justify;\"><span style=\"color: #ffffff;\"><a href=\"http:\/\/teucher-marcel.de\/wp-content\/uploads\/2013\/08\/EnduroPro.jpg\"><span style=\"color: #ffffff;\"><img width=\"739\" height=\"274\" class=\"aligncenter size-full wp-image-751\" alt=\"EnduroPro\" src=\"http:\/\/teucher-marcel.de\/wp-content\/uploads\/2013\/08\/EnduroPro.jpg\"><\/span><\/a><\/span><\/p><p style=\"text-align: justify;\"><span style=\"color: #ffffff;\">Seit letzten Jahr bin ich als Trainer bei EnduroPro dabei. Haupts\u00e4chlich bei Tagestrainings zeige ich Anf\u00e4ngern und Fortgeschrittenen Fahrern wie Sie leichter verschiedene Elemente des Endurosports meistern k\u00f6nnen.<\/span><\/p><p style=\"text-align: justify;\"><span style=\"color: #ffffff;\"><strong>EnduroPRO<\/strong> ist ein Offroad Unternehmen das sich \u00fcber Jahrzehnte auf dem deutschen Markt etabliert hat. Fast 1000 begeisterte Endurofahrer treffen sich jedes Jahr bei den <a title=\"http:\/\/www.enduropro.de\/produktkategorie\/enduroprojekte\/\" href=\"http:\/\/www.enduropro.de\/produktkategorie\/enduroprojekte\/\" target=\"_blank\"><span style=\"color: #ffffff;\">EnduroPROjekten<\/span><\/a> und toben sich auf einen der besten Offroad-Strecken in Europa aus.<\/span><br><span style=\"color: #ffffff;\"> Die <a title=\"http:\/\/www.enduropro.de\/produktkategorie\/enduroprojekte\/\" href=\"http:\/\/www.enduropro.de\/produktkategorie\/enduroprojekte\/\" target=\"_blank\"><span style=\"color: #ffffff;\">EnduroPROjekte<\/span><\/a> finden im Jahr viermal statt und bieten drei Tage Offroad-Spass pur. Viele Motorradfahrer nutzen die Einsteigertrainings, im Rahmen der <a title=\"http:\/\/www.enduropro.de\/produktkategorie\/enduroprojekte\/\" href=\"http:\/\/www.enduropro.de\/produktkategorie\/enduroprojekte\/\" target=\"_blank\"><span style=\"color: #ffffff;\">EnduroPROjekte<\/span><\/a>, um die ersten Schritte im Gel\u00e4nde sicherer zu machen.<\/span><br><span style=\"color: #ffffff;\"> Weiterhin bietet EnduroPRO spezielle <a title=\"http:\/\/www.enduropro.de\/training\/\" href=\"http:\/\/www.enduropro.de\/training\/\" target=\"_blank\"><span style=\"color: #ffffff;\">Tagestrainings<\/span><\/a> oder intensivere <a title=\"http:\/\/www.enduropro.de\/training-ueber-2-tage\/\" href=\"http:\/\/www.enduropro.de\/training-ueber-2-tage\/\" target=\"_blank\"><span style=\"color: #ffffff;\">Zwei-Tagestrainings<\/span><\/a> auf legalen Strecken in Deutschland. F\u00fcr die Sportfahrer und Fortgeschrittene Fahrer wird es unter der Leitung vom <a title=\"http:\/\/www.marko-barthel.de\" href=\"http:\/\/www.marko-barthel.de\/\" target=\"_blank\"><span style=\"color: #ffffff;\">Profi-Trainer Marko Barthel<\/span><\/a> ein spezielles <a title=\"http:\/\/www.enduropro.de\/training-ueber-2-tage\/\" href=\"http:\/\/www.enduropro.de\/training-ueber-2-tage\/\" target=\"_blank\"><span style=\"color: #ffffff;\">Sportfahrer Training<\/span><\/a> auf der GermanCrossCountry Strecke in Walldorf\/Th\u00fcringen geben.<\/span><\/p><p style=\"text-align: justify;\"><span style=\"color: #ffffff;\">F\u00fcr diejenigen die Ihren Speed auf der Cross Strecke optimieren wollen oder auch mal den ein oder anderen Sprung ohne Angst meistern m\u00f6chten , sollten sich das <a title=\"http:\/\/www.enduropro.de\/training-1-tag\/\" href=\"http:\/\/www.enduropro.de\/training-1-tag\/\" target=\"_blank\"><span style=\"color: #ffffff;\">MotoCross Training<\/span><\/a> nicht entgehen lassen.<\/span><\/p><p style=\"text-align: justify;\"><span style=\"color: #ffffff;\">Ein besonderes Highlight wird das <a title=\"http:\/\/www.enduropro.de\/training-1-tag\/\" href=\"http:\/\/www.enduropro.de\/training-1-tag\/\" target=\"_blank\"><span style=\"color: #ffffff;\">Extreme Enduro Training<\/span><\/a> auf dem Wiesellauf Gel\u00e4nde in Sachsen werden. Bei diesen Training geht es darum verschiedene nat\u00fcrliche und k\u00fcnstlich Hindernisse zu passieren ohne dabei sich qu\u00e4len zu m\u00fcssen.<\/span><\/p><p style=\"text-align: justify;\"><span style=\"color: #ffffff;\"><strong>Interesse geweckt? Dann meldet Euch f\u00fcr ein EnduroPROjekt oder einen Training unter der Leitung vom lizenzierten Trainer Marko Barthel an.<\/strong><\/span><\/p><p style=\"text-align: justify;\"><span style=\"color: #ffffff;\">Weitere Infos unter <a href=\"http:\/\/www.enduropro.de\" target=\"self\"><span style=\"color: #ffffff;\">www.enduropro.de<\/span><\/a><\/span><\/p><p style=\"text-align: justify;\"><span style=\"color: #ffffff;\">Wir haben verschiedene Trainings in unserem Programm.<\/span><br><span style=\"color: #ffffff;\"> F\u00fcr weitere Fragen stehen wir gerne zur Verf\u00fcgung per Email: info@enduropro.de oder per Telefon: (0049) 037206 568881<\/span><\/p><p style=\"text-align: justify;\"><span style=\"color: #ffffff;\"><strong>ngg_shortcode_1_placeholder<\/strong><\/span><\/p><p><span style=\"color: #ffffff;\">&nbsp;<\/span><\/p><p><span style=\"color: #ffffff;\">&nbsp;<\/span><\/p>\t\t<\/div>\r\n\r\n\t\t\n\t\t\t\t<\/div><!-- .dslc-module -->\n\t\t<\/div> <\/div><\/div> \n\t\t<div  class=\"dslc-modules-section \" style=\"padding-bottom:15px;padding-top:15px;\" data-section-id=\"\">\n\t\t\t\t\n\t\t\t\t\n\t\t\t\t<div class=\"dslc-modules-section-wrapper dslc-clearfix\"> <div class=\"dslc-modules-area dslc-col dslc-12-col dslc-last-col\" data-size=\"12\" data-valign=\"\">\n\t\t<div id=\"dslc-module-143\" class=\"dslc-module-front dslc-module-DSLC_Navigation dslc-in-viewport-check dslc-in-viewport-anim-none  dslc-col dslc-12-col  dslc-module-handle-like-regular \" data-module-id=\"143\" data-module=\"DSLC_Navigation\" data-dslc-module-size=\"12\" data-dslc-anim=\"none\" data-dslc-anim-delay=\"0\" data-dslc-anim-duration=\"650\"  data-dslc-anim-easing=\"default\" data-dslc-preset=\"none\" >\n\n\t\t\t\n\t\t\t\n\t\t\t\t\t<div class=\"dslc-navigation dslc-navigation-sub-position-default dslc-navigation-res-t-disabled dslc-navigation-res-p-disabled dslc-navigation-orientation-horizontal\">\r\n\t\t\t\t<div class=\"dslc-navigation-inner\">\r\n\t\t\t\t\t<div class=\"menu-2-container\"><ul id=\"menu-3\" class=\"menu\"><li class=\"menu-item menu-item-type-custom menu-item-object-custom menu-item-home menu-item-5379\"><a href=\"http:\/\/teucher-marcel.de\">Home<\/a><\/li>\n<li class=\"menu-item menu-item-type-post_type menu-item-object-page menu-item-has-children menu-item-5380\"><a href=\"https:\/\/teucher-marcel.de\/?page_id=183\">News<\/a>\n<ul class=\"sub-menu\">\n\t<li class=\"menu-item menu-item-type-post_type menu-item-object-page menu-item-7382\"><a href=\"https:\/\/teucher-marcel.de\/?page_id=7378\">News 2026<\/a><\/li>\n\t<li class=\"menu-item menu-item-type-post_type menu-item-object-page menu-item-7321\"><a href=\"https:\/\/teucher-marcel.de\/?page_id=7319\">News 2025<\/a><\/li>\n\t<li class=\"menu-item menu-item-type-post_type menu-item-object-page menu-item-7228\"><a href=\"https:\/\/teucher-marcel.de\/?page_id=7225\">News 2024<\/a><\/li>\n\t<li class=\"menu-item menu-item-type-post_type menu-item-object-page menu-item-7189\"><a href=\"https:\/\/teucher-marcel.de\/?page_id=7175\">News 2022<\/a><\/li>\n\t<li class=\"menu-item menu-item-type-post_type menu-item-object-page menu-item-7155\"><a href=\"https:\/\/teucher-marcel.de\/?page_id=7153\">News 2021<\/a><\/li>\n\t<li class=\"menu-item menu-item-type-post_type menu-item-object-page menu-item-7047\"><a href=\"https:\/\/teucher-marcel.de\/?page_id=7044\">News 2020<\/a><\/li>\n\t<li class=\"menu-item menu-item-type-post_type menu-item-object-page menu-item-6826\"><a href=\"https:\/\/teucher-marcel.de\/?page_id=6824\">News 2019<\/a><\/li>\n\t<li class=\"menu-item menu-item-type-post_type menu-item-object-page menu-item-6388\"><a href=\"https:\/\/teucher-marcel.de\/?page_id=6363\">News  2018<\/a><\/li>\n\t<li class=\"menu-item menu-item-type-post_type menu-item-object-page menu-item-5909\"><a href=\"https:\/\/teucher-marcel.de\/?page_id=5907\">News 2017<\/a><\/li>\n\t<li class=\"menu-item menu-item-type-post_type menu-item-object-page menu-item-5381\"><a href=\"https:\/\/teucher-marcel.de\/?page_id=4880\">News 2016<\/a><\/li>\n\t<li class=\"menu-item menu-item-type-post_type menu-item-object-page menu-item-5382\"><a href=\"https:\/\/teucher-marcel.de\/?page_id=3865\">News 2015<\/a><\/li>\n\t<li class=\"menu-item menu-item-type-post_type menu-item-object-page menu-item-5383\"><a href=\"https:\/\/teucher-marcel.de\/?page_id=1066\">News 2014<\/a><\/li>\n\t<li class=\"menu-item menu-item-type-post_type menu-item-object-page menu-item-5385\"><a href=\"https:\/\/teucher-marcel.de\/?page_id=185\">News 2013<\/a><\/li>\n\t<li class=\"menu-item menu-item-type-post_type menu-item-object-page menu-item-5384\"><a href=\"https:\/\/teucher-marcel.de\/?page_id=315\">News 2012<\/a><\/li>\n<\/ul>\n<\/li>\n<li class=\"menu-item menu-item-type-post_type menu-item-object-page menu-item-5386\"><a href=\"https:\/\/teucher-marcel.de\/?page_id=5282\">Sportliche Laufbahn<\/a><\/li>\n<li class=\"menu-item menu-item-type-post_type menu-item-object-page menu-item-5387\"><a href=\"https:\/\/teucher-marcel.de\/?page_id=78\">Sponsoren<\/a><\/li>\n<li class=\"menu-item menu-item-type-post_type menu-item-object-page menu-item-has-children menu-item-5388\"><a href=\"https:\/\/teucher-marcel.de\/?page_id=4051\">Media<\/a>\n<ul class=\"sub-menu\">\n\t<li class=\"menu-item menu-item-type-custom menu-item-object-custom menu-item-7229\"><a href=\"https:\/\/www.instagram.com\/marcelteucher25\/\">Instagram<\/a><\/li>\n\t<li class=\"menu-item menu-item-type-custom menu-item-object-custom menu-item-5390\"><a href=\"http:\/\/teucher-marcel.de\/?page_id=710\">Fotogalerie<\/a><\/li>\n\t<li class=\"menu-item menu-item-type-post_type menu-item-object-page menu-item-5391\"><a href=\"https:\/\/teucher-marcel.de\/?page_id=4048\">Video<\/a><\/li>\n\t<li class=\"menu-item menu-item-type-post_type menu-item-object-page menu-item-5392\"><a href=\"https:\/\/teucher-marcel.de\/?page_id=537\">Presseberichte<\/a><\/li>\n\t<li class=\"menu-item menu-item-type-post_type menu-item-object-page menu-item-5393\"><a href=\"https:\/\/teucher-marcel.de\/?page_id=1165\">Mediaservice<\/a><\/li>\n<\/ul>\n<\/li>\n<li class=\"menu-item menu-item-type-post_type menu-item-object-page menu-item-5395\"><a href=\"https:\/\/teucher-marcel.de\/?page_id=749\">EnduroPro<\/a><\/li>\n<li class=\"menu-item menu-item-type-post_type menu-item-object-page menu-item-5397\"><a href=\"https:\/\/teucher-marcel.de\/?page_id=3948\">Impressum\/Kontakt<\/a><\/li>\n<\/ul><\/div>\r\n\t\t\t\t\t\t\t\t\t<\/div>\r\n\t\t\t<\/div>\r\n\t\t\t<div class=\"dslc-mobile-navigation dslc-navigation-res-t-disabled  dslc-navigation-res-p-disabled\">\r\n\t\t\t\t<select><option>- Select -<\/option><option value=\"http:\/\/teucher-marcel.de\" >Home<\/option><option value=\"https:\/\/teucher-marcel.de\/?page_id=183\" >News<\/option><option value=\"https:\/\/teucher-marcel.de\/?page_id=7378\" >News 2026<\/option><option value=\"https:\/\/teucher-marcel.de\/?page_id=7319\" >News 2025<\/option><option value=\"https:\/\/teucher-marcel.de\/?page_id=7225\" >News 2024<\/option><option value=\"https:\/\/teucher-marcel.de\/?page_id=7175\" >News 2022<\/option><option value=\"https:\/\/teucher-marcel.de\/?page_id=7153\" >News 2021<\/option><option value=\"https:\/\/teucher-marcel.de\/?page_id=7044\" >News 2020<\/option><option value=\"https:\/\/teucher-marcel.de\/?page_id=6824\" >News 2019<\/option><option value=\"https:\/\/teucher-marcel.de\/?page_id=6363\" >News  2018<\/option><option value=\"https:\/\/teucher-marcel.de\/?page_id=5907\" >News 2017<\/option><option value=\"https:\/\/teucher-marcel.de\/?page_id=4880\" >News 2016<\/option><option value=\"https:\/\/teucher-marcel.de\/?page_id=3865\" >News 2015<\/option><option value=\"https:\/\/teucher-marcel.de\/?page_id=1066\" > - News 2014<\/option><option value=\"https:\/\/teucher-marcel.de\/?page_id=185\" > - News 2013<\/option><option value=\"https:\/\/teucher-marcel.de\/?page_id=315\" > - News 2012<\/option><option value=\"https:\/\/teucher-marcel.de\/?page_id=5282\" >Sportliche Laufbahn<\/option><option value=\"https:\/\/teucher-marcel.de\/?page_id=78\" >Sponsoren<\/option><option value=\"https:\/\/teucher-marcel.de\/?page_id=4051\" >Media<\/option><option value=\"https:\/\/www.instagram.com\/marcelteucher25\/\" >Instagram<\/option><option value=\"http:\/\/teucher-marcel.de\/?page_id=710\" >Fotogalerie<\/option><option value=\"https:\/\/teucher-marcel.de\/?page_id=4048\" >Video<\/option><option value=\"https:\/\/teucher-marcel.de\/?page_id=537\" >Presseberichte<\/option><option value=\"https:\/\/teucher-marcel.de\/?page_id=1165\" >Mediaservice<\/option><option value=\"https:\/\/teucher-marcel.de\/?page_id=749\" >EnduroPro<\/option><option value=\"https:\/\/teucher-marcel.de\/?page_id=3948\" >Impressum\/Kontakt<\/option><\/select>\r\n\t\t\t\t<div class=\"dslc-mobile-navigation-hook\"><span class=\"dslc-icon dslc-icon-reorder\"><\/span><\/div>\r\n\t\t\t<\/div><!-- .dslc-mobile-navigation -->\r\n\r\n\t\t\t\r\n\t\t\t<script type=\"text\/javascript\">\r\n\t\t\t\tvar menuItems = document.querySelectorAll( '.dslc-navigation .menu > li.menu-item-has-children:not(.menu-with-arrow) > a' );\r\n\r\n\t\t\t\tfor (var i = 0, len = menuItems.length; i < len; i++) {\r\n\t\t\t\t  menuItems[i].insertAdjacentHTML('afterend', '<span class=\"dslc-navigation-arrow dslc-icon dslc-icon-chevron-down\"><\/span>');\r\n\t\t\t\t  menuItems[i].parentElement.className += \" menu-with-arrow\";\r\n\t\t\t\t}\r\n\t\t\t<\/script>\r\n\t\t\t\n\t\t\t\t<\/div><!-- .dslc-module -->\n\t\t<\/div> <\/div><\/div> <\/div><input type=\"hidden\" id=\"dslca-post-data-thumb\" value=\"\" \/>","protected":false},"excerpt":{"rendered":"<p>Seit letzten Jahr bin ich als Trainer bei EnduroPro dabei. Haupts\u00e4chlich bei Tagestrainings zeige ich Anf\u00e4ngern und Fortgeschrittenen Fahrern wie Sie leichter verschiedene Elemente des Endurosports meistern k\u00f6nnen.EnduroPRO ist ein Offroad Unternehmen das sich \u00fcber Jahrzehnte auf dem deutschen Markt etabliert hat. Fast 1000 begeisterte Endurofahrer treffen sich jedes Jahr bei den EnduroPROjekten und toben [&hellip;]<\/p>\n","protected":false},"author":1,"featured_media":751,"parent":0,"menu_order":0,"comment_status":"closed","ping_status":"closed","template":"","meta":{"ngg_post_thumbnail":0,"footnotes":"","_links_to":"","_links_to_target":""},"class_list":["post-749","page","type-page","status-publish","has-post-thumbnail","hentry"],"_links":{"self":[{"href":"https:\/\/teucher-marcel.de\/index.php?rest_route=\/wp\/v2\/pages\/749","targetHints":{"allow":["GET"]}}],"collection":[{"href":"https:\/\/teucher-marcel.de\/index.php?rest_route=\/wp\/v2\/pages"}],"about":[{"href":"https:\/\/teucher-marcel.de\/index.php?rest_route=\/wp\/v2\/types\/page"}],"author":[{"embeddable":true,"href":"https:\/\/teucher-marcel.de\/index.php?rest_route=\/wp\/v2\/users\/1"}],"replies":[{"embeddable":true,"href":"https:\/\/teucher-marcel.de\/index.php?rest_route=%2Fwp%2Fv2%2Fcomments&post=749"}],"version-history":[{"count":3,"href":"https:\/\/teucher-marcel.de\/index.php?rest_route=\/wp\/v2\/pages\/749\/revisions"}],"predecessor-version":[{"id":3772,"href":"https:\/\/teucher-marcel.de\/index.php?rest_route=\/wp\/v2\/pages\/749\/revisions\/3772"}],"wp:featuredmedia":[{"embeddable":true,"href":"https:\/\/teucher-marcel.de\/index.php?rest_route=\/"}],"wp:attachment":[{"href":"https:\/\/teucher-marcel.de\/index.php?rest_route=%2Fwp%2Fv2%2Fmedia&parent=749"}],"curies":[{"name":"wp","href":"https:\/\/api.w.org\/{rel}","templated":true}]}}