{"id":781,"date":"2013-08-29T16:10:08","date_gmt":"2013-08-29T14:10:08","guid":{"rendered":"http:\/\/www.teucher-marcel.de\/?page_id=781"},"modified":"2014-07-09T09:36:58","modified_gmt":"2014-07-09T09:36:58","slug":"live-regiment-13-cup-update-29-08-17-15-uhr","status":"publish","type":"page","link":"https:\/\/teucher-marcel.de\/?page_id=781","title":{"rendered":"LIVE: Regiment 13 Cup Update: 05.09. 13.00 Uhr Video Prolog"},"content":{"rendered":"<div id=\"dslc-main\">\n\t\t<div  class=\"dslc-modules-section \" style=\"background-color:rgb(0, 0, 0);background-image:url(https:\/\/teucher-marcel.de\/wp-content\/uploads\/2016\/07\/IMG_2331.jpg);background-repeat:no-repeat;background-position:center center;background-attachment:fixed;background-size:cover;\" data-section-id=\"\">\n\t\t\t\t<div class=\"dslc-bg-video dslc-force-show\"><div class=\"dslc-bg-video-overlay\" style=\"background-color:#000000; opacity:0.7; \"><\/div><\/div>\n\t\t\t\t\n\t\t\t\t<div class=\"dslc-modules-section-wrapper dslc-clearfix\"> <div class=\"dslc-modules-area dslc-col dslc-12-col dslc-last-col\" data-size=\"12\" data-valign=\"\">\n\t\t<div id=\"dslc-module-385\" class=\"dslc-module-front dslc-module-DSLC_TP_Title dslc-in-viewport-check dslc-in-viewport-anim-none  dslc-col dslc-12-col  dslc-module-handle-like-regular \" data-module-id=\"385\" data-module=\"DSLC_TP_Title\" data-dslc-module-size=\"12\" data-dslc-anim=\"none\" data-dslc-anim-delay=\"0\" data-dslc-anim-duration=\"650\"  data-dslc-anim-easing=\"ease\" data-dslc-preset=\"none\" >\n\n\t\t\t\n\t\t\t\n\t\t\r\n\t\t\t\t<div class=\"dslc-tp-title\"><h1>LIVE: Regiment 13 Cup Update: 05.09. 13.00 Uhr Video Prolog<\/h1><\/div>\r\n\r\n\t\t\t\n\t\t\t\t<\/div><!-- .dslc-module -->\n\t\t<\/div> <div class=\"dslc-modules-area dslc-col dslc-12-col dslc-last-col\" data-size=\"12\" data-valign=\"\">\n\t\t<div id=\"dslc-module-386\" class=\"dslc-module-front dslc-module-DSLC_Text_Simple dslc-in-viewport-check dslc-in-viewport-anim-dslcFadeIn  dslc-col dslc-12-col  dslc-module-handle-like-regular \" data-module-id=\"386\" data-module=\"DSLC_Text_Simple\" data-dslc-module-size=\"12\" data-dslc-anim=\"dslcFadeIn\" data-dslc-anim-delay=\"1000\" data-dslc-anim-duration=\"3000\"  data-dslc-anim-easing=\"ease\" data-dslc-preset=\"none\" >\n\n\t\t\t\n\t\t\t\n\t\t\r\n\t\t<div class=\"dslc-text-module-content\">\r\n\t\t\t<p style=\"text-align: justify;\"><span style=\"color: #ffffff;\"><a href=\"http:\/\/teucher-marcel.de\/wp-content\/uploads\/2013\/08\/LIVERegiment.jpg\"><span style=\"color: #ffffff;\"><img width=\"700\" height=\"400\" class=\"aligncenter size-full wp-image-783\" alt=\"LIVERegiment\" src=\"http:\/\/teucher-marcel.de\/wp-content\/uploads\/2013\/08\/LIVERegiment.jpg\"><\/span><\/a><\/span><\/p><p style=\"text-align: justify;\"><span style=\"color: #ffffff;\"><strong>05.09.2013 13.00 Uhr<\/strong><\/span><\/p><p style=\"text-align: justify;\"><span style=\"color: #ffffff;\"><iframe width=\"720\" height=\"520\" src=\"\/\/www.youtube.com\/embed\/MtMdImdRjak\" frameborder=\"0\" allowfullscreen=\"allowfullscreen\"><\/iframe><\/span><\/p><p style=\"text-align: justify;\"><span style=\"color: #ffffff;\"><strong>03.09.2013 11.15 Uhr <\/strong><\/span><\/p><p style=\"text-align: justify;\"><span style=\"color: #ffffff;\">Das Regiment 13 Enduro hat seinen Ursprung im Banater Grenzregiments Nr. 13. Im Jahre 1767 wurde es von den \u00d6sterreichern gegr\u00fcndet, um die damalige Grenze zum Osmanischen Reich zu bewachen. Es waren Einheimische, die das ganze Banater Bergland als Bezirk hatten und dieses sehr gut kannten. Die Jungs und M\u00e4dels vom Regiment 13 damals wie heute haben Eines gemeinsam, Ihr Wissen um die geilsten Tracks im Gebirge. Die kleine Gruppe von sehr ehrgeizigen und guten Endurofahrern zauberten wahnsinnig geile Tracks f\u00fcr Hobbyfahrer und vor allem unglaublich anspruchsvolle Expert Tracks.<\/span><\/p><p style=\"text-align: justify;\"><span style=\"color: #ffffff;\">So viel zur Geschichte des Regiments. Mich hat der Arbeitsalltag schon wieder und konnte nach einer langen Nacht im Transpo gestern wieder relativ gesund und relativ munter an die Arbeit gehen.<\/span><\/p><p style=\"text-align: justify;\"><span style=\"color: #ffffff;\">Wir hatten noch nicht wirklich Zeit das Event richtig Revue passieren zu lassen, aber eins ist klar, wir werden wieder hinfahren.<\/span><\/p><p style=\"text-align: justify;\"><span style=\"color: #ffffff;\">Zusammenfassend muss ich sagen, dass ich etwas Pech hatte. Auch das kann passieren, man kann nicht nur Gl\u00fcck haben :D . Mit einer starken Erk\u00e4ltung reiste ich an und ging dadurch schon geschw\u00e4cht ins Rennen. Im Prolog verabschiedete sich meine Hinterradbremse, Platz 15. Etwas gefrustet aber umso mehr motiviert, ging ich in den ersten Offroad Tag (Samstag). Dort habe ich mich in einer besonders langen und kr\u00e4ftezehrenden Auffahrt an mein Limit gebracht. Alle Fahrer die sich da hoch qu\u00e4len mussten, wissen nun genau, was es bedeutet knapp 2h einen Berg zu erklimmen, der so steil ist, das es kaum m\u00f6glich war... bei Regen, ich wills gar nicht wissen :D und dann noch meine Erk\u00e4ltung\u2026 Zu allem \u00dcberfluss hab ich mein Mopped im anschlie\u00dfenden Downhill leergefahren. Sogar die Reserve, mit der ich im \u00dcbrigen den Berg grad so geschafft habe, war aufgebraucht. Ein von hinten kommender Pole mit der Startnummer 17 kam mir zur Rettung und war so freundlich mir 2l Sprit zu geben, Tausend Dank f\u00fcr die coole Aktion. Wir haben gemeinsam am Wegesrand eine alte Flasche gesucht und gefunden zum umf\u00fcllen... Sowas erlebt man eben nur hier. So konnte ich nach einigen kr\u00e4ftezehrenden Schiebemetern dann doch weiterfahren. Die aufgeholte Zeit war nat\u00fcrlich futsch :( ...<\/span><\/p><p style=\"text-align: justify;\"><span style=\"color: #ffffff;\">Am Ende landete ich am ersten Offroad Tag auf Platz 12. Nicht schlecht, aber ganz klar mein Ziel verfehlt. Das \u00e4rgert mich sehr, denn die Strecke lag mir gut.<\/span><\/p><p style=\"text-align: justify;\"><span style=\"color: #ffffff;\"><a href=\"http:\/\/teucher-marcel.de\/wp-content\/uploads\/2013\/08\/Regiment.jpg\"><span style=\"color: #ffffff;\"><img width=\"500\" height=\"750\" class=\"aligncenter size-full wp-image-818\" alt=\"Regiment\" src=\"http:\/\/teucher-marcel.de\/wp-content\/uploads\/2013\/08\/Regiment.jpg\"><\/span><\/a><\/span><\/p><p style=\"text-align: justify;\"><span style=\"color: #ffffff;\">Den gestrigen zweiten Offroad Tag habe ich auf Platz 7 abgeschlossen. Ein Vollgas-Tag mit vielen schnellen Passagen im Wald, langen anspruchsvollen Trails und vier Expert Loops, die sich gewaschen hatten. Leider konnte man durch das hohe Tempo nicht so viel Zeit rausfahren. In den zahllosen Downhills konnte ich mich mit funktionierender Hinterradbremse an ein paar Fahrer vorbeibremsen. Die Entscheidung fiel im letzten Expert Loop. Ein wahnsinnig steiles nicht enden wollendes Bachbett mit einen anschlie\u00dfendem Singletrail durchs Unterholz hinauf auf \u00fcber 1500m. Einfach genial! Dort sah ich gegen Ende 2 Expert Fahrer sich den Hang hoch qu\u00e4len. Das motivierte mich und ich konnte aufschlie\u00dfen und sogar \u00fcberholen, ein geiles Gef\u00fchl. Der vorletzte Checkpoint war erreicht und ich machte Druck um im letzten Downhill evtl. noch auf Platz 6 aufzuschlie\u00dfen. Doch da war nichts mehr zu machen. Keine Chance. In der Gesamtwertung bin ich am Ende auf Platz 9 gelandet, was in Anbetracht der vielen Kleinigkeiten f\u00fcr mich Ok ist.<\/span><\/p><p style=\"text-align: justify;\"><span style=\"color: #ffffff;\">Was f\u00fcr mich nicht Ok ist: die Jungs, welche am ersten Offroadtag die kr\u00e4ftezehrende Auffahrt einfach ausgelassen haben und nur 1:30 h Strafzeit gem\u00e4\u00df Reglement bekommen haben. Sicher Faja und Volny waren etwas schneller oben aber die meisten haben sich \u00fcber 2h erst hinunter und hinaufgequ\u00e4lt, was unterm Tisch gekehrt wurde. Sich aber an so einer Sache hei\u00df zu machen hinterl\u00e4sst bei dem geilen Wochenende einen faden Beigeschmack und ist f\u00fcr mich deswegen hiermit abgehakt. Es kommt der Tag an denen diese Leute auffliegen.<\/span><\/p><p style=\"text-align: justify;\"><span style=\"color: #ffffff;\">[ <a href=\"http:\/\/teucher-marcel.de\/?page_id=812\"><span style=\"color: #ffffff;\">Fotogalerie - Best Of<\/span><\/a> ]<\/span><\/p><p style=\"text-align: justify;\"><span style=\"color: #ffffff;\"><strong>02.09.2013 14.00 Uhr<\/strong><\/span><\/p><p style=\"text-align: justify;\"><span style=\"color: #ffffff;\">Meine Endplatzierung Platz 9. Weiteres folgt in K\u00fcrze :-)<\/span><\/p><p style=\"text-align: justify;\"><span style=\"color: #ffffff;\"><strong>31.08.2013 23.45 Uhr<\/strong><\/span><\/p><p style=\"text-align: justify;\"><span style=\"color: #ffffff;\">Heute liegt ein echt harter Tag hinter mir. Es lag sicher auch daren das ich nicht richtig Fit bin aber ich hab mich durchgek\u00e4mpft. Sicher keine gesunde L\u00f6sung, nun bin ich aber einmal hier...<\/span><\/p><p style=\"text-align: justify;\"><span style=\"color: #ffffff;\"><a href=\"http:\/\/teucher-marcel.de\/wp-content\/uploads\/2013\/08\/Regiment9.jpg\"><span style=\"color: #ffffff;\"><img width=\"700\" height=\"467\" class=\"aligncenter size-full wp-image-805\" alt=\"Regiment9\" src=\"http:\/\/teucher-marcel.de\/wp-content\/uploads\/2013\/08\/Regiment9.jpg\"><\/span><\/a><\/span><\/p><p style=\"text-align: justify;\"><span style=\"color: #ffffff;\">Die Tracks heute waren der Hammer. Mega geile Singletrails und viele Expert Loops die mir alle K\u00f6rner aus den Armen zogen. Ganz speziell eine Auffahrt \"V1\" hat sich \u00fcber eine Stunde hingezogen. Diesen Checkpoint haben 14 Fahrer ausgelassen und sollen eine Zeitstrafe bekommen laut Organisation. Alle die diesen Abschnitt hoch\"gefahren\" sind haben enorm Kr\u00e4fte gelassen und jedem war klar: Bei Regen keine Chance da hoch zu kommen. Ich bin dann kurz darauf ohne Sprit liegen geblieben. Habe aber von einem polnischen Fahrerkollege Sprit bekommen.Startnummer 17! Vielen Vielen Dank! Und konnte dann unter seinem begleitschutz vorsichtig zum Tankpunkt fahren. Dort hab ich fix was gegessen und Trinkrucksack nachgef\u00fcllt...<\/span><\/p><p style=\"text-align: justify;\"><span style=\"color: #ffffff;\"><a href=\"http:\/\/teucher-marcel.de\/wp-content\/uploads\/2013\/08\/Regiment10.jpg\"><span style=\"color: #ffffff;\"><img width=\"700\" height=\"467\" class=\"aligncenter size-full wp-image-806\" alt=\"Regiment10\" src=\"http:\/\/teucher-marcel.de\/wp-content\/uploads\/2013\/08\/Regiment10.jpg\"><\/span><\/a><\/span><\/p><p style=\"text-align: justify;\"><span style=\"color: #ffffff;\">Danach lief es super und ich konnte nochmal puschen und etwas verlorene Zeit aufholen. Leider gibt es noch keine Ergebnisse und kann euch noch keinen aktuellen Stand mitteilen. Wir werden sehen :) Eins ist klar, Romaniacs Style! :)<\/span><\/p><p style=\"text-align: justify;\"><span style=\"color: #ffffff;\"><a href=\"http:\/\/teucher-marcel.de\/wp-content\/uploads\/2013\/08\/Regiment11.jpg\"><span style=\"color: #ffffff;\"><img width=\"500\" height=\"667\" class=\"aligncenter size-full wp-image-807\" alt=\"Regiment11\" src=\"http:\/\/teucher-marcel.de\/wp-content\/uploads\/2013\/08\/Regiment11.jpg\"><\/span><\/a><\/span><\/p><p style=\"text-align: justify;\"><span style=\"color: #ffffff;\"><strong>30.08.2013 21.30 Uhr<\/strong><\/span><\/p><p style=\"text-align: justify;\"><span style=\"color: #ffffff;\"><a href=\"http:\/\/teucher-marcel.de\/wp-content\/uploads\/2013\/08\/Regiment6.jpg\"><span style=\"color: #ffffff;\"><img width=\"500\" height=\"750\" class=\"aligncenter size-full wp-image-800\" alt=\"Regiment6\" src=\"http:\/\/teucher-marcel.de\/wp-content\/uploads\/2013\/08\/Regiment6.jpg\"><\/span><\/a><\/span><\/p><p style=\"text-align: justify;\"><span style=\"color: #ffffff;\">Im Prolog heute lief es super. Ich f\u00fchlte mich ganz ok etwas schwach, konnte aber ein sch\u00f6nes Tempo fahren. Machte kaum Fehler aber dann verabschiedete sich meine Hinterradbremse und vermasselte mir leider das Ergebnis. Ich habe rund 5 Minuten auf die Spitze verloren. Ohne Bremse war es nicht m\u00f6glich schnell in den Downhills runterzufahren. Shit happens was will man machen. Und ich bin froh das es \u00fcberhaupt so gut funktionierte, trotz der Erk\u00e4ltung.<\/span><\/p><p style=\"text-align: justify;\"><span style=\"color: #ffffff;\"><a href=\"http:\/\/teucher-marcel.de\/wp-content\/uploads\/2013\/08\/Regiment7.jpg\"><span style=\"color: #ffffff;\"><img width=\"700\" height=\"467\" class=\"aligncenter size-full wp-image-801\" alt=\"Regiment7\" src=\"http:\/\/teucher-marcel.de\/wp-content\/uploads\/2013\/08\/Regiment7.jpg\"><\/span><\/a><\/span><\/p><p style=\"text-align: justify;\"><span style=\"color: #ffffff;\">Morgen werde ich versuchen den R\u00fcckstand aufzuholen ... wird schon :) Auf jeden Fall ist es schon wieder super cool mit den ganzen Jungs hier am Start zu sein :) Ride on!<\/span><\/p><p style=\"text-align: justify;\"><span style=\"color: #ffffff;\"><a href=\"http:\/\/teucher-marcel.de\/wp-content\/uploads\/2013\/08\/Regiment8.jpg\"><span style=\"color: #ffffff;\"><img width=\"700\" height=\"467\" class=\"aligncenter size-full wp-image-802\" alt=\"Regiment8\" src=\"http:\/\/teucher-marcel.de\/wp-content\/uploads\/2013\/08\/Regiment8.jpg\"><\/span><\/a><\/span><\/p><p style=\"text-align: justify;\"><span style=\"color: #ffffff;\"><strong>29.08.2013 17.15 Uhr<\/strong><\/span><\/p><p style=\"text-align: justify;\"><span style=\"color: #ffffff;\">Nach 15h Fahrzeit sind wir am Rennplatz zum Regiment13Cup in S\u00fcdrum\u00e4nien angekommen. Lustigerweise nur unweit vom Au\u00dfenbiwak der RedBull Romaniacs in Petrosani entfernt. Dazwischen liegen nur einige Berggipfel die wir die n\u00e4chsten 3 Tage rauf m\u00fcssen.<\/span><\/p><p style=\"text-align: justify;\"><span style=\"color: #ffffff;\">Das Wetter hier war die letzten 4 Tage sehr nass, soll aber besser werden. Ich bin gespannt ob es besser wird, denn f\u00fcr heute Abend ist ein kr\u00e4ftiges Gewitter gemeldet. Auf jedenfall ist die Landschaft hier schon wieder traumhaft. Am Bergfu\u00dfe unsere Pension ganz nah am Stausee. Heute Nachmittag steht noch die Papierabnahme auf den Programm.<\/span><\/p><p style=\"text-align: justify;\"><span style=\"color: #ffffff;\"><a href=\"http:\/\/teucher-marcel.de\/wp-content\/uploads\/2013\/08\/Regiment5.jpg\"><span style=\"color: #ffffff;\"><img width=\"500\" height=\"667\" class=\"aligncenter size-full wp-image-797\" alt=\"Regiment5\" src=\"http:\/\/teucher-marcel.de\/wp-content\/uploads\/2013\/08\/Regiment5.jpg\"><\/span><\/a><\/span><\/p><p style=\"text-align: justify;\"><span style=\"color: #ffffff;\">Ich hoffe das sich meine Erk\u00e4ltung noch etwas verzieht die ich mir letzte Woche beim Wiesellauf eingefangen haben...Ich f\u00fchle mich gar nicht gut, auch Maik scheint sich was eingefangen zu haben. Wir haben ein Zimmer zusammen, sozusagen unter quarant\u00e4ne... Morgen gibt es dann News, wie es im Prolog so gelaufen ist. Euer Marcel<\/span><\/p><p style=\"text-align: justify;\"><span style=\"color: #ffffff;\"><a href=\"http:\/\/teucher-marcel.de\/wp-content\/uploads\/2013\/08\/Regiment1.jpg\"><span style=\"color: #ffffff;\"><img width=\"700\" height=\"467\" class=\"aligncenter size-full wp-image-790\" alt=\"Regiment1\" src=\"http:\/\/teucher-marcel.de\/wp-content\/uploads\/2013\/08\/Regiment1.jpg\"><\/span><\/a><\/span><\/p><p style=\"text-align: justify;\"><span style=\"color: #ffffff;\"><a href=\"http:\/\/teucher-marcel.de\/wp-content\/uploads\/2013\/08\/Regiment2.jpg\"><span style=\"color: #ffffff;\"><img width=\"700\" height=\"467\" class=\"aligncenter size-full wp-image-791\" alt=\"Regiment2\" src=\"http:\/\/teucher-marcel.de\/wp-content\/uploads\/2013\/08\/Regiment2.jpg\"><\/span><\/a><\/span><\/p><p style=\"text-align: justify;\"><span style=\"color: #ffffff;\"><a href=\"http:\/\/teucher-marcel.de\/wp-content\/uploads\/2013\/08\/Regiment3.jpg\"><span style=\"color: #ffffff;\"><img width=\"700\" height=\"467\" class=\"aligncenter size-full wp-image-794\" alt=\"Regiment3\" src=\"http:\/\/teucher-marcel.de\/wp-content\/uploads\/2013\/08\/Regiment3.jpg\"><\/span><\/a><\/span><\/p><p style=\"text-align: justify;\"><span style=\"color: #ffffff;\"><a href=\"http:\/\/teucher-marcel.de\/wp-content\/uploads\/2013\/08\/Regiment4.jpg\"><span style=\"color: #ffffff;\"><img width=\"700\" height=\"467\" class=\"size-full wp-image-795\" alt=\"Regiment4\" src=\"http:\/\/teucher-marcel.de\/wp-content\/uploads\/2013\/08\/Regiment4.jpg\"><\/span><\/a><\/span><\/p>\t\t<\/div>\r\n\r\n\t\t\n\t\t\t\t<\/div><!-- .dslc-module -->\n\t\t<\/div> <\/div><\/div> \n\t\t<div  class=\"dslc-modules-section \" style=\"padding-bottom:21px;padding-top:21px;\" data-section-id=\"\">\n\t\t\t\t\n\t\t\t\t\n\t\t\t\t<div class=\"dslc-modules-section-wrapper dslc-clearfix\"> <div class=\"dslc-modules-area dslc-col dslc-12-col dslc-last-col\" data-size=\"12\" data-valign=\"\">\n\t\t<div id=\"dslc-module-387\" class=\"dslc-module-front dslc-module-DSLC_Navigation dslc-in-viewport-check dslc-in-viewport-anim-none  dslc-col dslc-12-col  dslc-module-handle-like-regular \" data-module-id=\"387\" data-module=\"DSLC_Navigation\" data-dslc-module-size=\"12\" data-dslc-anim=\"none\" data-dslc-anim-delay=\"0\" data-dslc-anim-duration=\"650\"  data-dslc-anim-easing=\"default\" data-dslc-preset=\"none\" >\n\n\t\t\t\n\t\t\t\n\t\t\t\t\t<div class=\"dslc-navigation dslc-navigation-sub-position-default dslc-navigation-res-t-disabled dslc-navigation-res-p-disabled dslc-navigation-orientation-horizontal\">\r\n\t\t\t\t<div class=\"dslc-navigation-inner\">\r\n\t\t\t\t\t<div class=\"menu-2-container\"><ul id=\"menu-3\" class=\"menu\"><li class=\"menu-item menu-item-type-custom menu-item-object-custom menu-item-home menu-item-5379\"><a href=\"http:\/\/teucher-marcel.de\">Home<\/a><\/li>\n<li class=\"menu-item menu-item-type-post_type menu-item-object-page menu-item-has-children menu-item-5380\"><a href=\"https:\/\/teucher-marcel.de\/?page_id=183\">News<\/a>\n<ul class=\"sub-menu\">\n\t<li class=\"menu-item menu-item-type-post_type menu-item-object-page menu-item-7382\"><a href=\"https:\/\/teucher-marcel.de\/?page_id=7378\">News 2026<\/a><\/li>\n\t<li class=\"menu-item menu-item-type-post_type menu-item-object-page menu-item-7321\"><a href=\"https:\/\/teucher-marcel.de\/?page_id=7319\">News 2025<\/a><\/li>\n\t<li class=\"menu-item menu-item-type-post_type menu-item-object-page menu-item-7228\"><a href=\"https:\/\/teucher-marcel.de\/?page_id=7225\">News 2024<\/a><\/li>\n\t<li class=\"menu-item menu-item-type-post_type menu-item-object-page menu-item-7189\"><a href=\"https:\/\/teucher-marcel.de\/?page_id=7175\">News 2022<\/a><\/li>\n\t<li class=\"menu-item menu-item-type-post_type menu-item-object-page menu-item-7155\"><a href=\"https:\/\/teucher-marcel.de\/?page_id=7153\">News 2021<\/a><\/li>\n\t<li class=\"menu-item menu-item-type-post_type menu-item-object-page menu-item-7047\"><a href=\"https:\/\/teucher-marcel.de\/?page_id=7044\">News 2020<\/a><\/li>\n\t<li class=\"menu-item menu-item-type-post_type menu-item-object-page menu-item-6826\"><a href=\"https:\/\/teucher-marcel.de\/?page_id=6824\">News 2019<\/a><\/li>\n\t<li class=\"menu-item menu-item-type-post_type menu-item-object-page menu-item-6388\"><a href=\"https:\/\/teucher-marcel.de\/?page_id=6363\">News  2018<\/a><\/li>\n\t<li class=\"menu-item menu-item-type-post_type menu-item-object-page menu-item-5909\"><a href=\"https:\/\/teucher-marcel.de\/?page_id=5907\">News 2017<\/a><\/li>\n\t<li class=\"menu-item menu-item-type-post_type menu-item-object-page menu-item-5381\"><a href=\"https:\/\/teucher-marcel.de\/?page_id=4880\">News 2016<\/a><\/li>\n\t<li class=\"menu-item menu-item-type-post_type menu-item-object-page menu-item-5382\"><a href=\"https:\/\/teucher-marcel.de\/?page_id=3865\">News 2015<\/a><\/li>\n\t<li class=\"menu-item menu-item-type-post_type menu-item-object-page menu-item-5383\"><a href=\"https:\/\/teucher-marcel.de\/?page_id=1066\">News 2014<\/a><\/li>\n\t<li class=\"menu-item menu-item-type-post_type menu-item-object-page menu-item-5385\"><a href=\"https:\/\/teucher-marcel.de\/?page_id=185\">News 2013<\/a><\/li>\n\t<li class=\"menu-item menu-item-type-post_type menu-item-object-page menu-item-5384\"><a href=\"https:\/\/teucher-marcel.de\/?page_id=315\">News 2012<\/a><\/li>\n<\/ul>\n<\/li>\n<li class=\"menu-item menu-item-type-post_type menu-item-object-page menu-item-5386\"><a href=\"https:\/\/teucher-marcel.de\/?page_id=5282\">Sportliche Laufbahn<\/a><\/li>\n<li class=\"menu-item menu-item-type-post_type menu-item-object-page menu-item-5387\"><a href=\"https:\/\/teucher-marcel.de\/?page_id=78\">Sponsoren<\/a><\/li>\n<li class=\"menu-item menu-item-type-post_type menu-item-object-page menu-item-has-children menu-item-5388\"><a href=\"https:\/\/teucher-marcel.de\/?page_id=4051\">Media<\/a>\n<ul class=\"sub-menu\">\n\t<li class=\"menu-item menu-item-type-custom menu-item-object-custom menu-item-7229\"><a href=\"https:\/\/www.instagram.com\/marcelteucher25\/\">Instagram<\/a><\/li>\n\t<li class=\"menu-item menu-item-type-custom menu-item-object-custom menu-item-5390\"><a href=\"http:\/\/teucher-marcel.de\/?page_id=710\">Fotogalerie<\/a><\/li>\n\t<li class=\"menu-item menu-item-type-post_type menu-item-object-page menu-item-5391\"><a href=\"https:\/\/teucher-marcel.de\/?page_id=4048\">Video<\/a><\/li>\n\t<li class=\"menu-item menu-item-type-post_type menu-item-object-page menu-item-5392\"><a href=\"https:\/\/teucher-marcel.de\/?page_id=537\">Presseberichte<\/a><\/li>\n\t<li class=\"menu-item menu-item-type-post_type menu-item-object-page menu-item-5393\"><a href=\"https:\/\/teucher-marcel.de\/?page_id=1165\">Mediaservice<\/a><\/li>\n<\/ul>\n<\/li>\n<li class=\"menu-item menu-item-type-post_type menu-item-object-page menu-item-5395\"><a href=\"https:\/\/teucher-marcel.de\/?page_id=749\">EnduroPro<\/a><\/li>\n<li class=\"menu-item menu-item-type-post_type menu-item-object-page menu-item-5397\"><a href=\"https:\/\/teucher-marcel.de\/?page_id=3948\">Impressum\/Kontakt<\/a><\/li>\n<\/ul><\/div>\r\n\t\t\t\t\t\t\t\t\t<\/div>\r\n\t\t\t<\/div>\r\n\t\t\t<div class=\"dslc-mobile-navigation dslc-navigation-res-t-disabled  dslc-navigation-res-p-disabled\">\r\n\t\t\t\t<select><option>- Select -<\/option><option value=\"http:\/\/teucher-marcel.de\" >Home<\/option><option value=\"https:\/\/teucher-marcel.de\/?page_id=183\" >News<\/option><option value=\"https:\/\/teucher-marcel.de\/?page_id=7378\" >News 2026<\/option><option value=\"https:\/\/teucher-marcel.de\/?page_id=7319\" >News 2025<\/option><option value=\"https:\/\/teucher-marcel.de\/?page_id=7225\" >News 2024<\/option><option value=\"https:\/\/teucher-marcel.de\/?page_id=7175\" >News 2022<\/option><option value=\"https:\/\/teucher-marcel.de\/?page_id=7153\" >News 2021<\/option><option value=\"https:\/\/teucher-marcel.de\/?page_id=7044\" >News 2020<\/option><option value=\"https:\/\/teucher-marcel.de\/?page_id=6824\" >News 2019<\/option><option value=\"https:\/\/teucher-marcel.de\/?page_id=6363\" >News  2018<\/option><option value=\"https:\/\/teucher-marcel.de\/?page_id=5907\" >News 2017<\/option><option value=\"https:\/\/teucher-marcel.de\/?page_id=4880\" >News 2016<\/option><option value=\"https:\/\/teucher-marcel.de\/?page_id=3865\" >News 2015<\/option><option value=\"https:\/\/teucher-marcel.de\/?page_id=1066\" > - News 2014<\/option><option value=\"https:\/\/teucher-marcel.de\/?page_id=185\" > - News 2013<\/option><option value=\"https:\/\/teucher-marcel.de\/?page_id=315\" > - News 2012<\/option><option value=\"https:\/\/teucher-marcel.de\/?page_id=5282\" >Sportliche Laufbahn<\/option><option value=\"https:\/\/teucher-marcel.de\/?page_id=78\" >Sponsoren<\/option><option value=\"https:\/\/teucher-marcel.de\/?page_id=4051\" >Media<\/option><option value=\"https:\/\/www.instagram.com\/marcelteucher25\/\" >Instagram<\/option><option value=\"http:\/\/teucher-marcel.de\/?page_id=710\" >Fotogalerie<\/option><option value=\"https:\/\/teucher-marcel.de\/?page_id=4048\" >Video<\/option><option value=\"https:\/\/teucher-marcel.de\/?page_id=537\" >Presseberichte<\/option><option value=\"https:\/\/teucher-marcel.de\/?page_id=1165\" >Mediaservice<\/option><option value=\"https:\/\/teucher-marcel.de\/?page_id=749\" >EnduroPro<\/option><option value=\"https:\/\/teucher-marcel.de\/?page_id=3948\" >Impressum\/Kontakt<\/option><\/select>\r\n\t\t\t\t<div class=\"dslc-mobile-navigation-hook\"><span class=\"dslc-icon dslc-icon-reorder\"><\/span><\/div>\r\n\t\t\t<\/div><!-- .dslc-mobile-navigation -->\r\n\r\n\t\t\t\r\n\t\t\t<script type=\"text\/javascript\">\r\n\t\t\t\tvar menuItems = document.querySelectorAll( '.dslc-navigation .menu > li.menu-item-has-children:not(.menu-with-arrow) > a' );\r\n\r\n\t\t\t\tfor (var i = 0, len = menuItems.length; i < len; i++) {\r\n\t\t\t\t  menuItems[i].insertAdjacentHTML('afterend', '<span class=\"dslc-navigation-arrow dslc-icon dslc-icon-chevron-down\"><\/span>');\r\n\t\t\t\t  menuItems[i].parentElement.className += \" menu-with-arrow\";\r\n\t\t\t\t}\r\n\t\t\t<\/script>\r\n\t\t\t\n\t\t\t\t<\/div><!-- .dslc-module -->\n\t\t<\/div> <\/div><\/div> <\/div><input type=\"hidden\" id=\"dslca-post-data-thumb\" value=\"\" \/>","protected":false},"excerpt":{"rendered":"<p>LIVE: Regiment 13 Cup Update: 05.09. 13.00 Uhr Video Prolog 05.09.2013 13.00 Uhr03.09.2013 11.15 Uhr Das Regiment 13 Enduro hat seinen Ursprung im Banater Grenzregiments Nr. 13. Im Jahre 1767 wurde es von den \u00d6sterreichern gegr\u00fcndet, um die damalige Grenze zum Osmanischen Reich zu bewachen. Es waren Einheimische, die das ganze Banater Bergland als Bezirk [&hellip;]<\/p>\n","protected":false},"author":1,"featured_media":783,"parent":0,"menu_order":0,"comment_status":"closed","ping_status":"closed","template":"fullpage.php","meta":{"ngg_post_thumbnail":0,"footnotes":"","_links_to":"","_links_to_target":""},"class_list":["post-781","page","type-page","status-publish","has-post-thumbnail","hentry"],"_links":{"self":[{"href":"https:\/\/teucher-marcel.de\/index.php?rest_route=\/wp\/v2\/pages\/781","targetHints":{"allow":["GET"]}}],"collection":[{"href":"https:\/\/teucher-marcel.de\/index.php?rest_route=\/wp\/v2\/pages"}],"about":[{"href":"https:\/\/teucher-marcel.de\/index.php?rest_route=\/wp\/v2\/types\/page"}],"author":[{"embeddable":true,"href":"https:\/\/teucher-marcel.de\/index.php?rest_route=\/wp\/v2\/users\/1"}],"replies":[{"embeddable":true,"href":"https:\/\/teucher-marcel.de\/index.php?rest_route=%2Fwp%2Fv2%2Fcomments&post=781"}],"version-history":[{"count":2,"href":"https:\/\/teucher-marcel.de\/index.php?rest_route=\/wp\/v2\/pages\/781\/revisions"}],"predecessor-version":[{"id":1460,"href":"https:\/\/teucher-marcel.de\/index.php?rest_route=\/wp\/v2\/pages\/781\/revisions\/1460"}],"wp:featuredmedia":[{"embeddable":true,"href":"https:\/\/teucher-marcel.de\/index.php?rest_route=\/"}],"wp:attachment":[{"href":"https:\/\/teucher-marcel.de\/index.php?rest_route=%2Fwp%2Fv2%2Fmedia&parent=781"}],"curies":[{"name":"wp","href":"https:\/\/api.w.org\/{rel}","templated":true}]}}